{"id":101,"date":"2022-05-20T21:22:01","date_gmt":"2022-05-20T12:22:01","guid":{"rendered":"http:\/\/inter-edu.co.jp\/vn\/?page_id=101"},"modified":"2022-07-21T22:35:17","modified_gmt":"2022-07-21T13:35:17","slug":"faq","status":"publish","type":"page","link":"https:\/\/inter-edu.co.jp\/vn\/faq\/","title":{"rendered":"C\u00e2u h\u1ecfi th\u01b0\u1eddng g\u1eb7p"},"content":{"rendered":"<div>\n<dl>\n<dt>Nh\u00e0 tr\u01b0\u1eddng c\u00f3 gi\u1edbi h\u1ea1n \u0111\u1ed9 tu\u1ed5i nh\u1eadp h\u1ecdc kh\u00f4ng?<\/dt>\n<dd>V\u1ec1 nguy\u00ean t\u1eafc, ph\u1ea3i \u0111\u1ee7 17 tu\u1ed5i tr\u1edf l\u00ean m\u1edbi \u0111\u01b0\u1ee3c nh\u1eadp h\u1ecdc v\u00e0o tr\u01b0\u1eddng ch\u00fang t\u00f4i.<\/dd>\n<\/dl>\n<dl>\n<dt>K\u1ec3 c\u1ea3 ng\u01b0\u1eddi ch\u01b0a t\u1eebng h\u1ecdc ti\u1ebfng Nh\u1eadt c\u0169ng c\u00f3 th\u1ec3 nh\u1eadp h\u1ecdc \u00e0?<\/dt>\n<dd>\u00cdt nh\u1ea5t, b\u1ea1n c\u1ea7n \u0111\u1ecdc vi\u1ebft hiragana v\u00e0 katakana th\u00e0nh th\u1ea1o, s\u1eed d\u1ee5ng \u0111\u01b0\u1ee3c ti\u1ebfng Nh\u1eadt \u0111\u01a1n gi\u1ea3n nh\u01b0 ch\u00e0o h\u1ecfi v\u00e0 gi\u1edbi thi\u1ec7u b\u1ea3n th\u00e2n. \u0110i\u1ec1u n\u00e0y l\u00e0 do ti\u00eau chu\u1ea9n \u0111\u1ec3 xin visa du h\u1ecdc l\u00e0 ph\u1ea3i c\u00f3 th\u1eddi gian h\u1ecdc ti\u1ebfng Nh\u1eadt t\u1ed1i thi\u1ec3u 150 gi\u1edd. \u0110i\u1ec1u n\u00e0y c\u0169ng c\u1ea7n thi\u1ebft cho vi\u1ec7c h\u1ecdc t\u1eadp v\u00e0 sinh s\u1ed1ng c\u1ee7a b\u1ea1n t\u1ea1i Nh\u1eadt B\u1ea3n.<\/dd>\n<\/dl>\n<dl>\n<dt>C\u00f3 th\u1ec3 nh\u1eadp h\u1ecdc b\u1ea5t k\u1ef3 l\u00fac n\u00e0o \u00e0?<\/dt>\n<dd>Ch\u00fang t\u00f4i c\u00f3 quy \u0111\u1ecbnh th\u1eddi gian nh\u1eadp h\u1ecdc.<br \/>\n1 n\u0103m c\u00f3 4 l\u1ea7n v\u00e0o th\u00e1ng 1, th\u00e1ng 4, th\u00e1ng 7, th\u00e1ng 10.<\/dd>\n<\/dl>\n<dl>\n<dt>Nh\u00e0 tr\u01b0\u1eddng c\u00f3 c\u00e1c kh\u00f3a h\u1ecdc n\u00e0o?<\/dt>\n<dd>Ch\u00fang t\u00f4i c\u00f3 kh\u00f3a 1 n\u0103m, kh\u00f3a 2 n\u0103m.<br \/>\nTh\u1eddi gian k\u1ebft th\u00fac kh\u00f3a h\u1ecdc s\u1ebd kh\u00e1c nhau t\u00f9y theo th\u1eddi gian nh\u1eadp h\u1ecdc.<a href=\"http:\/\/inter-edu.co.jp\/vn\/school\/about\">V\u1ec1 chi ti\u1ebft, vui l\u00f2ng tham kh\u1ea3o link sau<\/a>.<\/dd>\n<\/dl>\n<dl>\n<dt>Th\u1ee7 t\u1ee5c nh\u1eadp h\u1ecdc \u0111\u01b0\u1ee3c th\u1ef1c hi\u1ec7n nh\u01b0 th\u1ebf n\u00e0o?<\/dt>\n<dd>\u0110\u1ec3 xin visa du h\u1ecdc, ch\u00fang t\u00f4i s\u1ebd l\u00e0m th\u1ee7 t\u1ee5c kho\u1ea3ng 6 th\u00e1ng tr\u01b0\u1edbc th\u1eddi gian nh\u1eadp h\u1ecdc mong mu\u1ed1n c\u1ee7a b\u1ea1n. <br \/>\nV\u1ec1 gi\u1ea5y t\u1edd c\u1ea7n thi\u1ebft \u0111\u1ec3 xin visa du h\u1ecdc, vui l\u00f2ng xem trang sau \u0111\u00e2y.<\/p>\n<p><a href=\"http:\/\/inter-edu.co.jp\/vn\/download\">Trang t\u1ea3i xu\u1ed1ng<\/a><\/p>\n<p>Tr\u01b0\u1eddng h\u1ee3p kh\u00f4ng c\u1ea7n xin visa du h\u1ecdc (L\u00e0 ng\u01b0\u1eddi \u0111\u00e3 c\u00f3 t\u01b0 c\u00e1ch l\u01b0u tr\u00fa c\u00f3 th\u1ec3 \u1edf l\u1ea1i Nh\u1eadt B\u1ea3n (v\u00ed d\u1ee5 \u1edf c\u00f9ng gia \u0111\u00ecnh, Th\u1ecb th\u1ef1c lao \u0111\u1ed9ng k\u1ebft h\u1ee3p k\u1ef3 ngh\u1ec9, v.v.), ch\u00fang t\u00f4i s\u1ebd ti\u1ebfp nh\u1eadn \u0110\u01a1n xin nh\u1eadp h\u1ecdc 1 th\u00e1ng tr\u01b0\u1edbc th\u1eddi gian nh\u1eadp h\u1ecdc.<\/dd>\n<\/dl>\n<\/div>\n","protected":false},"excerpt":{"rendered":"<p>Nh\u00e0 tr\u01b0\u1eddng c\u00f3 gi\u1edbi h\u1ea1n \u0111\u1ed9 tu\u1ed5i nh\u1eadp h\u1ecdc kh\u00f4ng? V\u1ec1 nguy\u00ean t\u1eafc, ph\u1ea3i \u0111\u1ee7 17 tu\u1ed5i tr\u1edf l\u00ean m\u1edbi \u0111\u01b0\u1ee3c nh\u1eadp h\u1ecdc v\u00e0o tr\u01b0\u1eddng ch\u00fang t\u00f4i. K\u1ec3 c\u1ea3 ng\u01b0\u1eddi ch\u01b0a t\u1eebng h\u1ecdc ti\u1ebfng Nh\u1eadt c\u0169ng c\u00f3 th\u1ec3 nh\u1eadp h\u1ecdc \u00e0? \u00cdt nh\u1ea5t, b\u1ea1n c\u1ea7n \u0111\u1ecdc vi\u1ebft hiragana v\u00e0 katakana th\u00e0nh th\u1ea1o, s\u1eed d\u1ee5ng \u0111\u01b0\u1ee3c&#8230;<\/p>\n","protected":false},"author":1,"featured_media":0,"parent":0,"menu_order":0,"comment_status":"closed","ping_status":"closed","template":"","meta":{"footnotes":""},"tags":[],"aioseo_notices":[],"_links":{"self":[{"href":"https:\/\/inter-edu.co.jp\/vn\/wp-json\/wp\/v2\/pages\/101"}],"collection":[{"href":"https:\/\/inter-edu.co.jp\/vn\/wp-json\/wp\/v2\/pages"}],"about":[{"href":"https:\/\/inter-edu.co.jp\/vn\/wp-json\/wp\/v2\/types\/page"}],"author":[{"embeddable":true,"href":"https:\/\/inter-edu.co.jp\/vn\/wp-json\/wp\/v2\/users\/1"}],"replies":[{"embeddable":true,"href":"https:\/\/inter-edu.co.jp\/vn\/wp-json\/wp\/v2\/comments?post=101"}],"version-history":[{"count":2,"href":"https:\/\/inter-edu.co.jp\/vn\/wp-json\/wp\/v2\/pages\/101\/revisions"}],"predecessor-version":[{"id":186,"href":"https:\/\/inter-edu.co.jp\/vn\/wp-json\/wp\/v2\/pages\/101\/revisions\/186"}],"wp:attachment":[{"href":"https:\/\/inter-edu.co.jp\/vn\/wp-json\/wp\/v2\/media?parent=101"}],"wp:term":[{"taxonomy":"post_tag","embeddable":true,"href":"https:\/\/inter-edu.co.jp\/vn\/wp-json\/wp\/v2\/tags?post=101"}],"curies":[{"name":"wp","href":"https:\/\/api.w.org\/{rel}","templated":true}]}}