{"id":23,"date":"2022-05-18T19:56:23","date_gmt":"2022-05-18T10:56:23","guid":{"rendered":"http:\/\/inter-edu.co.jp\/vn\/?page_id=23"},"modified":"2022-07-20T22:01:57","modified_gmt":"2022-07-20T13:01:57","slug":"school","status":"publish","type":"page","link":"https:\/\/inter-edu.co.jp\/vn\/school\/","title":{"rendered":"V\u1ec1 Nh\u00e0 tr\u01b0\u1eddng"},"content":{"rendered":"<p><img loading=\"lazy\" decoding=\"async\" src=\"http:\/\/inter-edu.co.jp\/vn\/wp-content\/uploads\/sites\/4\/2022\/07\/school_01.jpg\" alt=\"\" width=\"700\" height=\"200\" class=\"aligncenter size-full wp-image-122\" srcset=\"https:\/\/inter-edu.co.jp\/vn\/wp-content\/uploads\/sites\/4\/2022\/07\/school_01.jpg 700w, https:\/\/inter-edu.co.jp\/vn\/wp-content\/uploads\/sites\/4\/2022\/07\/school_01-300x86.jpg 300w\" sizes=\"(max-width: 700px) 100vw, 700px\" \/><\/p>\n<p><iframe loading=\"lazy\" title=\"H\u1ecdc vi\u1ec7n gi\u00e1o d\u1ee5c qu\u1ed1c t\u1ebf Osaka  Gi\u1edbi thi\u1ec7u nh\u00e0 tr\u01b0\u1eddng (H\u1ecdc ti\u1ebfng Nh\u1eadt \u0111\u1ec3 c\u00f3 t\u01b0\u01a1ng lai t\u01b0\u01a1i s\u00e1ng - Beyond Japanese learning, moving forward to a bright future\uff09\" width=\"500\" height=\"281\" src=\"https:\/\/www.youtube.com\/embed\/oKbXVCjYHcA?feature=oembed\" frameborder=\"0\" allow=\"accelerometer; autoplay; encrypted-media; gyroscope; picture-in-picture\" allowfullscreen><\/iframe><\/p>\n<p>N\u01a1i \u0111\u00e2y \u0111\u01b0\u1ee3c thi\u00ean nhi\u00ean \u01b0u \u0111\u00e3i su\u1ed1t b\u1ed1n m\u00f9a. C\u00f3 nhi\u1ec1u di s\u1ea3n \u0111\u01b0\u1ee3c b\u1ed3i \u0111\u1eafp trong qu\u00e1 tr\u00ecnh l\u1ecbch s\u1eed. C\u00f3 nhi\u1ec1u c\u00f4ng ngh\u1ec7 ti\u00ean ti\u1ebfn. C\u00f3 n\u1ec1n v\u0103n h\u00f3a s\u00e1ng t\u1ea1o. C\u1ea3nh \u0111\u1eb9p v\u00e0 th\u1ee9c \u0103n ngon. Con ng\u01b0\u1eddi gi\u00e0u l\u00f2ng hi\u1ebfu kh\u00e1ch. M\u1ecdi ng\u01b0\u1eddi tr\u00ean th\u1ebf gi\u1edbi ng\u00e0y c\u00e0ng quan t\u00e2m nhi\u1ec1u h\u01a1n v\u1ec1 Nh\u1eadt B\u1ea3n. Ng\u00e0y c\u00e0ng c\u00f3 nhi\u1ec1u ng\u01b0\u1eddi theo h\u1ecdc ti\u1ebfng Nh\u1eadt &#8211; m\u1ed9t ng\u00f4n ng\u1eef v\u00f4 c\u00f9ng h\u1ea5p d\u1eabn. N\u1ebfu b\u1ea1n mu\u1ed1n h\u1ecdc ti\u1ebfng Nh\u1eadt, b\u1ea1n c\u00f3 mu\u1ed1n s\u1ebd h\u1ecdc ti\u1ebfng Nh\u1eadt \u0111\u1ec3 c\u00f3 th\u1ec3 s\u1eed d\u1ee5ng \u0111\u00fang, c\u00f3 th\u1ec3 v\u1eadn d\u1ee5ng t\u1ed1i \u0111a kh\u1ea3 n\u0103ng ti\u1ebfng Nh\u1eadt \u0111\u00e3 h\u1ecdc cho vi\u1ec7c h\u1ecdc ti\u1ebfp l\u00ean cao ho\u1eb7c \u0111i l\u00e0m sau n\u00e0y? H\u1ecdc vi\u1ec7n gi\u00e1o d\u1ee5c qu\u1ed1c t\u1ebf Osaka l\u00e0 tr\u01b0\u1eddng d\u1ea1y ti\u1ebfng Nh\u1eadt d\u00e0nh cho du h\u1ecdc sinh qu\u1ed1c t\u1ebf, ngo\u00e0i vi\u1ec7c gi\u00fap h\u1ecdc vi\u00ean h\u1ecdc v\u00e0 n\u00e2ng cao kh\u1ea3 n\u0103ng ti\u1ebfng Nh\u1eadt, ch\u00fang t\u00f4i c\u00f2n \u0111\u00e0o t\u1ea1o ti\u1ebfng Nh\u1eadt nh\u1eb1m gi\u00fap h\u1ecdc vi\u00ean h\u1ecdc ti\u1ebfp l\u00ean cao v\u00e0 t\u00ecm ki\u1ebfm vi\u1ec7c l\u00e0m.<\/p>\n<p><img decoding=\"async\" loading=\"lazy\" src=\"http:\/\/inter-edu.co.jp\/wp-content\/uploads\/2019\/05\/osakajo.jpg\" alt=\"\" width=\"640\" height=\"426\" class=\"aligncenter size-full wp-image-443\" srcset=\"http:\/\/inter-edu.co.jp\/wp-content\/uploads\/2019\/05\/osakajo.jpg 640w, http:\/\/inter-edu.co.jp\/wp-content\/uploads\/2019\/05\/osakajo-300x200.jpg 300w\" sizes=\"(max-width: 640px) 100vw, 640px\" \/><\/p>\n<p><img loading=\"lazy\" decoding=\"async\" src=\"http:\/\/inter-edu.co.jp\/vn\/wp-content\/uploads\/sites\/4\/2022\/07\/school_02.jpg\" alt=\"\" width=\"700\" height=\"120\" class=\"aligncenter size-full wp-image-126\" srcset=\"https:\/\/inter-edu.co.jp\/vn\/wp-content\/uploads\/sites\/4\/2022\/07\/school_02.jpg 700w, https:\/\/inter-edu.co.jp\/vn\/wp-content\/uploads\/sites\/4\/2022\/07\/school_02-300x51.jpg 300w\" sizes=\"(max-width: 700px) 100vw, 700px\" \/><\/p>\n<p><img loading=\"lazy\" decoding=\"async\" src=\"http:\/\/inter-edu.co.jp\/vn\/wp-content\/uploads\/sites\/4\/2022\/07\/recruit.jpg\" alt=\"\" width=\"700\" height=\"438\" class=\"aligncenter size-full wp-image-128\" srcset=\"https:\/\/inter-edu.co.jp\/vn\/wp-content\/uploads\/sites\/4\/2022\/07\/recruit.jpg 700w, https:\/\/inter-edu.co.jp\/vn\/wp-content\/uploads\/sites\/4\/2022\/07\/recruit-300x188.jpg 300w\" sizes=\"(max-width: 700px) 100vw, 700px\" \/><\/p>\n<p><img loading=\"lazy\" decoding=\"async\" src=\"http:\/\/inter-edu.co.jp\/vn\/wp-content\/uploads\/sites\/4\/2022\/07\/recruit2.jpg\" alt=\"\" width=\"700\" height=\"468\" class=\"aligncenter size-full wp-image-130\" srcset=\"https:\/\/inter-edu.co.jp\/vn\/wp-content\/uploads\/sites\/4\/2022\/07\/recruit2.jpg 700w, https:\/\/inter-edu.co.jp\/vn\/wp-content\/uploads\/sites\/4\/2022\/07\/recruit2-300x201.jpg 300w\" sizes=\"(max-width: 700px) 100vw, 700px\" \/><\/p>\n","protected":false},"excerpt":{"rendered":"<p>N\u01a1i \u0111\u00e2y \u0111\u01b0\u1ee3c thi\u00ean nhi\u00ean \u01b0u \u0111\u00e3i su\u1ed1t b\u1ed1n m\u00f9a. C\u00f3 nhi\u1ec1u di s\u1ea3n \u0111\u01b0\u1ee3c b\u1ed3i \u0111\u1eafp trong qu\u00e1 tr\u00ecnh l\u1ecbch s\u1eed. C\u00f3 nhi\u1ec1u c\u00f4ng ngh\u1ec7 ti\u00ean ti\u1ebfn. C\u00f3 n\u1ec1n v\u0103n h\u00f3a s\u00e1ng t\u1ea1o. C\u1ea3nh \u0111\u1eb9p v\u00e0 th\u1ee9c \u0103n ngon. Con ng\u01b0\u1eddi gi\u00e0u l\u00f2ng hi\u1ebfu kh\u00e1ch. M\u1ecdi ng\u01b0\u1eddi tr\u00ean th\u1ebf gi\u1edbi ng\u00e0y c\u00e0ng quan t\u00e2m&#8230;<\/p>\n","protected":false},"author":1,"featured_media":0,"parent":0,"menu_order":0,"comment_status":"closed","ping_status":"closed","template":"","meta":{"footnotes":""},"tags":[],"aioseo_notices":[],"_links":{"self":[{"href":"https:\/\/inter-edu.co.jp\/vn\/wp-json\/wp\/v2\/pages\/23"}],"collection":[{"href":"https:\/\/inter-edu.co.jp\/vn\/wp-json\/wp\/v2\/pages"}],"about":[{"href":"https:\/\/inter-edu.co.jp\/vn\/wp-json\/wp\/v2\/types\/page"}],"author":[{"embeddable":true,"href":"https:\/\/inter-edu.co.jp\/vn\/wp-json\/wp\/v2\/users\/1"}],"replies":[{"embeddable":true,"href":"https:\/\/inter-edu.co.jp\/vn\/wp-json\/wp\/v2\/comments?post=23"}],"version-history":[{"count":7,"href":"https:\/\/inter-edu.co.jp\/vn\/wp-json\/wp\/v2\/pages\/23\/revisions"}],"predecessor-version":[{"id":131,"href":"https:\/\/inter-edu.co.jp\/vn\/wp-json\/wp\/v2\/pages\/23\/revisions\/131"}],"wp:attachment":[{"href":"https:\/\/inter-edu.co.jp\/vn\/wp-json\/wp\/v2\/media?parent=23"}],"wp:term":[{"taxonomy":"post_tag","embeddable":true,"href":"https:\/\/inter-edu.co.jp\/vn\/wp-json\/wp\/v2\/tags?post=23"}],"curies":[{"name":"wp","href":"https:\/\/api.w.org\/{rel}","templated":true}]}}