{"id":32,"date":"2022-05-18T20:14:30","date_gmt":"2022-05-18T11:14:30","guid":{"rendered":"http:\/\/inter-edu.co.jp\/vn\/?page_id=32"},"modified":"2022-07-27T16:56:06","modified_gmt":"2022-07-27T07:56:06","slug":"about","status":"publish","type":"page","link":"https:\/\/inter-edu.co.jp\/vn\/school\/about\/","title":{"rendered":"Kh\u00e1i qu\u00e1t v\u1ec1 nh\u00e0 tr\u01b0\u1eddng"},"content":{"rendered":"<p><img loading=\"lazy\" decoding=\"async\" src=\"http:\/\/inter-edu.co.jp\/vn\/wp-content\/uploads\/sites\/4\/2022\/07\/gaiyo_01.jpg\" alt=\"\" width=\"700\" height=\"100\" class=\"aligncenter size-full wp-image-132\" srcset=\"https:\/\/inter-edu.co.jp\/vn\/wp-content\/uploads\/sites\/4\/2022\/07\/gaiyo_01.jpg 700w, https:\/\/inter-edu.co.jp\/vn\/wp-content\/uploads\/sites\/4\/2022\/07\/gaiyo_01-300x43.jpg 300w\" sizes=\"(max-width: 700px) 100vw, 700px\" \/><\/p>\n<p><img loading=\"lazy\" decoding=\"async\" class=\"aligncenter size-full wp-image-525\" src=\"http:\/\/inter-edu.co.jp\/wp-content\/uploads\/2019\/06\/pixta_36028521_S.jpg\" sizes=\"(max-width: 640px) 100vw, 640px\" srcset=\"http:\/\/inter-edu.co.jp\/wp-content\/uploads\/2019\/06\/pixta_36028521_S.jpg 640w, http:\/\/inter-edu.co.jp\/wp-content\/uploads\/2019\/06\/pixta_36028521_S-300x200.jpg 300w\" alt=\"\" width=\"640\" height=\"426\" \/><\/p>\n<h2 class=\"ttl_h2\">C\u00e1c b\u1ea1n c\u00f3 th\u1ec3 ch\u1ecdn k\u1ef3 nh\u1eadp h\u1ecdc ph\u00f9 h\u1ee3p v\u1edbi k\u1ebf ho\u1ea1ch du h\u1ecdc c\u1ee7a m\u00ecnh.<\/h2>\n<table>\n<tbody>\n<tr>\n<th class=\"mds\">Th\u1eddi gian nh\u1eadp h\u1ecdc<\/th>\n<td>Th\u00e1ng 1, th\u00e1ng 4, th\u00e1ng 7, th\u00e1ng 10<\/td>\n<\/tr>\n<\/tbody>\n<\/table>\n<h2 class=\"ttl_h2\">Ch\u00fang t\u00f4i c\u00f3 kh\u00f3a h\u1ecdc 1 n\u0103m, kh\u00f3a h\u1ecdc 2 n\u0103m t\u00f9y theo nguy\u1ec7n v\u1ecdng v\u00e0 k\u1ebf ho\u1ea1ch c\u1ee7a c\u00e1c b\u1ea1n.<\/h2>\n<table>\n<tbody>\n<tr>\n<th class=\"mds\">Kh\u00f3a h\u1ecdc 1 n\u0103m<\/th>\n<td>Ch\u01b0\u01a1ng tr\u00ecnh h\u1ecdc 1 n\u0103m k\u1ec3 t\u1eeb khi nh\u1eadp h\u1ecdc v\u00e0o th\u00e1ng 1, th\u00e1ng 4, th\u00e1ng 7, th\u00e1ng 10.<\/td>\n<\/tr>\n<tr>\n<th class=\"mds\">Kh\u00f3a h\u1ecdc 2 n\u0103m<\/th>\n<td>Ch\u01b0\u01a1ng tr\u00ecnh h\u1ecdc 2 n\u0103m k\u1ec3 t\u1eeb khi nh\u1eadp h\u1ecdc v\u00e0o th\u00e1ng 1, th\u00e1ng 4, th\u00e1ng 7, th\u00e1ng 10.<\/td>\n<\/tr>\n<\/tbody>\n<\/table>\n<p>\u203bTrong t\u1eebng kh\u00f3a h\u1ecdc, n\u1ebfu h\u1ecdc vi\u00ean c\u00f3 nguy\u1ec7n v\u1ecdng h\u1ecdc ti\u1ebfp l\u00ean th\u00ec c\u00f3 th\u1ec3 k\u1ebft th\u00fac ho\u1eb7c t\u1ed1t nghi\u1ec7p v\u00e0o cu\u1ed1i th\u00e1ng 3 \u0111\u1ec3 k\u1ecbp nh\u1eadp h\u1ecdc c\u1ea5p \u0111\u1ed9 cao h\u01a1n v\u00e0o k\u1ef3 m\u00f9a xu\u00e2n, ho\u1eb7c k\u1ebft th\u00fac ho\u1eb7c t\u1ed1t nghi\u1ec7p v\u00e0o cu\u1ed1i th\u00e1ng 9 \u0111\u1ec3 k\u1ecbp nh\u1eadp h\u1ecdc c\u1ea5p \u0111\u1ed9 cao h\u01a1n v\u00e0o k\u1ef3 m\u00f9a thu.<\/p>\n<h2 class=\"ttl_h2\">\u0110i\u1ec1u ki\u1ec7n nh\u1eadp h\u1ecdc<\/h2>\n<p>Ph\u1ea3i c\u00f3 m\u1ee5c ti\u00eau r\u00f5 r\u00e0ng khi h\u1ecdc ti\u1ebfng Nh\u1eadt v\u00e0 quy\u1ebft t\u00e2m theo h\u1ecdc.<\/p>\n<h3 class=\"ttl_h3\">\u0110i\u1ec1u ki\u1ec7n v\u1ec1 n\u0103ng l\u1ef1c ti\u1ebfng Nh\u1eadt<\/h3>\n<table>\n<tbody>\n<tr>\n<th class=\"mds\">Kh\u00f3a h\u1ecdc 1 n\u0103m<\/th>\n<td>Tr\u00ecnh \u0111\u1ed9 t\u01b0\u01a1ng \u0111\u01b0\u01a1ng N3 K\u1ef3 thi n\u0103ng l\u1ef1c ti\u1ebfng Nh\u1eadt<br \/>\n\u203bL\u00e0 ng\u01b0\u1eddi \u0111\u00e3 h\u1ecdc ti\u1ebfng Nh\u1eadt kho\u1ea3ng 500 gi\u1edd<\/td>\n<\/tr>\n<tr>\n<th class=\"mds\">Kh\u00f3a h\u1ecdc 2 n\u0103m<\/th>\n<td>Tr\u00ecnh \u0111\u1ed9 t\u01b0\u01a1ng \u0111\u01b0\u01a1ng N5 K\u1ef3 thi n\u0103ng l\u1ef1c ti\u1ebfng Nh\u1eadt<\/p>\n<p>\u203bL\u00e0 ng\u01b0\u1eddi \u0111\u00e3 h\u1ecdc ti\u1ebfng Nh\u1eadt kho\u1ea3ng 180 gi\u1edd<\/td>\n<\/tr>\n<\/tbody>\n<\/table>\n<h2 class=\"ttl_h2\">Ch\u1ebf \u0111\u1ed9 h\u1ecdc b\u1ed5ng<\/h2>\n<p><a href=\"http:\/\/inter-edu.co.jp\/school\/scholarship\">\u0110\u1ec3 bi\u1ebft th\u00eam chi ti\u1ebft, vui l\u00f2ng xem link sau<\/a><\/p>\n<h2 class=\"ttl_h2\">Th\u1ee7 t\u1ee5c nh\u1eadp h\u1ecdc<\/h2>\n<p class=\"kakomi1\">\u0110\u0103ng k\u00fd<\/p>\n<p>\u25cfG\u1eedi mail \u0111\u0103ng k\u00fd ph\u1ecfng v\u1ea5n cho Nh\u00e0 tr\u01b0\u1eddng.<br \/>\n\u25cfN\u1ed9p ph\u00ed ki\u1ec3m tra \u0111\u1ea7u v\u00e0o tr\u01b0\u1edbc khi ph\u1ecfng v\u1ea5n.<br \/>\n\u25cfPh\u1ecfng v\u1ea5n v\u00e0 ki\u1ec3m tra n\u0103ng l\u1ef1c ti\u1ebfng Nh\u1eadt l\u1ea7n 1 s\u1ebd \u0111\u01b0\u1ee3c t\u1ed5 ch\u1ee9c t\u1ea1i n\u01b0\u1edbc s\u1edf t\u1ea1i.<\/p>\n<p class=\"kakomi2\">Ki\u1ec3m tra n\u0103ng l\u1ef1c ti\u1ebfng Nh\u1eadt l\u1ea7n 1<\/p>\n<p>\u203bVui l\u00f2ng mang theo gi\u1ea5y t\u1edd c\u1ea7n thi\u1ebft khi \u0111i ph\u1ecfng v\u1ea5n.<br \/>\n\u25cf\u1ee8ng vi\u00ean \u0111\u1ed7 n\u1ed9p h\u1ed3 s\u01a1 \u0111\u0103ng k\u00fd nh\u1eadp h\u1ecdc cho Nh\u00e0 tr\u01b0\u1eddng \u0111\u1ec3 \u0111\u01b0\u1ee3c x\u00e9t duy\u1ec7t h\u1ed3 s\u01a1.<br \/>\n\u25cf\u1ee8ng vi\u00ean \u0111\u1ed7 n\u1ed9p ti\u1ec1n nh\u1eadp h\u1ecdc.<br \/>\n\u25cfNh\u00e0 tr\u01b0\u1eddng n\u1ed9p h\u1ed3 s\u01a1 \u0111\u0103ng k\u00fd nh\u1eadp h\u1ecdc c\u1ee7a \u1ee9ng vi\u00ean \u0111\u1ed7 v\u00f2ng x\u00e9t duy\u1ec7t h\u1ed3 s\u01a1 l\u00ean C\u1ee5c Qu\u1ea3n l\u00fd l\u01b0u tr\u00fa v\u00e0 xu\u1ea5t nh\u1eadp c\u1ea3nh, B\u1ed9 T\u01b0 ph\u00e1p Nh\u1eadt B\u1ea3n.<br \/>\nXin c\u1ea5p Gi\u1ea5y ch\u1ee9ng nh\u1eadn t\u01b0 c\u00e1ch l\u01b0u tr\u00fa.<\/p>\n<div class=\"kakomi3\">\n<p><b> Gi\u1ea5y ch\u1ee9ng nh\u1eadn t\u01b0 c\u00e1ch l\u01b0u tr\u00fa.<\/b><br \/>\n\u203bT\u01b0 c\u00e1ch c\u01b0 tr\u00fa l\u00e0 t\u01b0 c\u00e1ch cho ph\u00e9p ng\u01b0\u1eddi n\u01b0\u1edbc ngo\u00e0i nh\u1eadp c\u1ea3nh v\u00e0o Nh\u1eadt B\u1ea3n, \u1edf l\u1ea1i Nh\u1eadt B\u1ea3n v\u00e0 th\u1ef1c hi\u1ec7n ho\u1ea1t \u0111\u1ed9ng \u0111\u00e3 \u0111\u0103ng k\u00fd (du h\u1ecdc).<\/p>\n<\/div>\n<p class=\"kakomi2\">Ki\u1ec3m tra n\u0103ng l\u1ef1c ti\u1ebfng Nh\u1eadt l\u1ea7n 2<\/p>\n<p>\u25cfKi\u1ec3m tra n\u0103ng l\u1ef1c ti\u1ebfng Nh\u1eadt l\u1ea7n 2 \u0111\u01b0\u1ee3c th\u1ef1c hi\u1ec7n ngay tr\u01b0\u1edbc khi nh\u1eadp h\u1ecdc.<br \/>\n\u203bTr\u01b0\u1eddng h\u1ee3p kh\u00f4ng \u0111\u1ed7 trong l\u1ea7n ki\u1ec3m tra n\u00e0y, ho\u1eb7c kh\u00f4ng \u0111\u01b0\u1ee3c c\u1ea5p Gi\u1ea5y ch\u1ee9ng nh\u1eadn t\u01b0 c\u00e1ch l\u01b0u tr\u00fa th\u00ec s\u1ebd \u0111\u01b0\u1ee3c ho\u00e0n tr\u1ea3 to\u00e0n b\u1ed9 ti\u1ec1n nh\u1eadp h\u1ecdc.<br \/>\n\u25cfCh\u00fang t\u00f4i s\u1ebd th\u00f4ng b\u00e1o khi nh\u1eadn \u0111\u01b0\u1ee3c Gi\u1ea5y ch\u1ee9ng nh\u1eadn t\u01b0 c\u00e1ch l\u01b0u tr\u00fa t\u1eeb C\u1ee5c Qu\u1ea3n l\u00fd l\u01b0u tr\u00fa v\u00e0 xu\u1ea5t nh\u1eadp c\u1ea3nh.<br \/>\n\u203bVui l\u00f2ng chuy\u1ec3n kho\u1ea3n to\u00e0n b\u1ed9 ti\u1ec1n h\u1ecdc ph\u00ed.<br \/>\n\u25cfCh\u00fang t\u00f4i s\u1ebd g\u1eedi qua b\u01b0u \u0111i\u1ec7n b\u1ea3n g\u1ed1c c\u1ee7a Gi\u1ea5y ch\u1ee9ng nh\u1eadn t\u01b0 c\u00e1ch l\u01b0u tr\u00fa v\u00e0 Gi\u1ea5y b\u00e1o tr\u00fang tuy\u1ec3n.<br \/>\n\u25cfVui l\u00f2ng xin\u00a0h\u1ed9\u00a0chi\u1ebfu t\u1ea1i C\u01a1 quan c\u00f4ng an c\u1ee7a n\u01b0\u1edbc b\u1ea1n.<br \/>\n\u25cfVui l\u00f2ng l\u00e0m th\u1ee7 t\u1ee5c xin c\u1ea5p v\u00e0 nh\u1eadn visa du h\u1ecdc t\u1ea1i \u0111\u1ea1i s\u1ee9 qu\u00e1n ho\u1eb7c l\u00e3nh s\u1ef1 qu\u00e1n Nh\u1eadt B\u1ea3n \u1edf n\u01b0\u1edbc s\u1edf t\u1ea1i.<\/p>\n<div class=\"kakomi3\">\n<p><b>Visa du h\u1ecdc <\/b><br \/>\n\u203bVisa (th\u1ecb th\u1ef1c) c\u00f3 \u00fd ngh\u0129a x\u00e1c nh\u1eadn r\u1eb1ng h\u1ed9 chi\u1ebfu c\u1ee7a ng\u01b0\u1eddi n\u01b0\u1edbc ngo\u00e0i c\u00f3 trang th\u1ecb th\u1ef1c l\u00e0 h\u1ee3p l\u1ec7 v\u00e0 c\u00f3 \u00fd ngh\u0129a l\u00e0 ng\u01b0\u1eddi n\u01b0\u1edbc ngo\u00e0i \u0111\u00f3 s\u1ebd kh\u00f4ng b\u1ecb c\u1ea3n tr\u1edf khi nh\u1eadp c\u1ea3nh v\u00e0o n\u01b0\u1edbc s\u1edf t\u1ea1i v\u1edbi nh\u1eefng \u0111i\u1ec1u ki\u1ec7n \u0111\u01b0\u1ee3c ghi tr\u00ean visa<\/p>\n<\/div>\n<p><img loading=\"lazy\" decoding=\"async\" src=\"http:\/\/inter-edu.co.jp\/vn\/wp-content\/uploads\/sites\/4\/2022\/07\/gaiyo_02.jpg\" alt=\"\" width=\"700\" height=\"200\" class=\"aligncenter size-full wp-image-135\" srcset=\"https:\/\/inter-edu.co.jp\/vn\/wp-content\/uploads\/sites\/4\/2022\/07\/gaiyo_02.jpg 700w, https:\/\/inter-edu.co.jp\/vn\/wp-content\/uploads\/sites\/4\/2022\/07\/gaiyo_02-300x86.jpg 300w\" sizes=\"(max-width: 700px) 100vw, 700px\" \/><\/p>\n<div class=\"boxm\">\n<p>Thi ti\u1ebfng Nh\u1eadt<\/p>\n<\/div>\n<p><img loading=\"lazy\" decoding=\"async\" src=\"http:\/\/inter-edu.co.jp\/vn\/wp-content\/uploads\/sites\/4\/2022\/07\/siken_02.jpg\" alt=\"\" width=\"700\" height=\"100\" class=\"aligncenter size-full wp-image-138\" srcset=\"https:\/\/inter-edu.co.jp\/vn\/wp-content\/uploads\/sites\/4\/2022\/07\/siken_02.jpg 700w, https:\/\/inter-edu.co.jp\/vn\/wp-content\/uploads\/sites\/4\/2022\/07\/siken_02-300x43.jpg 300w\" sizes=\"(max-width: 700px) 100vw, 700px\" \/><\/p>\n<h3 class=\"ttl_h3\">K\u1ef3 thi n\u0103ng l\u1ef1c ti\u1ebfng Nh\u1eadt JLPT<\/h3>\n<p>\u25cfL\u00e0 k\u1ef3 thi \u0111\u1ec3 \u0111\u00e1nh gi\u00e1 v\u00e0 ch\u1ee9ng nh\u1eadn tr\u00ecnh \u0111\u1ed9 ti\u1ebfng Nh\u1eadt c\u1ee7a nh\u1eefng ng\u01b0\u1eddi kh\u00f4ng s\u1eed d\u1ee5ng ti\u1ebfng Nh\u1eadt l\u00e0 ti\u1ebfng m\u1eb9 \u0111\u1ebb.<br \/>\n\u25cfCh\u1ee9ng nh\u1eadn tr\u00ecnh \u0111\u1ed9 ti\u1ebfng nh\u1eadt JLPT c\u00f3 nhi\u1ec1u gi\u00e1 tr\u1ecb ch\u1eb3ng h\u1ea1n nh\u01b0 \u0111\u00f3 l\u00e0 Gi\u1ea5y ch\u1ee9ng nh\u1eadn s\u1ed1 t\u00edn ch\u1ec9 \u0111\u00e3 h\u1ecdc\/ ch\u1ee9ng ch\u1ec9 \u0111\u1ec3 t\u1ed1t nghi\u1ec7p t\u1ea1i tr\u01b0\u1eddng h\u1ecdc (\u0111\u1ea1i h\u1ecdc, cao h\u1ecdc, tr\u01b0\u1eddng chuy\u00ean m\u00f4n, v.v.), \u0111\u01b0\u1ee3c h\u01b0\u1edfng c\u00e1c \u01b0u \u0111\u00e3i t\u1ea1i doanh nghi\u1ec7p [khi xin vi\u1ec7c, th\u0103ng ch\u1ee9c, t\u0103ng l\u01b0\u01a1ng, v.v.], ch\u1ee9ng nh\u1eadn t\u01b0 c\u00e1ch x\u00e3 h\u1ed9i, v.v.<br \/>\n\u25cfCh\u1ee9ng nh\u1eadn tr\u00ecnh \u0111\u1ed9 ti\u1ebfng nh\u1eadt JLPT l\u00e0 m\u1ed9t trong c\u00e1c \u0111i\u1ec1u ki\u1ec7n \u0111\u1ec3 tham gia c\u00e1c k\u1ef3 thi l\u1ea5y ch\u1ee9ng ch\u1ec9 qu\u1ed1c gia Nh\u1eadt B\u1ea3n (b\u00e1c s\u0129, nha s\u0129, y t\u00e1, d\u01b0\u1ee3c s\u0129, v.v.).<br \/>\n\u25cfK\u1ef3 thi n\u00e0y c\u00f3 c\u00e1c c\u1ea5p \u0111\u1ed9 t\u1eeb N1 \u0111\u1ebfn N5.<br \/>\n\u25cfK\u1ef3 thi \u0111\u01b0\u1ee3c t\u1ed5 ch\u1ee9c v\u00e0o th\u00e1ng 7 v\u00e0 th\u00e1ng 12 h\u00e0ng n\u0103m.<\/p>\n<h3 class=\"ttl_h3\">K\u1ef3 thi du h\u1ecdc Nh\u1eadt B\u1ea3n EJU<\/h3>\n<p>\u25cfL\u00e0 k\u1ef3 thi \u0111\u01b0\u1ee3c th\u1ef1c hi\u1ec7n nh\u1eb1m \u0111\u00e1nh gi\u00e1 tr\u00ecnh \u0111\u1ed9 ti\u1ebfng Nh\u1eadt v\u00e0 n\u0103ng l\u1ef1c h\u1ecdc t\u1eadp c\u01a1 b\u1ea3n c\u1ea7n thi\u1ebft \u0111\u1ec3 h\u1ecdc t\u1eadp t\u1ea1i tr\u01b0\u1eddng \u0111\u1ea1i h\u1ecdc c\u1ee7a Nh\u1eadt B\u1ea3n, v.v d\u00e0nh cho nh\u1eefng ng\u01b0\u1eddi mu\u1ed1n \u0111\u0103ng k\u00fd nh\u1eadp h\u1ecdc t\u1ea1i tr\u01b0\u1eddng \u0111\u1ea1i h\u1ecdc, cao h\u1ecdc, cao \u0111\u1eb3ng, tr\u01b0\u1eddng chuy\u00ean m\u00f4n, v.v c\u1ee7a Nh\u1eadt B\u1ea3n v\u1edbi t\u01b0 c\u00e1ch l\u00e0 du h\u1ecdc sinh n\u01b0\u1edbc ngo\u00e0i.<br \/>\n\u25cfC\u00e1c m\u00f4n thi s\u1ebd l\u00e0 ti\u1ebfng Nh\u1eadt, c\u00e1c m\u00f4n t\u1ef1 nhi\u00ean (v\u1eadt l\u00fd, h\u00f3a h\u1ecdc, sinh h\u1ecdc), m\u00f4n x\u00e3 h\u1ed9i t\u1ed5ng h\u1ee3p v\u00e0 to\u00e1n h\u1ecdc. Tuy nhi\u00ean, c\u00e1c b\u1ea1n s\u1ebd ch\u1ecdn m\u00f4n thi do t\u1eebng tr\u01b0\u1eddng \u0111\u1ea1i h\u1ecdc \u1edf Nh\u1eadt B\u1ea3n ch\u1ec9 \u0111\u1ecbnh \u0111\u1ec3 d\u1ef1 thi.<br \/>\n\u25cfK\u1ef3 thi \u0111\u01b0\u1ee3c t\u1ed5 ch\u1ee9c v\u00e0o th\u00e1ng 6 v\u00e0 th\u00e1ng 11 h\u00e0ng n\u0103m.<\/p>\n<h2 class=\"ttl_h2\">C\u00e1ch \u0111i \u0111\u1ebfn tr\u01b0\u1eddng<\/h2>\n<p><iframe loading=\"lazy\" style=\"border: 0;\" src=\"https:\/\/www.google.com\/maps\/embed?pb=!1m18!1m12!1m3!1d3280.947943339589!2d135.46580201542068!3d34.681263280439474!2m3!1f0!2f0!3f0!3m2!1i1024!2i768!4f13.1!3m3!1m2!1s0x6000e638bd214b53%3A0xab6a272fa1223ae1!2z44CSNTU0LTAwMTIg5aSn6Ziq5bqc5aSn6Ziq5biC5q2k6Iqx5Yy66KW_5Lmd5p2h77yR5LiB55uu77yS77yZ4oiS77yS!5e0!3m2!1sja!2sjp!4v1510905960252\" width=\"100%\" height=\"450\" frameborder=\"0\" allowfullscreen=\"allowfullscreen\"><\/iframe><\/p>\n<table>\n<tbody>\n<tr>\n<th class=\"mds\">T\u00ean tr\u01b0\u1eddng<\/th>\n<td>H\u1ecdc vi\u1ec7n gi\u00e1o d\u1ee5c qu\u1ed1c t\u1ebf Osaka<\/td>\n<\/tr>\n<tr>\n<th class=\"mds\">\u0110\u1ecba ch\u1ec9<\/th>\n<td>1-29-2 Nishikujo, Konohana-ku, Osaka-shi, Osaka 554-0012<\/td>\n<\/tr>\n<tr>\n<th class=\"mds\">\u0110\u1ecba ch\u1ec9 li\u00ean h\u1ec7<\/th>\n<td>TEL.06-6463-3956\u3000FAX06-6463-3958<\/td>\n<\/tr>\n<\/tbody>\n<\/table>\n","protected":false},"excerpt":{"rendered":"<p>C\u00e1c b\u1ea1n c\u00f3 th\u1ec3 ch\u1ecdn k\u1ef3 nh\u1eadp h\u1ecdc ph\u00f9 h\u1ee3p v\u1edbi k\u1ebf ho\u1ea1ch du h\u1ecdc c\u1ee7a m\u00ecnh. Th\u1eddi gian nh\u1eadp h\u1ecdc Th\u00e1ng 1, th\u00e1ng 4, th\u00e1ng 7, th\u00e1ng 10 Ch\u00fang t\u00f4i c\u00f3 kh\u00f3a h\u1ecdc 1 n\u0103m, kh\u00f3a h\u1ecdc 2 n\u0103m t\u00f9y theo nguy\u1ec7n v\u1ecdng v\u00e0 k\u1ebf ho\u1ea1ch c\u1ee7a c\u00e1c b\u1ea1n. Kh\u00f3a h\u1ecdc 1 n\u0103m Ch\u01b0\u01a1ng&#8230;<\/p>\n","protected":false},"author":1,"featured_media":0,"parent":23,"menu_order":1,"comment_status":"closed","ping_status":"closed","template":"","meta":{"footnotes":""},"tags":[],"aioseo_notices":[],"_links":{"self":[{"href":"https:\/\/inter-edu.co.jp\/vn\/wp-json\/wp\/v2\/pages\/32"}],"collection":[{"href":"https:\/\/inter-edu.co.jp\/vn\/wp-json\/wp\/v2\/pages"}],"about":[{"href":"https:\/\/inter-edu.co.jp\/vn\/wp-json\/wp\/v2\/types\/page"}],"author":[{"embeddable":true,"href":"https:\/\/inter-edu.co.jp\/vn\/wp-json\/wp\/v2\/users\/1"}],"replies":[{"embeddable":true,"href":"https:\/\/inter-edu.co.jp\/vn\/wp-json\/wp\/v2\/comments?post=32"}],"version-history":[{"count":10,"href":"https:\/\/inter-edu.co.jp\/vn\/wp-json\/wp\/v2\/pages\/32\/revisions"}],"predecessor-version":[{"id":187,"href":"https:\/\/inter-edu.co.jp\/vn\/wp-json\/wp\/v2\/pages\/32\/revisions\/187"}],"up":[{"embeddable":true,"href":"https:\/\/inter-edu.co.jp\/vn\/wp-json\/wp\/v2\/pages\/23"}],"wp:attachment":[{"href":"https:\/\/inter-edu.co.jp\/vn\/wp-json\/wp\/v2\/media?parent=32"}],"wp:term":[{"taxonomy":"post_tag","embeddable":true,"href":"https:\/\/inter-edu.co.jp\/vn\/wp-json\/wp\/v2\/tags?post=32"}],"curies":[{"name":"wp","href":"https:\/\/api.w.org\/{rel}","templated":true}]}}