{"id":37,"date":"2022-05-18T20:44:23","date_gmt":"2022-05-18T11:44:23","guid":{"rendered":"http:\/\/inter-edu.co.jp\/vn\/?page_id=37"},"modified":"2022-07-20T22:19:31","modified_gmt":"2022-07-20T13:19:31","slug":"greeting","status":"publish","type":"page","link":"https:\/\/inter-edu.co.jp\/vn\/school\/greeting\/","title":{"rendered":"Th\u00f4ng \u0111i\u1ec7p"},"content":{"rendered":"<p><img decoding=\"async\" loading=\"lazy\" src=\"http:\/\/inter-edu.co.jp\/wp-content\/uploads\/2018\/12\/logo.gif\" alt=\"\" width=\"156\" height=\"154\" class=\"aligncenter size-full wp-image-179\"><\/p>\n<p><img loading=\"lazy\" decoding=\"async\" src=\"http:\/\/inter-edu.co.jp\/vn\/wp-content\/uploads\/sites\/4\/2022\/07\/message_01.jpg\" alt=\"\" width=\"700\" height=\"100\" class=\"aligncenter size-full wp-image-142\" srcset=\"https:\/\/inter-edu.co.jp\/vn\/wp-content\/uploads\/sites\/4\/2022\/07\/message_01.jpg 700w, https:\/\/inter-edu.co.jp\/vn\/wp-content\/uploads\/sites\/4\/2022\/07\/message_01-300x43.jpg 300w\" sizes=\"(max-width: 700px) 100vw, 700px\" \/><\/p>\n<h2 class=\"ttl_h2\">Th\u00f4ng \u0111i\u1ec7p c\u1ee7a Hi\u1ec7u tr\u01b0\u1edfng<\/h2>\n<p>H\u1ecdc vi\u1ec7n gi\u00e1o d\u1ee5c qu\u1ed1c t\u1ebf Osaka l\u00e0 c\u01a1 s\u1edf \u0111\u00e0o t\u1ea1o ti\u1ebfng Nh\u1eadt \u0111\u00e3 c\u00f3 nhi\u1ec1u th\u00e0nh t\u1ef1u v\u00e0 \u0111\u01b0\u1ee3c du h\u1ecdc sinh tin t\u01b0\u1edfng. T\u00f4i ngh\u0129 r\u1eb1ng suy ngh\u0129 c\u1ee7a c\u00e1c b\u1ea1n du h\u1ecdc sinh l\u00e0 h\u1ecdc ti\u1ebfng Nh\u1eadt v\u00e0 n\u00e2ng cao kh\u1ea3 n\u0103ng ti\u1ebfng Nh\u1eadt. Tr\u01b0\u1eddng ch\u00fang t\u00f4i d\u0129 nhi\u00ean s\u1ebd \u0111\u00e0o t\u1ea1o ti\u1ebfng Nh\u1eadt \u0111\u1ec3 gi\u00fap du h\u1ecdc sinh \u0111\u1ed7 k\u1ebft qu\u1ea3 cao trong k\u1ef3 thi n\u0103ng l\u1ef1c ti\u1ebfng Nh\u1eadt v\u00e0 k\u1ef3 thi du h\u1ecdc Nh\u1eadt B\u1ea3n, h\u01a1n n\u1eefa, ch\u00fang t\u00f4i c\u00f2n \u0111\u00e0o t\u1ea1o ti\u1ebfng Nh\u1eadt v\u1edbi t\u1ea7m nh\u00ecn xa h\u01a1n v\u1ec1vi\u1ec7c h\u1ecdc l\u00ean cao, \u0111i l\u00e0m, D\u1ef1 \u0111\u1ecbnh sau khi t\u1ed1t nghi\u1ec7p, v\u1ec1 \u0111\u1eddi ng\u01b0\u1eddi v\u00e0 t\u01b0\u01a1ng lai c\u1ee7a c\u00e1c h\u1ecdc vi\u00ean. V\u1edbi tri\u1ebft l\u00fd t\u00ecnh y\u00eau gia \u0111\u00ecnh, ni\u1ec1m \u0111am m\u00ea v\u00e0 nhi\u1ec7t huy\u1ebft, t\u00f4i mong r\u1eb1ng m\u1ed7i h\u1ecdc vi\u00ean s\u1ebd s\u1eed d\u1ee5ng hi\u1ec7u qu\u1ea3 ti\u1ebfng Nh\u1eadt \u0111\u00e3 h\u1ecdc cho c\u00e1c ho\u1ea1t \u0111\u1ed9ng trong x\u00e3 h\u1ed9i v\u00e0 tr\u00ean th\u1ebf gi\u1edbi. Ti\u1ebfng Nh\u1eadt c\u00f3 th\u1ec3 v\u1eadn d\u1ee5ng \u1edf m\u1ecdi n\u01a1i, ti\u1ebfng Nh\u1eadt h\u1eefu \u00edch trong su\u1ed1t cu\u1ed9c \u0111\u1eddi, vi\u1ec7c h\u1ecdc v\u00e0 l\u00e0m ch\u1ee7 m\u1ed9t ng\u00f4n ng\u1eef h\u1eefu \u00edch nh\u01b0 v\u1eady s\u1ebd b\u1eaft \u0111\u1ea7u t\u1eeb vi\u1ec7c h\u1ecdc t\u1eadp t\u1ea1i H\u1ecdc vi\u1ec7n gi\u00e1o d\u1ee5c qu\u1ed1c t\u1ebf Osaka.<br \/>\nN\u00e0o, c\u00e1c b\u1ea1n h\u00e3y th\u1ef1c hi\u1ec7n \u01b0\u1edbc m\u01a1 c\u1ee7a m\u00ecnh t\u1ea1i \u0111\u00e2y v\u00e0 m\u1edf r\u1ed9ng h\u01a1n n\u1eefa c\u00e1c kh\u1ea3 n\u0103ng c\u1ee7a m\u00ecnh.<\/p>\n<p align=\"right\">Hi\u1ec7u tr\u01b0\u1edfng: Haruka Hashimoto<\/p>\n","protected":false},"excerpt":{"rendered":"<p>Th\u00f4ng \u0111i\u1ec7p c\u1ee7a Hi\u1ec7u tr\u01b0\u1edfng H\u1ecdc vi\u1ec7n gi\u00e1o d\u1ee5c qu\u1ed1c t\u1ebf Osaka l\u00e0 c\u01a1 s\u1edf \u0111\u00e0o t\u1ea1o ti\u1ebfng Nh\u1eadt \u0111\u00e3 c\u00f3 nhi\u1ec1u th\u00e0nh t\u1ef1u v\u00e0 \u0111\u01b0\u1ee3c du h\u1ecdc sinh tin t\u01b0\u1edfng. T\u00f4i ngh\u0129 r\u1eb1ng suy ngh\u0129 c\u1ee7a c\u00e1c b\u1ea1n du h\u1ecdc sinh l\u00e0 h\u1ecdc ti\u1ebfng Nh\u1eadt v\u00e0 n\u00e2ng cao kh\u1ea3 n\u0103ng ti\u1ebfng Nh\u1eadt. Tr\u01b0\u1eddng ch\u00fang&#8230;<\/p>\n","protected":false},"author":1,"featured_media":0,"parent":23,"menu_order":2,"comment_status":"closed","ping_status":"closed","template":"","meta":{"footnotes":""},"tags":[],"aioseo_notices":[],"_links":{"self":[{"href":"https:\/\/inter-edu.co.jp\/vn\/wp-json\/wp\/v2\/pages\/37"}],"collection":[{"href":"https:\/\/inter-edu.co.jp\/vn\/wp-json\/wp\/v2\/pages"}],"about":[{"href":"https:\/\/inter-edu.co.jp\/vn\/wp-json\/wp\/v2\/types\/page"}],"author":[{"embeddable":true,"href":"https:\/\/inter-edu.co.jp\/vn\/wp-json\/wp\/v2\/users\/1"}],"replies":[{"embeddable":true,"href":"https:\/\/inter-edu.co.jp\/vn\/wp-json\/wp\/v2\/comments?post=37"}],"version-history":[{"count":3,"href":"https:\/\/inter-edu.co.jp\/vn\/wp-json\/wp\/v2\/pages\/37\/revisions"}],"predecessor-version":[{"id":143,"href":"https:\/\/inter-edu.co.jp\/vn\/wp-json\/wp\/v2\/pages\/37\/revisions\/143"}],"up":[{"embeddable":true,"href":"https:\/\/inter-edu.co.jp\/vn\/wp-json\/wp\/v2\/pages\/23"}],"wp:attachment":[{"href":"https:\/\/inter-edu.co.jp\/vn\/wp-json\/wp\/v2\/media?parent=37"}],"wp:term":[{"taxonomy":"post_tag","embeddable":true,"href":"https:\/\/inter-edu.co.jp\/vn\/wp-json\/wp\/v2\/tags?post=37"}],"curies":[{"name":"wp","href":"https:\/\/api.w.org\/{rel}","templated":true}]}}