{"id":43,"date":"2022-05-18T21:02:40","date_gmt":"2022-05-18T12:02:40","guid":{"rendered":"http:\/\/inter-edu.co.jp\/vn\/?page_id=43"},"modified":"2022-07-27T16:59:36","modified_gmt":"2022-07-27T07:59:36","slug":"schedule","status":"publish","type":"page","link":"https:\/\/inter-edu.co.jp\/vn\/school\/schedule\/","title":{"rendered":"K\u1ebf ho\u1ea1ch h\u00e0ng n\u0103m"},"content":{"rendered":"<h2 class=\"ttl_h2\">K\u1ebf ho\u1ea1ch h\u00e0ng n\u0103m<\/h2>\n<table>\n<tbody>\n<tr>\n<th class=\"mds\">Th\u00e1ng 4<\/th>\n<td>L\u1ec5 nh\u1eadp h\u1ecdc\u3000 Nh\u1eadp h\u1ecdc c\u1ee7a h\u1ecdc vi\u00ean m\u1edbi<\/p>\n<p>Khai gi\u1ea3ng K\u1ef3 I<br \/>\nB\u00e0i ki\u1ec3m tra x\u1ebfp l\u1edbp<br \/>\n\u0110\u1ecbnh h\u01b0\u1edbng<\/td>\n<\/tr>\n<tr>\n<th class=\"mds\">Th\u00e1ng 5<\/th>\n<td>K\u1ef3 ngh\u1ec9 tu\u1ea7n l\u1ec5 v\u00e0ng<\/td>\n<\/tr>\n<tr>\n<th class=\"mds\">Th\u00e1ng 6<\/th>\n<td>B\u00e0i thi gi\u1eefa k\u1ef3 I<br \/>\nH\u01b0\u1edbng d\u1eabn v\u1ec1 k\u1ebf ho\u1ea1ch ph\u00e1t tri\u1ec3n b\u1ea3n th\u00e2n, Chu\u1ea9n b\u1ecb cho ph\u1ecfng v\u1ea5n<br \/>\nK\u1ef3 thi du h\u1ecdc Nh\u1eadt B\u1ea3n l\u1ea7n 1<\/td>\n<\/tr>\n<\/tbody>\n<\/table>\n<p><img loading=\"lazy\" decoding=\"async\" class=\"aligncenter size-full wp-image-457\" src=\"http:\/\/inter-edu.co.jp\/wp-content\/uploads\/2019\/05\/schedule_01.jpg\" sizes=\"(max-width: 700px) 100vw, 700px\" srcset=\"http:\/\/inter-edu.co.jp\/wp-content\/uploads\/2019\/05\/schedule_01.jpg 700w, http:\/\/inter-edu.co.jp\/wp-content\/uploads\/2019\/05\/schedule_01-300x165.jpg 300w\" alt=\"\" width=\"700\" height=\"386\" \/><\/p>\n<table>\n<tbody>\n<tr>\n<th class=\"mds\">Th\u00e1ng 7<\/th>\n<td>Ho\u1ea1t \u0111\u1ed9ng ngo\u1ea1i kh\u00f3a<br \/>\nH\u1ed9i th\u1ea3o h\u01b0\u1edbng d\u1eabn v\u1ec1 vi\u1ec7c h\u1ecdc l\u00ean cao<\/td>\n<\/tr>\n<tr>\n<th class=\"mds\">Th\u00e1ng 8<\/th>\n<td>Ngh\u1ec9 h\u00e8<br \/>\nG\u1eedi b\u00e1o c\u00e1o h\u1ecdc t\u1eadp\u201d cho gia \u0111\u00ecnh<\/td>\n<\/tr>\n<tr>\n<th class=\"mds\">Th\u00e1ng 9<\/th>\n<td>B\u00e0i thi cu\u1ed1i k\u1ef3 I<br \/>\nH\u01b0\u1edbng d\u1eabn v\u1ec1 k\u1ebf ho\u1ea1ch ph\u00e1t tri\u1ec3n b\u1ea3n th\u00e2n, Chu\u1ea9n b\u1ecb cho ph\u1ecfng v\u1ea5n<br \/>\nK\u1ebft th\u00fac k\u1ef3 I (tr\u01b0\u1edbc 30\/9) Th\u00f4ng b\u00e1o l\u1edbp m\u1edbi<\/td>\n<\/tr>\n<\/tbody>\n<\/table>\n<p><img loading=\"lazy\" decoding=\"async\" class=\"aligncenter size-full wp-image-459\" src=\"http:\/\/inter-edu.co.jp\/wp-content\/uploads\/2019\/05\/schedule_02.jpg\" sizes=\"(max-width: 700px) 100vw, 700px\" srcset=\"http:\/\/inter-edu.co.jp\/wp-content\/uploads\/2019\/05\/schedule_02.jpg 700w, http:\/\/inter-edu.co.jp\/wp-content\/uploads\/2019\/05\/schedule_02-300x230.jpg 300w\" alt=\"\" width=\"700\" height=\"537\" \/><\/p>\n<table>\n<tbody>\n<tr>\n<th class=\"mds\">Th\u00e1ng 10<\/th>\n<td>Ngh\u1ec9 thu Khai gi\u1ea3ng K\u1ef3 II<br \/>\nL\u1ec5 nh\u1eadp h\u1ecdc\u3000 Nh\u1eadp h\u1ecdc c\u1ee7a h\u1ecdc vi\u00ean m\u1edbi<br \/>\nB\u00e0i ki\u1ec3m tra x\u1ebfp l\u1edbp<br \/>\n\u0110\u1ecbnh h\u01b0\u1edbng<br \/>\nB\u1eaft \u0111\u1ea7u k\u1ef3 thi v\u00e0o tr\u01b0\u1eddng t\u01b0 th\u1ee5c, tr\u01b0\u1eddng chuy\u00ean m\u00f4n (T\u1eeb th\u00e1ng 10 \u0111\u1ebfn th\u00e1ng 3)<\/td>\n<\/tr>\n<tr>\n<th class=\"mds\">Th\u00e1ng 11<\/th>\n<td>Kh\u00e1m s\u1ee9c kh\u1ecfe cho h\u1ecdc vi\u00ean m\u1edbi<br \/>\nK\u1ef3 thi du h\u1ecdc Nh\u1eadt B\u1ea3n l\u1ea7n 2<br \/>\nThi th\u1eed &#8211; Luy\u1ec7n thi n\u0103ng l\u1ef1c ti\u1ebfng Nh\u1eadt<br \/>\nHo\u1ea1t \u0111\u1ed9ng ngo\u1ea1i kh\u00f3a<\/td>\n<\/tr>\n<tr>\n<th class=\"mds\">Th\u00e1ng 12<\/th>\n<td>Thi n\u0103ng l\u1ef1c ti\u1ebfng Nh\u1eadt<br \/>\nThi gi\u1eefa k\u1ef3 II<br \/>\nNgh\u1ec9 \u0111\u00f4ng G\u1eedi b\u00e1o c\u00e1o h\u1ecdc t\u1eadp\u201d cho gia \u0111\u00ecnh<\/td>\n<\/tr>\n<\/tbody>\n<\/table>\n<p><img loading=\"lazy\" decoding=\"async\" class=\"aligncenter size-full wp-image-461\" src=\"http:\/\/inter-edu.co.jp\/wp-content\/uploads\/2019\/05\/schedule_03.jpg\" sizes=\"(max-width: 700px) 100vw, 700px\" srcset=\"http:\/\/inter-edu.co.jp\/wp-content\/uploads\/2019\/05\/schedule_03.jpg 700w, http:\/\/inter-edu.co.jp\/wp-content\/uploads\/2019\/05\/schedule_03-300x207.jpg 300w\" alt=\"\" width=\"700\" height=\"482\" \/><\/p>\n<table>\n<tbody>\n<tr>\n<th class=\"mds\">Th\u00e1ng 1<\/th>\n<td>H\u01b0\u1edbng d\u1eabn v\u1ec1 k\u1ebf ho\u1ea1ch ph\u00e1t tri\u1ec3n b\u1ea3n th\u00e2n, Chu\u1ea9n b\u1ecb cho ph\u1ecfng v\u1ea5n<br \/>\nB\u1eaft \u0111\u1ea7u k\u1ef3 thi v\u00e0o tr\u01b0\u1eddng \u0111\u1ea1i h\u1ecdc qu\u1ed1c l\u1eadp (T\u1eeb th\u00e1ng 1 \u0111\u1ebfn th\u00e1ng 3)<br \/>\nB\u00e0i ki\u1ec3m tra n\u0103ng l\u1ef1c h\u1ecdc t\u1eadp<\/td>\n<\/tr>\n<tr>\n<th class=\"mds\">Th\u00e1ng 2<\/th>\n<td>\u2460\tChuy\u1ebfn \u0111i th\u1ef1c t\u1eadp.<br \/>\n2 ng\u00e0y 1 \u0111\u00eam ( c\u1ea7n chi tr\u1ea3 chi ph\u00ed ri\u00eang)<\/td>\n<\/tr>\n<tr>\n<th class=\"mds\">Th\u00e1ng 3<\/th>\n<td>Thi cu\u1ed1i k\u1ef3 II<br \/>\nBu\u1ed5i h\u1ecdp \u0111\u00e1nh gi\u00e1 t\u1ed1t nghi\u1ec7p<br \/>\nL\u1ec5 t\u1ed1t nghi\u1ec7p<br \/>\nK\u1ebft th\u00fac k\u1ef3 II (Tr\u01b0\u1edbc 24\/3)<br \/>\nTh\u00f4ng b\u00e1o l\u1edbp m\u1edbi<br \/>\nNgh\u1ec9 xu\u00e2n<\/td>\n<\/tr>\n<\/tbody>\n<\/table>\n<p><img loading=\"lazy\" decoding=\"async\" class=\"aligncenter size-full wp-image-463\" src=\"http:\/\/inter-edu.co.jp\/wp-content\/uploads\/2019\/05\/schedule_04.jpg\" sizes=\"(max-width: 700px) 100vw, 700px\" srcset=\"http:\/\/inter-edu.co.jp\/wp-content\/uploads\/2019\/05\/schedule_04.jpg 700w, http:\/\/inter-edu.co.jp\/wp-content\/uploads\/2019\/05\/schedule_04-300x172.jpg 300w\" alt=\"\" width=\"700\" height=\"402\" \/><\/p>\n","protected":false},"excerpt":{"rendered":"<p>K\u1ebf ho\u1ea1ch h\u00e0ng n\u0103m Th\u00e1ng 4 L\u1ec5 nh\u1eadp h\u1ecdc\u3000 Nh\u1eadp h\u1ecdc c\u1ee7a h\u1ecdc vi\u00ean m\u1edbi Khai gi\u1ea3ng K\u1ef3 I B\u00e0i ki\u1ec3m tra x\u1ebfp l\u1edbp \u0110\u1ecbnh h\u01b0\u1edbng Th\u00e1ng 5 K\u1ef3 ngh\u1ec9 tu\u1ea7n l\u1ec5 v\u00e0ng Th\u00e1ng 6 B\u00e0i thi gi\u1eefa k\u1ef3 I H\u01b0\u1edbng d\u1eabn v\u1ec1 k\u1ebf ho\u1ea1ch ph\u00e1t tri\u1ec3n b\u1ea3n th\u00e2n, Chu\u1ea9n b\u1ecb cho ph\u1ecfng v\u1ea5n K\u1ef3&#8230;<\/p>\n","protected":false},"author":1,"featured_media":45,"parent":23,"menu_order":3,"comment_status":"closed","ping_status":"closed","template":"","meta":{"footnotes":""},"tags":[5],"aioseo_notices":[],"_links":{"self":[{"href":"https:\/\/inter-edu.co.jp\/vn\/wp-json\/wp\/v2\/pages\/43"}],"collection":[{"href":"https:\/\/inter-edu.co.jp\/vn\/wp-json\/wp\/v2\/pages"}],"about":[{"href":"https:\/\/inter-edu.co.jp\/vn\/wp-json\/wp\/v2\/types\/page"}],"author":[{"embeddable":true,"href":"https:\/\/inter-edu.co.jp\/vn\/wp-json\/wp\/v2\/users\/1"}],"replies":[{"embeddable":true,"href":"https:\/\/inter-edu.co.jp\/vn\/wp-json\/wp\/v2\/comments?post=43"}],"version-history":[{"count":6,"href":"https:\/\/inter-edu.co.jp\/vn\/wp-json\/wp\/v2\/pages\/43\/revisions"}],"predecessor-version":[{"id":188,"href":"https:\/\/inter-edu.co.jp\/vn\/wp-json\/wp\/v2\/pages\/43\/revisions\/188"}],"up":[{"embeddable":true,"href":"https:\/\/inter-edu.co.jp\/vn\/wp-json\/wp\/v2\/pages\/23"}],"wp:featuredmedia":[{"embeddable":true,"href":"https:\/\/inter-edu.co.jp\/vn\/wp-json\/wp\/v2\/media\/45"}],"wp:attachment":[{"href":"https:\/\/inter-edu.co.jp\/vn\/wp-json\/wp\/v2\/media?parent=43"}],"wp:term":[{"taxonomy":"post_tag","embeddable":true,"href":"https:\/\/inter-edu.co.jp\/vn\/wp-json\/wp\/v2\/tags?post=43"}],"curies":[{"name":"wp","href":"https:\/\/api.w.org\/{rel}","templated":true}]}}