{"id":51,"date":"2022-05-18T21:12:56","date_gmt":"2022-05-18T12:12:56","guid":{"rendered":"http:\/\/inter-edu.co.jp\/vn\/?page_id=51"},"modified":"2022-07-21T22:32:06","modified_gmt":"2022-07-21T13:32:06","slug":"requirements","status":"publish","type":"page","link":"https:\/\/inter-edu.co.jp\/vn\/school\/requirements\/","title":{"rendered":"H\u01b0\u1edbng d\u1eabn tuy\u1ec3n sinh"},"content":{"rendered":"<h2 class=\"ttl_h2\">H\u01b0\u1edbng d\u1eabn tuy\u1ec3n sinh <\/h2>\n<h3 class=\"ttl_h3\">\u2160 \u0110i\u1ec1u ki\u1ec7n nh\u1eadp h\u1ecdc<\/h3>\n<table style=\"border-collapse: collapse; width: 100%;\">\n<tbody>\n<tr>\n<td style=\"width: 3%;\">1.<\/td>\n<td style=\"width: 97%;\">Ph\u1ea3i c\u00f3 m\u1ee5c ti\u00eau r\u00f5 r\u00e0ng khi h\u1ecdc ti\u1ebfng Nh\u1eadt v\u00e0 quy\u1ebft t\u00e2m theo h\u1ecdc.<\/td>\n<\/tr>\n<tr>\n<td style=\"width: 3%;\">2.<\/td>\n<td style=\"width: 97%;\">Kh\u00f3a h\u1ecdc 1 n\u0103m: Tr\u00ecnh \u0111\u1ed9 t\u01b0\u01a1ng \u0111\u01b0\u01a1ng N3 K\u1ef3 thi n\u0103ng l\u1ef1c ti\u1ebfng Nh\u1eadt\/ L\u00e0 ng\u01b0\u1eddi \u0111\u00e3 h\u1ecdc ti\u1ebfng Nh\u1eadt kho\u1ea3ng 300 gi\u1edd<br \/>\nKh\u00f3a h\u1ecdc 1 n\u0103m 6 th\u00e1ng: Tr\u00ecnh \u0111\u1ed9 t\u01b0\u01a1ng \u0111\u01b0\u01a1ng N4 K\u1ef3 thi n\u0103ng l\u1ef1c ti\u1ebfng Nh\u1eadt \/ L\u00e0 ng\u01b0\u1eddi \u0111\u00e3 h\u1ecdc ti\u1ebfng Nh\u1eadt kho\u1ea3ng 150 gi\u1edd<br \/>\nKh\u00f3a h\u1ecdc 2 n\u0103m\uff1aTr\u00ecnh \u0111\u1ed9 t\u01b0\u01a1ng \u0111\u01b0\u01a1ng N5 K\u1ef3 thi n\u0103ng l\u1ef1c ti\u1ebfng Nh\u1eadt \/ L\u00e0 ng\u01b0\u1eddi \u0111\u00e3 h\u1ecdc ti\u1ebfng Nh\u1eadt kho\u1ea3ng 150 gi\u1edd<\/td>\n<\/tr>\n<tr>\n<td style=\"width: 3%;\">3.<\/td>\n<td style=\"width: 97%;\">Ph\u1ea3i tu\u00e2n th\u1ee7 ph\u00e1p lu\u1eadt Nh\u1eadt B\u1ea3n v\u00e0 c\u00e1c quy \u0111\u1ecbnh c\u1ee7a H\u1ecdc vi\u1ec7n gi\u00e1o d\u1ee5c qu\u1ed1c t\u1ebf Osaka.<\/td>\n<\/tr>\n<tr>\n<td style=\"width: 3%;\">4.<\/td>\n<td style=\"width: 97%;\">\u0110i\u1ec1u ki\u1ec7n v\u1ec1 tu\u1ed5i<br \/>\nN\u1ebfu c\u1ea5p \u0111\u1ed9 h\u1ecdc sau c\u00f9ng l\u00e0 t\u1ed1t nghi\u1ec7p THPT: T\u1eeb 24 tu\u1ed5i tr\u1edf xu\u1ed1ng<br \/>\nN\u1ebfu c\u1ea5p \u0111\u1ed9 h\u1ecdc sau c\u00f9ng l\u00e0 t\u1ed1t nghi\u1ec7p tr\u01b0\u1eddng chuy\u00ean m\u00f4n t\u01b0\u01a1ng \u0111\u01b0\u01a1ng cao \u0111\u1eb3ng, \u0111\u1ea1i h\u1ecdc: T\u1eeb 26 tu\u1ed5i tr\u1edf xu\u1ed1ng<br \/>\nN\u1ebfu c\u1ea5p \u0111\u1ed9 h\u1ecdc sau c\u00f9ng l\u00e0 t\u1ed1t nghi\u1ec7p \u0111\u1ea1i h\u1ecdc 4 n\u0103m: T\u1eeb 29 tu\u1ed5i tr\u1edf xu\u1ed1ng<br \/>\n(Nh\u1eefng ng\u01b0\u1eddi \u0111ang h\u1ecdc \u0111\u1ea1i h\u1ecdc th\u00ec c\u1ea7n c\u00f3 Gi\u1ea5y x\u00e1c nh\u1eadn \u0111ang l\u00e0 sinh vi\u00ean \u0111\u1ea1i h\u1ecdc\/ Gi\u1ea5y x\u00e1c nh\u1eadn t\u1ed1t nghi\u1ec7p THPT)<\/td>\n<\/tr>\n<tr>\n<td style=\"width: 3%;\">5.<\/td>\n<td style=\"width: 97%;\">Ph\u1ea3i c\u00f3 \u0111\u1ee7 n\u0103ng l\u1ef1c t\u00e0i ch\u00ednh \u0111\u1ec3 du h\u1ecdc Nh\u1eadt B\u1ea3n.<\/td>\n<\/tr>\n<tr>\n<td style=\"width: 3%;\">6.<\/td>\n<td style=\"width: 97%;\">Ph\u1ea3i \u0111\u1ed7 v\u00f2ng th\u1ea9m \u0111\u1ecbnh h\u1ed3 s\u01a1 \u0111\u01b0\u1ee3c th\u1ef1c hi\u1ec7n sau khi \u0111\u1ed7 ph\u1ecfng v\u1ea5n.<\/td>\n<\/tr>\n<tr>\n<td style=\"width: 3%;\">\u25ce<\/td>\n<td style=\"width: 97%;\">N\u1ebfu qu\u00e1 tr\u00ecnh h\u1ecdc t\u1eadp \u00edt h\u01a1n 12 n\u0103m th\u00ec kh\u00f3 c\u00f3 th\u1ec3 h\u1ecdc l\u00ean \u0110\u1ea1i h\u1ecdc \u1edf Nh\u1eadt B\u1ea3n.<\/td>\n<\/tr>\n<\/tbody>\n<\/table>\n<h3 class=\"ttl_h3\">\u2161 Th\u1ee7 t\u1ee5c nh\u1eadp h\u1ecdc<\/h3>\n<p><img loading=\"lazy\" decoding=\"async\" src=\"http:\/\/inter-edu.co.jp\/vn\/wp-content\/uploads\/sites\/4\/2022\/07\/youkou_flow-577x1024.jpg\" alt=\"\" width=\"577\" height=\"1024\" class=\"aligncenter size-large wp-image-181\" srcset=\"https:\/\/inter-edu.co.jp\/vn\/wp-content\/uploads\/sites\/4\/2022\/07\/youkou_flow-577x1024.jpg 577w, https:\/\/inter-edu.co.jp\/vn\/wp-content\/uploads\/sites\/4\/2022\/07\/youkou_flow-169x300.jpg 169w, https:\/\/inter-edu.co.jp\/vn\/wp-content\/uploads\/sites\/4\/2022\/07\/youkou_flow-768x1363.jpg 768w, https:\/\/inter-edu.co.jp\/vn\/wp-content\/uploads\/sites\/4\/2022\/07\/youkou_flow.jpg 800w\" sizes=\"(max-width: 577px) 100vw, 577px\" \/>\n<\/p>\n<h3 class=\"ttl_h3\">\u2162 Th\u1eddi h\u1ea1n n\u1ed9p h\u1ed3 s\u01a1 c\u1ea7n thi\u1ebft<\/h3>\n<p>N\u1ebfu nh\u1eadp h\u1ecdc v\u00e0o th\u00e1ng 4: N\u1ed9p tr\u01b0\u1edbc trung tu\u1ea7n th\u00e1ng 11 c\u1ee7a n\u0103m tr\u01b0\u1edbc<br \/>\nN\u1ebfu nh\u1eadp h\u1ecdc v\u00e0o th\u00e1ng 7: N\u1ed9p tr\u01b0\u1edbc trung tu\u1ea7n th\u00e1ng 2<br \/>\nN\u1ebfu nh\u1eadp h\u1ecdc v\u00e0o th\u00e1ng 10: N\u1ed9p tr\u01b0\u1edbc trung tu\u1ea7n th\u00e1ng 5<br \/>\nN\u1ebfu nh\u1eadp h\u1ecdc v\u00e0o th\u00e1ng 1: N\u1ed9p tr\u01b0\u1edbc trung tu\u1ea7n th\u00e1ng 8<\/p>\n<h3 class=\"ttl_h3\">\u2163 Th\u00f4ng b\u00e1o c\u1ee7a C\u1ee5c Qu\u1ea3n l\u00fd L\u01b0u tr\u00fa v\u00e0 Xu\u1ea5t nh\u1eadp c\u1ea3nh v\u1ec1 \u201cGi\u1ea5y ch\u1ee9ng nh\u1eadn t\u01b0 c\u00e1ch l\u01b0u tr\u00fa\u201d<\/h3>\n<p> N\u1ebfu nh\u1eadp h\u1ecdc v\u00e0o th\u00e1ng 1: Th\u00f4ng b\u00e1o v\u00e0o cu\u1ed1i th\u00e1ng 11<br \/>\nN\u1ebfu nh\u1eadp h\u1ecdc v\u00e0o th\u00e1ng 4: Th\u00f4ng b\u00e1o v\u00e0o cu\u1ed1i th\u00e1ng 2<br \/>\nN\u1ebfu nh\u1eadp h\u1ecdc v\u00e0o th\u00e1ng 7: Th\u00f4ng b\u00e1o v\u00e0o cu\u1ed1i th\u00e1ng 5<br \/>\nN\u1ebfu nh\u1eadp h\u1ecdc v\u00e0o th\u00e1ng 10: Th\u00f4ng b\u00e1o v\u00e0o cu\u1ed1i th\u00e1ng 8<\/p>\n<h3 class=\"ttl_h3\">\u2164 H\u1ed3 s\u01a1 \u0111\u0103ng k\u00fd<\/h3>\n<table>\n<tbody>\n<tr>\n<td width=\"3%\">1.<\/td>\n<td width=\"60%\">\u0110\u01a1n xin nh\u1eadp h\u1ecdc<\/td>\n<td> Theo m\u1eabu c\u1ee7a tr\u01b0\u1eddng<\/td>\n<\/tr>\n<tr>\n<td>2.<\/td>\n<td>L\u00fd do du h\u1ecdc<\/td>\n<td>Theo m\u1eabu c\u1ee7a tr\u01b0\u1eddng<\/td>\n<\/tr>\n<tr>\n<td>3.<\/td>\n<td>B\u1ea3n g\u1ed1c Gi\u1ea5y ch\u1ee9ng nh\u1eadn t\u1ed1t nghi\u1ec7p c\u1ee7a c\u1ea5p h\u1ecdc sau c\u00f9ng v\u00e0 b\u1ea3n sao<\/td>\n<td>Ng\u01b0\u1eddi \u0111\u00e3 t\u1ed1t nghi\u1ec7p \u0111\u1ea1i h\u1ecdc th\u00ec c\u1ea7n n\u1ed9p c\u1ea3 B\u1eb1ng t\u1ed1t nghi\u1ec7p \u0111\u1ea1i h\u1ecdc<\/td>\n<\/tr>\n<tr>\n<td>4.<\/td>\n<td>Gi\u1ea5y ch\u1ee9ng nh\u1eadn n\u0103ng l\u1ef1c ti\u1ebfng Nh\u1eadt, ho\u1eb7c Gi\u1ea5y x\u00e1c nh\u1eadn qu\u00e1 tr\u00ecnh h\u1ecdc ti\u1ebfng Nh\u1eadt<\/td>\n<td>Ghi r\u00f5 s\u1ed1 gi\u1edd \u0111\u00e3 h\u1ecdc<\/td>\n<\/tr>\n<tr>\n<td>5.<\/td>\n<td>6 \u1ea3nh m\u00e0u c\u1ee7a ng\u01b0\u1eddi n\u1ed9p \u0111\u01a1n ch\u1ee5p trong v\u00f2ng 3 th\u00e1ng tr\u1edf l\u1ea1i \u0111\u00e2y<\/td>\n<td>D\u00e0i 4cm\u00d7Ngang 3cm<\/td>\n<\/tr>\n<\/tbody>\n<\/table>\n<p>\u203bTuy nhi\u00ean, nh\u1eefng ng\u01b0\u1eddi \u0111\u00e3 t\u1eebng \u0111i l\u00e0m th\u00ec c\u0169ng ph\u1ea3i n\u1ed9p th\u00eam c\u1ea3 Gi\u1ea5y x\u00e1c nh\u1eadn th\u00f4i vi\u1ec7c.<br \/>\n<br clear=\"all\"><\/p>\n<p><strong>H\u1ed3 s\u01a1 c\u1ea7n thi\u1ebft c\u1ee7a ng\u01b0\u1eddi b\u1ea3o l\u00e3nh t\u00e0i ch\u00ednh (tr\u01b0\u1eddng h\u1ee3p kh\u00f4ng c\u00f3 ng\u01b0\u1eddi b\u1ea3o l\u00e3nh \u1edf Nh\u1eadt B\u1ea3n)<\/strong><\/p>\n<table>\n<tbody>\n<tr>\n<td width=\"3%\">1.<\/td>\n<td width=\"60%\">Gi\u1ea5y cam k\u1ebft b\u1ea3o l\u00e3nh t\u00e0i ch\u00ednh<\/td>\n<td><\/td>\n<\/tr>\n<tr>\n<td>2.<\/td>\n<td>Gi\u1ea5y x\u00e1c nh\u1eadn \u0111ang \u0111i l\u00e0m<\/td>\n<td>N\u1ebfu l\u00e0 nh\u00e2n vi\u00ean c\u00f4ng ty th\u00ec c\u1ea7n b\u1ea3n c\u00f4ng ch\u1ee9ng<\/td>\n<\/tr>\n<tr>\n<td>3.<\/td>\n<td>Gi\u1ea5y x\u00e1c nh\u1eadn thu nh\u1eadp h\u00e0ng n\u0103m<\/td>\n<td><\/td>\n<\/tr>\n<tr>\n<td>4.<\/td>\n<td>Gi\u1ea5y x\u00e1c nh\u1eadn s\u1ed1 d\u01b0 ng\u00e2n h\u00e0ng<\/td>\n<td>C\u1ea7n c\u00f3 kho\u1ea3n ti\u1ec1n m\u1eb7t kho\u1ea3ng 3.000.000 y\u00ean v\u00e0 b\u1ea3n ph\u00f4 t\u00f4 m\u00e0u c\u1ee7a s\u1ed5 ti\u1ebft ki\u1ec7m<\/td>\n<\/tr>\n<tr>\n<td>5.<\/td>\n<td>B\u1ea3n c\u00f4ng ch\u1ee9ng m\u1ed1i quan h\u1ec7 gi\u1eefa ng\u01b0\u1eddi n\u1ed9p \u0111\u01a1n xin v\u00e0 ng\u01b0\u1eddi b\u1ea3o l\u00e3nh t\u00e0i ch\u00ednh<\/td>\n<td><\/td>\n<\/tr>\n<tr>\n<td>6.<\/td>\n<td>B\u1ea3n sao s\u1ed5 h\u1ed9 kh\u1ea9u to\u00e0n b\u1ed9 th\u00e0nh vi\u00ean trong gia \u0111\u00ecnh v\u00e0 Ch\u1ee9ng minh nh\u00e2n d\u00e2n<\/td>\n<td><\/td>\n<\/tr>\n<tr>\n<td>7.<\/td>\n<td>Gi\u1ea5y gi\u1ea3i tr\u00ecnh v\u1ec1 ngu\u1ed3n g\u1ed1c h\u00ecnh th\u00e0nh t\u00e0i s\u1ea3n d\u00f9ng cho chi ph\u00ed du h\u1ecdc<\/td>\n<td>Theo m\u1eabu quy \u0111\u1ecbnh<\/td>\n<\/tr>\n<\/tbody>\n<\/table>\n<p>\u203bN\u1ebfu ng\u01b0\u1eddi b\u1ea3o l\u00e3nh t\u00e0i ch\u00ednh \u0111ang s\u1ed1ng \u1edf Nh\u1eadt th\u00ec c\u1ea7n c\u00f3 Gi\u1ea5y gi\u1ea3i tr\u00ecnh v\u1ec1 b\u1ea3o l\u00e3nh<br \/>\n<br clear=\"all\"><\/p>\n<p>\u226aN\u1ed9i dung ch\u00fa \u00fd khi vi\u1ebft th\u00f4ng tin trong h\u1ed3 s\u01a1\u226b<\/p>\n<table>\n<tbody>\n<tr>\n<td width=\"3%\">1.<\/td>\n<td>N\u1ebfu vi\u1ebft b\u1eb1ng tay th\u00ec b\u1ea3n th\u00e2n ng\u01b0\u1eddi n\u1ed9p \u0111\u01a1n ph\u1ea3i t\u1ef1 vi\u1ebft b\u1eb1ng m\u1ef1c m\u00e0u \u0111en b\u1eb1ng ng\u00f4n ng\u1eef m\u1eb9 \u0111\u1ebb c\u1ee7a m\u00ecnh. (C\u00f3 th\u1ec3 d\u00f9ng m\u00e1y t\u00ednh \u0111\u1ec3 vi\u1ebft)<\/td>\n<\/tr>\n<tr>\n<td>2.<\/td>\n<td>Ph\u1ea3i ghi r\u00f5 l\u00e0 tr\u00f2n bao nhi\u00eau tu\u1ed5i, ghi c\u1ea3 m\u00e3 v\u00f9ng c\u1ee7a s\u1ed1 \u0111i\u1ec7n tho\u1ea1i .<\/td>\n<\/tr>\n<tr>\n<td>3.<\/td>\n<td>\u0110\u1ecba ch\u1ec9 gia \u0111\u00ecnh ph\u1ea3i kh\u1edbp v\u1edbi gi\u1ea5y t\u1edd c\u00f4ng ch\u1ee9ng.<\/td>\n<\/tr>\n<tr>\n<td>4.<\/td>\n<td>B\u1ea3ng k\u1ebft qu\u1ea3 h\u1ecdc t\u1eadp ph\u1ea3i c\u00f3 d\u1ea5u c\u1ee7a Nh\u00e0 tr\u01b0\u1eddng v\u00e0 ch\u1eef k\u00fd c\u1ee7a ng\u01b0\u1eddi ch\u1ecbu tr\u00e1ch nhi\u1ec7m.<\/td>\n<\/tr>\n<tr>\n<td>5.<\/td>\n<td>Trong Gi\u1ea5y ch\u1ee9ng nh\u1eadn n\u0103ng l\u1ef1c ti\u1ebfng Nh\u1eadt, ho\u1eb7c Gi\u1ea5y x\u00e1c nh\u1eadn qu\u00e1 tr\u00ecnh h\u1ecdc ti\u1ebfng Nh\u1eadt, ph\u1ea3i c\u00f3 ch\u1eef k\u00fd c\u1ee7a ng\u01b0\u1eddi ch\u1ecbu tr\u00e1ch nhi\u1ec7m, ghi r\u00f5 t\u00ean gi\u00e1o tr\u00ecnh \u0111\u00e3 s\u1eed d\u1ee5ng v\u00e0 s\u1ed1 gi\u1edd \u0111\u00e3 h\u1ecdc.<\/td>\n<\/tr>\n<tr>\n<td>6.<\/td>\n<td>Trong c\u1ed9t qu\u00e1 tr\u00ecnh h\u1ecdc t\u1eadp ghi trong S\u01a1 y\u1ebfu l\u00fd l\u1ecbch, ph\u1ea3i ghi s\u1ed1 \u0111i\u1ec7n tho\u1ea1i c\u1ee7a Nh\u00e0 tr\u01b0\u1eddng v\u00e0 ghi t\u00ean Khoa c\u1ee7a tr\u01b0\u1eddng \u0111\u1ea1i h\u1ecdc.<\/td>\n<\/tr>\n<tr>\n<td>7.<\/td>\n<td>Khi ghi qu\u00e1 tr\u00ecnh h\u1ecdc t\u1eadp, qu\u00e1 tr\u00ecnh l\u00e0m vi\u1ec7c trong S\u01a1 y\u1ebfu l\u00fd l\u1ecbch, ph\u1ea3i ghi \u0111\u1ea7y \u0111\u1ee7 \u0111\u1ec3 kh\u00f4ng c\u00f3 kho\u1ea3ng th\u1eddi gian tr\u1ed1ng n\u00e0o. N\u1ebfu c\u00f3 kho\u1ea3ng th\u1eddi gian tr\u1ed1ng t\u1eeb 1 th\u00e1ng tr\u1edf l\u00ean th\u00ec ph\u1ea3i gi\u1ea3i th\u00edch s\u1ef1 vi\u1ec7c x\u1ea3y ra trong kho\u1ea3ng th\u1eddi gian \u0111\u00f3 b\u1eb1ng v\u0103n b\u1ea3n kh\u00e1c.<\/td>\n<\/tr>\n<tr>\n<td>8.<\/td>\n<td>Trong ph\u1ea7n L\u00fd do du h\u1ecdc v\u00e0 D\u1ef1 \u0111\u1ecbnh sau khi h\u1ecdc xong, ph\u1ea3i ghi c\u1ee5 th\u1ec3 l\u00fd do, m\u1ee5c \u0111\u00edch h\u1ecdc ti\u1ebfng Nh\u1eadt, ghi r\u00f5 s\u1ef1 c\u1ea7n thi\u1ebft c\u1ee7a vi\u1ec7c \u0111\u00f3. Ngo\u00e0i ra, ghi c\u1ee5 th\u1ec3 c\u1ee7a d\u1ef1 \u0111\u1ecbnh h\u1ecdc l\u00ean cao sau khi k\u1ebft th\u00fac kh\u00f3a h\u1ecdc ti\u1ebfng Nh\u1eadt.<\/td>\n<\/tr>\n<tr>\n<td>9.<\/td>\n<td>Ph\u1ea3i ghi r\u00f5 vi\u1ec7c \u0111\u00e3 t\u1eebng sang Nh\u1eadt ch\u01b0a, nh\u1eefng ng\u01b0\u1eddi \u0111\u00e3 c\u00f3 h\u1ed9 chi\u1ebfu th\u00ec ph\u1ea3i n\u1ed9p b\u1ea3n sao h\u1ed9 chi\u1ebfu. <\/td>\n<\/tr>\n<\/tbody>\n<\/table>\n<p>\u226aN\u1ed9i dung ch\u00fa \u00fd khi chu\u1ea9n b\u1ecbh\u1ed3 s\u01a1 \u0111\u0103ng k\u00fd\u226b<\/p>\n<table>\n<tbody>\n<tr>\n<td width=\"3%\">1.<\/td>\n<td>Gi\u1ea5y x\u00e1c nh\u1eadn \u0111ang l\u00e0m vi\u1ec7c v\u00e0 Gi\u1ea5y x\u00e1c nh\u1eadn thu nh\u1eadp, B\u1ea3ng l\u01b0\u01a1ng chi ti\u1ebft ph\u1ea3i s\u1eed d\u1ee5ng lo\u1ea1i gi\u1ea5y vi\u1ebft c\u00f3 in t\u00ean c\u00f4ng ty n\u01a1i l\u00e0m vi\u1ec7c. Ngo\u00e0i ra ph\u1ea3i c\u00f3 ch\u1eef k\u00fd c\u1ee7a ng\u01b0\u1eddi ch\u1ecbu tr\u00e1ch nhi\u1ec7m, d\u1ea5u c\u1ee7a c\u00f4ng ty Trong Gi\u1ea5y x\u00e1c nh\u1eadn thu nh\u1eadp, ph\u1ea3i ghi r\u00f5 thu nh\u1eadp c\u1ee7a v\u00e0i n\u0103m g\u1ea7n \u0111\u00e2y (bao g\u1ed3m ti\u1ec1n th\u01b0\u1edfng v\u00e0 c\u1ed5 t\u1ee9c).<\/td>\n<\/tr>\n<tr>\n<td>2.<\/td>\n<td>To\u00e0n b\u1ed9 gi\u1ea5y t\u1edd \u0111\u1ec1u l\u00e0 gi\u1ea5y t\u1edd \u0111\u01b0\u1ee3c ph\u00e1t h\u00e0nh trong v\u00f2ng 3 th\u00e1ng t\u00ednh \u0111\u1ebfn ng\u00e0y \u0111\u0103ng k\u00fd.<\/td>\n<\/tr>\n<tr>\n<td>3.<\/td>\n<td>L\u01b0u \u00fd r\u1eb1ng kho\u1ea3n ti\u1ec1n g\u1eedi ng\u00e2n h\u00e0ng c\u00f3 ng\u00e0y th\u00e1ng m\u1edbi g\u1ea7n \u0111\u00e2y s\u1ebd d\u1ec5 b\u1ecb hi\u1ec3u nh\u1ea7m th\u00e0nh kho\u1ea3n vay.<\/td>\n<\/tr>\n<tr>\n<td>4.<\/td>\n<td>V\u1ec1 ng\u01b0\u1eddi b\u1ea3o l\u00e3nh t\u00e0i ch\u00ednh, n\u1ebfu c\u1ea3 2 b\u1ed1 m\u1eb9 \u0111\u1ec1u c\u00f3 thu nh\u1eadp th\u00ec s\u1ebd \u0111\u1ec3 c\u1ea3 2 ng\u01b0\u1eddi l\u00e0 ng\u01b0\u1eddi b\u1ea3o l\u00e3nh t\u00e0i ch\u00ednh.<\/td>\n<\/tr>\n<tr>\n<td>5.<\/td>\n<td>Nh\u1eefng ng\u01b0\u1eddi tr\u01b0\u1edbc \u0111\u00e2y \u0111\u00e3 t\u1eebng \u0111\u0103ng k\u00fd v\u00e0o m\u1ed9t tr\u01b0\u1eddng kh\u00e1c v\u00e0 b\u1ecb tr\u01b0\u1ee3t th\u00ec ph\u1ea3i th\u00f4ng b\u00e1o tr\u01b0\u1edbc cho Nh\u00e0 tr\u01b0\u1eddng ch\u00fang t\u00f4i v\u1ec1 t\u00ean tr\u01b0\u1eddng \u0111\u00e3 \u0111\u0103ng k\u00fd l\u1ea7n tr\u01b0\u1edbc, l\u00fd do tr\u01b0\u1ee3t, ng\u00e0y th\u00e1ng \u0111\u0103ng k\u00fd.<\/td>\n<\/tr>\n<\/tbody>\n<\/table>\n","protected":false},"excerpt":{"rendered":"<p>H\u01b0\u1edbng d\u1eabn tuy\u1ec3n sinh \u2160 \u0110i\u1ec1u ki\u1ec7n nh\u1eadp h\u1ecdc 1. Ph\u1ea3i c\u00f3 m\u1ee5c ti\u00eau r\u00f5 r\u00e0ng khi h\u1ecdc ti\u1ebfng Nh\u1eadt v\u00e0 quy\u1ebft t\u00e2m theo h\u1ecdc. 2. Kh\u00f3a h\u1ecdc 1 n\u0103m: Tr\u00ecnh \u0111\u1ed9 t\u01b0\u01a1ng \u0111\u01b0\u01a1ng N3 K\u1ef3 thi n\u0103ng l\u1ef1c ti\u1ebfng Nh\u1eadt\/ L\u00e0 ng\u01b0\u1eddi \u0111\u00e3 h\u1ecdc ti\u1ebfng Nh\u1eadt kho\u1ea3ng 300 gi\u1edd Kh\u00f3a h\u1ecdc 1 n\u0103m 6&#8230;<\/p>\n","protected":false},"author":1,"featured_media":0,"parent":23,"menu_order":4,"comment_status":"closed","ping_status":"closed","template":"","meta":{"footnotes":""},"tags":[],"aioseo_notices":[],"_links":{"self":[{"href":"https:\/\/inter-edu.co.jp\/vn\/wp-json\/wp\/v2\/pages\/51"}],"collection":[{"href":"https:\/\/inter-edu.co.jp\/vn\/wp-json\/wp\/v2\/pages"}],"about":[{"href":"https:\/\/inter-edu.co.jp\/vn\/wp-json\/wp\/v2\/types\/page"}],"author":[{"embeddable":true,"href":"https:\/\/inter-edu.co.jp\/vn\/wp-json\/wp\/v2\/users\/1"}],"replies":[{"embeddable":true,"href":"https:\/\/inter-edu.co.jp\/vn\/wp-json\/wp\/v2\/comments?post=51"}],"version-history":[{"count":3,"href":"https:\/\/inter-edu.co.jp\/vn\/wp-json\/wp\/v2\/pages\/51\/revisions"}],"predecessor-version":[{"id":182,"href":"https:\/\/inter-edu.co.jp\/vn\/wp-json\/wp\/v2\/pages\/51\/revisions\/182"}],"up":[{"embeddable":true,"href":"https:\/\/inter-edu.co.jp\/vn\/wp-json\/wp\/v2\/pages\/23"}],"wp:attachment":[{"href":"https:\/\/inter-edu.co.jp\/vn\/wp-json\/wp\/v2\/media?parent=51"}],"wp:term":[{"taxonomy":"post_tag","embeddable":true,"href":"https:\/\/inter-edu.co.jp\/vn\/wp-json\/wp\/v2\/tags?post=51"}],"curies":[{"name":"wp","href":"https:\/\/api.w.org\/{rel}","templated":true}]}}