{"id":55,"date":"2022-05-18T21:21:56","date_gmt":"2022-05-18T12:21:56","guid":{"rendered":"http:\/\/inter-edu.co.jp\/vn\/?page_id=55"},"modified":"2022-05-18T21:30:18","modified_gmt":"2022-05-18T12:30:18","slug":"price","status":"publish","type":"page","link":"https:\/\/inter-edu.co.jp\/vn\/school\/price\/","title":{"rendered":"Chi ph\u00ed du h\u1ecdc"},"content":{"rendered":"<h3 class=\"ttl_h3\">Chi ph\u00ed du h\u1ecdc<\/h3>\n<p><strong><span style=\"font-size: 12pt; color: #0000ff;\">* H\u1ecdc ph\u00ed c\u1ee7a tr\u01b0\u1eddng ch\u00fang t\u00f4i bao g\u1ed3m c\u00e1c kho\u1ea3n sau:<\/span><\/strong><\/p>\n<table>\n<tbody>\n<tr>\n<th>Ph\u00ed gi\u00e1o tr\u00ecnh<\/th>\n<td>Kho\u1ea3ng 10.000 y\u00ean (1 n\u0103m), Kho\u1ea3ng 20.000 y\u00ean (2 n\u0103m)<\/td>\n<\/tr>\n<tr>\n<th>H\u1ecdc ngo\u1ea1i kh\u00f3a<\/th>\n<td>Kho\u1ea3ng 25.000 y\u00ean (2 l\u1ea7n\/n\u0103m v\u00e0o m\u00f9a xu\u00e2n v\u00e0 m\u00f9a thu)<\/td>\n<\/tr>\n<tr>\n<th>Kh\u00e1m s\u1ee9c kh\u1ecfe<\/th>\n<td>Kho\u1ea3ng 5.000 y\u00ean (1 n\u0103m)<\/td>\n<\/tr>\n<tr>\n<th>Ti\u1ec7c t\u1ed1t nghi\u1ec7p<\/th>\n<td>Kho\u1ea3ng 6.000 y\u00ean<\/td>\n<\/tr>\n<tr>\n<th>Thu\u1ebf ti\u00eau th\u1ee5<\/th>\n<td>10%<\/td>\n<\/tr>\n<\/tbody>\n<\/table>\n<p>&nbsp;<\/p>\n<p><span style=\"color: #0000ff;\"><strong>1\uff0eChi ph\u00ed du h\u1ecdc<\/strong><\/span><\/p>\n<table>\n<tbody>\n<tr>\n<th width=\"14%\">Kh\u00f3a h\u1ecdc<\/th>\n<th width=\"14%\">N\u0103m<\/th>\n<th>Ph\u00ed ki\u1ec3m tra \u0111\u1ea7u v\u00e0o<\/th>\n<th>Ph\u00ed nh\u1eadp h\u1ecdc<\/th>\n<th>H\u1ecdc ph\u00ed<\/th>\n<th>Ph\u00ed b\u1ea3o tr\u00ec c\u01a1 s\u1edf v\u1eadt ch\u1ea5t<\/th>\n<th>T\u1ed5ng<\/th>\n<\/tr>\n<tr>\n<th>1 n\u0103m<\/th>\n<th>N\u0103m th\u1ee9 1<\/th>\n<td>30.000 y\u00ean<\/td>\n<td>80.000 y\u00ean<\/td>\n<td>660.000 y\u00ean<\/td>\n<td>20.000 y\u00ean<\/td>\n<td>790.000 y\u00ean<\/td>\n<\/tr>\n<tr>\n<th style=\"vertical-align: middle;\" rowspan=\"2\">1 n\u0103m 3 th\u00e1ng<\/th>\n<th>N\u0103m th\u1ee9 1<\/th>\n<td>30.000 y\u00ean<\/td>\n<td>80.000 y\u00ean<\/td>\n<td>660.000 y\u00ean<\/td>\n<td>20.000 y\u00ean<\/td>\n<td>790.000 y\u00ean<\/td>\n<\/tr>\n<tr>\n<th>N\u0103m th\u1ee9 2<br \/>\n(\u0111\u00f3ng 3 th\u00e1ng)<\/th>\n<td>\u2013<\/td>\n<td>\u2013<\/td>\n<td>150.000 y\u00ean<\/td>\n<td>20.000 y\u00ean<\/td>\n<td>170.000 y\u00ean<\/td>\n<\/tr>\n<tr>\n<th style=\"vertical-align: middle;\" rowspan=\"2\">1 n\u0103m 6 th\u00e1ng<\/th>\n<th>N\u0103m th\u1ee9 1<\/th>\n<td>30.000 y\u00ean<\/td>\n<td>80.000 y\u00ean<\/td>\n<td>660.000 y\u00ean<\/td>\n<td>20.000 y\u00ean<\/td>\n<td>790.000 y\u00ean<\/td>\n<\/tr>\n<tr>\n<th>N\u0103m th\u1ee9 2<br \/>\n(\u0111\u00f3ng 6 th\u00e1ng)<\/th>\n<td>\u2013<\/td>\n<td>\u2013<\/td>\n<td>320.000 y\u00ean<\/td>\n<td>20.000 y\u00ean<\/td>\n<td>340.000 y\u00ean<\/td>\n<\/tr>\n<tr>\n<th style=\"vertical-align: middle;\" rowspan=\"2\">1 n\u0103m 9 th\u00e1ng<\/th>\n<th>N\u0103m th\u1ee9 1<\/th>\n<td>30.000 y\u00ean<\/td>\n<td>80.000 y\u00ean<\/td>\n<td>660.000 y\u00ean<\/td>\n<td>20.000 y\u00ean<\/td>\n<td>790.000 y\u00ean<\/td>\n<\/tr>\n<tr>\n<th>N\u0103m th\u1ee9 2<br \/>\n(\u0111\u00f3ng 9 th\u00e1ng)<\/th>\n<td>\u2013<\/td>\n<td>\u2013<\/td>\n<td>490.000 y\u00ean<\/td>\n<td>20.000 y\u00ean<\/td>\n<td>510.000 y\u00ean<\/td>\n<\/tr>\n<tr>\n<th style=\"vertical-align: middle;\" rowspan=\"2\">2 n\u0103m<\/th>\n<th>N\u0103m th\u1ee9 1<\/th>\n<td>30.000 y\u00ean<\/td>\n<td>80.000 y\u00ean<\/td>\n<td>660.000 y\u00ean<\/td>\n<td>20.000 y\u00ean<\/td>\n<td>790.000 y\u00ean<\/td>\n<\/tr>\n<tr>\n<th>N\u0103m th\u1ee9 2<\/th>\n<td>\u2013<\/td>\n<td>\u2013<\/td>\n<td>660.000 y\u00ean<\/td>\n<td>20.000 y\u00ean<\/td>\n<td>680.000 y\u00ean<\/td>\n<\/tr>\n<\/tbody>\n<\/table>\n<p>*Ph\u00ed gi\u00e1o tr\u00ecnh bao g\u1ed3m trong H\u1ecdc ph\u00ed.<br \/>\n*Ph\u00ed ki\u1ec3m tra \u0111\u1ea7u v\u00e0o: N\u1ed9p tr\u01b0\u1edbc khi ph\u1ecfng v\u1ea5n.<br \/>\n*T\u1ed5ng s\u1ed1 ti\u1ec1n c\u1ea7n chuy\u1ec3n l\u00e0 790.000 y\u00ean: Sau khi ch\u00fang t\u00f4i x\u00e1c nh\u1eadn \u0111\u01b0\u1ee3c vi\u1ec7c chuy\u1ec3n ti\u1ec1n, ch\u00fang t\u00f4i s\u1ebd g\u1eedi b\u1ea3n g\u1ed1c \u201cGi\u1ea5y ch\u1ee9ng nh\u1eadn t\u01b0 c\u00e1ch l\u01b0u tr\u00fa\u201d.<br \/>\n*Chi ph\u00ed y t\u1ebf \u1edf Nh\u1eadt r\u1ea5t \u0111\u1eaft, v\u00ec v\u1eady h\u1ecdc vi\u00ean b\u1eaft bu\u1ed9c ph\u1ea3i tham gia b\u1ea3o hi\u1ec3m y t\u1ebf qu\u1ed1c d\u00e2n.<br \/>\n*sau khi nh\u1eadp h\u1ecdc H\u1ecdc ph\u00ed \u0111\u00e3 n\u1ed9p s\u1ebd kh\u00f4ng \u0111\u01b0\u1ee3c ho\u00e0n tr\u1ea3 b\u1ea5t k\u1ef3 l\u00fd do g\u00ec.<\/p>\n<p>*V\u00ed d\u1ee5 chi ph\u00ed sinh ho\u1ea1t \u1edf Osaka<br \/>\n\u2015\u2015\u2015\u2015\u2015\u2015\u2015\u2015\u2015\u2015\u2015\u2015\u2015\u2015\u2015\u2015\u2015\u2015\u2015\u2015\u2015\u2015\u2015\u2015\u2015\u2015\u2015\u2015\u2015<br \/>\nTi\u1ec1n thu\u00ea nh\u00e0: 40.000 y\u00ean<br \/>\nTi\u1ec1n \u0103n: 40.000 y\u00ean<br \/>\nTi\u1ec1n \u0111i\u1ec7n n\u01b0\u1edbc: 5.000 y\u00ean<br \/>\nTi\u1ec1n \u0111i\u1ec7n tho\u1ea1i: 5.000 y\u00ean<br \/>\n\u2015\u2015\u2015\u2015\u2015\u2015\u2015\u2015\u2015\u2015\u2015\u2015\u2015\u2015\u2015\u2015\u2015\u2015\u2015\u2015\u2015\u2015\u2015\u2015\u2015\u2015\u2015\u2015\u2015<br \/>\nT\u1ed5ng: 90.000 y\u00ean<\/p>\n<p><strong><span style=\"color: #0000ff;\">2. V\u1ec1 vi\u1ec7c n\u1ed9p h\u1ecdc ph\u00ed<\/span><\/strong><br \/>\nH\u1ecdc vi\u00ean ph\u1ea3i n\u1ed9p to\u00e0n b\u1ed9 s\u1ed1 ti\u1ec1n quy \u0111\u1ecbnh tr\u01b0\u1edbc khi gia h\u1ea1n visa.<\/p>\n<p><strong><span style=\"color: #0000ff;\">3. Ch\u1eadm n\u1ed9p ti\u1ec1n<\/span><\/strong><br \/>\nN\u1ebfu ch\u1eadm n\u1ed9p h\u1ecdc ph\u00ed t\u1eeb 1 th\u00e1ng tr\u1edf l\u00ean k\u1ec3 t\u1eeb ng\u00e0y quy \u0111\u1ecbnh th\u00ec v\u1ec1 nguy\u00ean t\u1eafc, s\u1ebd b\u1ecb x\u1eed ph\u1ea1t \u0111u\u1ed5i h\u1ecdc.<\/p>\n<p><strong><span style=\"color: #0000ff;\">4. V\u1ec1 vi\u1ec7c gia h\u1ea1n visa l\u1ea7n sau<\/span><\/strong><br \/>\nPh\u1ea3i n\u1ed9p tr\u01b0\u1edbc to\u00e0n b\u1ed9 h\u1ecdc ph\u00ed t\u01b0\u01a1ng \u1ee9ng v\u1edbi th\u1eddi gian \u1edf trong tr\u01b0\u1eddng. Nh\u1eefng ng\u01b0\u1eddi \u0111\u00e3 n\u1ed9p to\u00e0n b\u1ed9 h\u1ecdc ph\u00ed theo quy \u0111\u1ecbnh c\u00f3 th\u1ec3 xin gia h\u1ea1n visa.<br \/>\n*Tuy nhi\u00ean, \u0111\u1ed1i v\u1edbi h\u1ecdc vi\u00ean c\u00f3 t\u1ef7 l\u1ec7 chuy\u00ean c\u1ea7n th\u1ea5p, k\u1ebft qu\u1ea3 h\u1ecdc t\u1eadp k\u00e9m th\u00ec nh\u00e0 tr\u01b0\u1eddng s\u1ebd kh\u00f4ng c\u1ea5p Gi\u1ea5y ch\u1ee9ng nh\u1eadn.<\/p>\n","protected":false},"excerpt":{"rendered":"<p>Chi ph\u00ed du h\u1ecdc * H\u1ecdc ph\u00ed c\u1ee7a tr\u01b0\u1eddng ch\u00fang t\u00f4i bao g\u1ed3m c\u00e1c kho\u1ea3n sau: Ph\u00ed gi\u00e1o tr\u00ecnh Kho\u1ea3ng 10.000 y\u00ean (1 n\u0103m), Kho\u1ea3ng 20.000 y\u00ean (2 n\u0103m) H\u1ecdc ngo\u1ea1i kh\u00f3a Kho\u1ea3ng 25.000 y\u00ean (2 l\u1ea7n\/n\u0103m v\u00e0o m\u00f9a xu\u00e2n v\u00e0 m\u00f9a thu) Kh\u00e1m s\u1ee9c kh\u1ecfe Kho\u1ea3ng 5.000 y\u00ean (1 n\u0103m) Ti\u1ec7c t\u1ed1t nghi\u1ec7p Kho\u1ea3ng&#8230;<\/p>\n","protected":false},"author":1,"featured_media":0,"parent":23,"menu_order":5,"comment_status":"closed","ping_status":"closed","template":"","meta":{"footnotes":""},"tags":[],"aioseo_notices":[],"_links":{"self":[{"href":"https:\/\/inter-edu.co.jp\/vn\/wp-json\/wp\/v2\/pages\/55"}],"collection":[{"href":"https:\/\/inter-edu.co.jp\/vn\/wp-json\/wp\/v2\/pages"}],"about":[{"href":"https:\/\/inter-edu.co.jp\/vn\/wp-json\/wp\/v2\/types\/page"}],"author":[{"embeddable":true,"href":"https:\/\/inter-edu.co.jp\/vn\/wp-json\/wp\/v2\/users\/1"}],"replies":[{"embeddable":true,"href":"https:\/\/inter-edu.co.jp\/vn\/wp-json\/wp\/v2\/comments?post=55"}],"version-history":[{"count":4,"href":"https:\/\/inter-edu.co.jp\/vn\/wp-json\/wp\/v2\/pages\/55\/revisions"}],"predecessor-version":[{"id":59,"href":"https:\/\/inter-edu.co.jp\/vn\/wp-json\/wp\/v2\/pages\/55\/revisions\/59"}],"up":[{"embeddable":true,"href":"https:\/\/inter-edu.co.jp\/vn\/wp-json\/wp\/v2\/pages\/23"}],"wp:attachment":[{"href":"https:\/\/inter-edu.co.jp\/vn\/wp-json\/wp\/v2\/media?parent=55"}],"wp:term":[{"taxonomy":"post_tag","embeddable":true,"href":"https:\/\/inter-edu.co.jp\/vn\/wp-json\/wp\/v2\/tags?post=55"}],"curies":[{"name":"wp","href":"https:\/\/api.w.org\/{rel}","templated":true}]}}