{"id":61,"date":"2022-05-19T22:26:57","date_gmt":"2022-05-19T13:26:57","guid":{"rendered":"http:\/\/inter-edu.co.jp\/vn\/?page_id=61"},"modified":"2022-07-20T22:27:40","modified_gmt":"2022-07-20T13:27:40","slug":"curriculum","status":"publish","type":"page","link":"https:\/\/inter-edu.co.jp\/vn\/school\/curriculum\/","title":{"rendered":"Ch\u01b0\u01a1ng tr\u00ecnh gi\u1ea3ng d\u1ea1y"},"content":{"rendered":"<p><img loading=\"lazy\" decoding=\"async\" src=\"http:\/\/inter-edu.co.jp\/vn\/wp-content\/uploads\/sites\/4\/2022\/07\/curriculum_01.jpg\" alt=\"\" width=\"700\" height=\"120\" class=\"aligncenter size-full wp-image-145\" srcset=\"https:\/\/inter-edu.co.jp\/vn\/wp-content\/uploads\/sites\/4\/2022\/07\/curriculum_01.jpg 700w, https:\/\/inter-edu.co.jp\/vn\/wp-content\/uploads\/sites\/4\/2022\/07\/curriculum_01-300x51.jpg 300w\" sizes=\"(max-width: 700px) 100vw, 700px\" \/><\/p>\n<p><iframe loading=\"lazy\" title=\"Vui h\u1ecdc ti\u1ebfng Nh\u1eadt\u3000Enjoy Learning Japanese\" width=\"500\" height=\"281\" src=\"https:\/\/www.youtube.com\/embed\/pM1Uk6XxqT0?feature=oembed\" frameborder=\"0\" allow=\"accelerometer; autoplay; encrypted-media; gyroscope; picture-in-picture\" allowfullscreen><\/iframe><\/p>\n<p>Tri\u1ec7t \u0111\u1ec3 h\u1ed9i tho\u1ea1i b\u1eb1ng ti\u1ebfng Nh\u1eadt khi \u1edf tr\u01b0\u1eddng. \u0110\u1ed9i ng\u0169 gi\u00e1o vi\u00ean gi\u00e0u kinh nghi\u1ec7m v\u00e0 k\u1ef9 n\u0103ng gi\u1ea3ng d\u1ea1y ti\u1ebfng Nh\u1eadt v\u1eeba nghi\u00eam kh\u1eafc v\u1eeba d\u1ecbu d\u00e0ng, hi\u1ec3u r\u00f5 m\u1ee5c ti\u00eau du h\u1ecdc c\u1ee7a h\u1ecdc vi\u00ean, nhi\u1ec7t t\u00ecnh h\u01b0\u1edbng d\u1eabn cho h\u1ecdc vi\u00ean v\u1edbi tr\u1ecdng t\u00e2m gi\u00fap h\u1ecdc vi\u00ean \u0111\u1ed7 k\u1ef3 thi ti\u1ebfng Nh\u1eadt v\u00e0 gi\u00fap h\u1ecdc vi\u00ean th\u00f4ng th\u1ea1o ti\u1ebfng Nh\u1eadt \u0111\u1ec3 gi\u00fap \u00edch cho cu\u1ed9c s\u1ed1ng. Ch\u00fang t\u00f4i tri\u1ec3n khai c\u00e1c gi\u1edd h\u1ecdc h\u01b0\u1edbng d\u1eabn m\u1ed9t c\u00e1ch t\u1ef7 m\u1ec9 cho t\u1eebng h\u1ecdc vi\u00ean b\u1eb1ng c\u00e1ch ph\u00e2n b\u1ed1 l\u1edbp h\u1ecdc s\u1ed1 l\u01b0\u1ee3ng r\u1ea5t \u00edt h\u1ecdc vi\u00ean.<\/p>\n<h2 class=\"ttl_h2\">Ch\u01b0\u01a1ng tr\u00ecnh gi\u1ea3ng d\u1ea1y c\u1ee7a kh\u00f3a h\u1ecdc (Kh\u00f3a h\u1ecdc l\u00ean cao 2 n\u0103m)<\/h2>\n<h3 class=\"ttl_h3\">S\u01a1 c\u1ea5p 1, 2<\/h3>\n<table>\n<tbody>\n<tr>\n<th class=\"mds\">M\u1ee5c ti\u00eau \u0111\u1ea1t \u0111\u01b0\u1ee3c<\/th>\n<th class=\"mds\">Th\u1eddi gian h\u1ecdc<\/th>\n<th class=\"mds\">H\u00ecnh th\u1ee9c gi\u1ea3ng d\u1ea1y<\/th>\n<\/tr>\n<tr>\n<td> C\u00f3 th\u1ec3 n\u00f3i nh\u1eefng c\u00e2u h\u1ed9i tho\u1ea1i h\u1eefu \u00edch trong cu\u1ed9c s\u1ed1ng h\u00e0ng ng\u00e0y,<br \/>\nkh\u1ea3 n\u0103ng \u0111\u1ecdc v\u00e0 vi\u1ebft c\u00e1c c\u00e2u \u0111\u01a1n gi\u1ea3n<\/td>\n<td>6 th\u00e1ng<br \/>\n390 gi\u1edd<\/td>\n<td>Ho\u1ea1t \u0111\u1ed9ng gi\u1ea3ng d\u1ea1y tr\u00ean l\u1edbp<br \/>\nCh\u01b0\u01a1ng tr\u00ecnh<\/td>\n<\/tr>\n<\/tbody>\n<\/table>\n<table>\n<tbody>\n<tr>\n<th class=\"mds\">Y\u1ebfu t\u1ed1 ng\u00f4n ng\u1eef<\/th>\n<th class=\"mds\">K\u1ef9 n\u0103ng ng\u00f4n ng\u1eef<\/th>\n<\/tr>\n<tr>\n<td>Kh\u1ea3 n\u0103ng n\u00f3i ti\u00eau ti\u00eau chu\u1ea9n<br \/>\nKho\u1ea3ng 300 ch\u1eef H\u00e1n<br \/>\nKho\u1ea3ng 1.500 t\u1eeb v\u1ef1ng<br \/>\nS\u1eed d\u1ee5ng m\u1eabu c\u00e2u, ng\u1eef ph\u00e1p c\u01a1 b\u1ea3n<\/td>\n<td>\u2606C\u00f3 th\u1ec3 tr\u1ea3 l\u1eddi \u0111\u01a1n gi\u1ea3n b\u1eb1ng c\u00e2u ng\u1eafn<br \/>\n\u2606C\u00f3 th\u1ec3 \u0111\u1eb7t c\u00e2u h\u1ecfi, c\u00e2u y\u00eau c\u1ea7u cho ng\u01b0\u1eddi g\u1eb7p l\u1ea7n \u0111\u1ea7u<br \/>\n\u2606C\u00f3 th\u1ec3 gi\u1ea3i th\u00edch c\u00e1c ch\u1ec9 th\u1ecb \u0111\u01a1n gi\u1ea3n<br \/>\n\u2606\u0110\u1ecdc \u0111\u01b0\u1ee3c c\u00e2u c\u00f3 l\u1eabn ch\u1eef Katakana v\u00e0 ch\u1eef H\u00e1n \u0111\u01a1n gi\u1ea3n<\/td>\n<\/tr>\n<\/tbody>\n<\/table>\n<h3 class=\"ttl_h3\">Trung c\u1ea5p 1,2<\/h3>\n<table>\n<tbody>\n<tr>\n<th class=\"mds\">M\u1ee5c ti\u00eau \u0111\u1ea1t \u0111\u01b0\u1ee3c<\/th>\n<th class=\"mds\">Th\u1eddi gian h\u1ecdc<\/th>\n<th class=\"mds\">H\u00ecnh th\u1ee9c gi\u1ea3ng d\u1ea1y<\/th>\n<\/tr>\n<tr>\n<td>Kh\u1ea3 n\u0103ng h\u1ed9i tho\u1ea1i, \u0111\u1ecdc v\u00e0 vi\u1ebft \u0111\u01b0\u1ee3c<br \/>\nnh\u1eefng n\u1ed9i dung th\u00f4ng th\u01b0\u1eddng<\/td>\n<td>6 th\u00e1ng<br \/>\n(T\u1ed5ng c\u1ed9ng l\u00e0 1 n\u0103m)<br \/>\n390 gi\u1edd<\/td>\n<td>Ho\u1ea1t \u0111\u1ed9ng gi\u1ea3ng d\u1ea1y tr\u00ean l\u1edbp<br \/>\nCh\u01b0\u01a1ng tr\u00ecnh<\/td>\n<\/tr>\n<\/tbody>\n<\/table>\n<table>\n<tbody>\n<tr>\n<th class=\"mds\">Y\u1ebfu t\u1ed1 ng\u00f4n ng\u1eef<\/th>\n<th class=\"mds\">K\u1ef9 n\u0103ng ng\u00f4n ng\u1eef<\/th>\n<\/tr>\n<tr>\n<td>Kh\u1ea3 n\u0103ng n\u00f3i trong m\u00f4i tr\u01b0\u1eddng th\u00f4ng th\u01b0\u1eddng<br \/>\nKho\u1ea3ng 1.000 ch\u1eef H\u00e1n<br \/>\nKho\u1ea3ng 6.000 t\u1eeb v\u1ef1ng<br \/>\nS\u1eed d\u1ee5ng m\u1eabu c\u00e2u, ng\u1eef ph\u00e1p \u1edf c\u1ea5p \u0111\u1ed9 v\u1eeba<\/td>\n<td>\u2606Hi\u1ec3u \u0111\u01b0\u1ee3c n\u1ed9i dung \u0111\u00e0m lu\u1eadn m\u1ed9t c\u00e1ch t\u00f3m t\u1eaft,<br \/>\nc\u00f3 th\u1ec3 \u0111\u00e0m tho\u1ea1i v\u1edbi ng\u01b0\u1eddi \u0111ang kh\u00f4ng c\u00f3 \u1edf tr\u01b0\u1edbc m\u1eb7t<br \/>\n\u2606Hi\u1ec3u \u0111\u01b0\u1ee3c c\u00e2u v\u0103n ng\u1eafn v\u1ec1 ch\u1ee7 \u0111\u1ec1 n\u00e0o \u0111\u00f3,<br \/>\nVi\u1ebft \u0111\u01b0\u1ee3c c\u00e2u v\u0103n ng\u1eafn<\/td>\n<\/tr>\n<\/tbody>\n<\/table>\n<h3 class=\"ttl_h3\">Cao c\u1ea5p 1<\/h3>\n<table>\n<tbody>\n<tr>\n<th class=\"mds\">M\u1ee5c ti\u00eau \u0111\u1ea1t \u0111\u01b0\u1ee3c<\/th>\n<th class=\"mds\">Th\u1eddi gian h\u1ecdc<\/th>\n<th class=\"mds\">H\u00ecnh th\u1ee9c gi\u1ea3ng d\u1ea1y<\/th>\n<\/tr>\n<tr>\n<td>Kh\u1ea3 n\u0103ng ti\u1ebfng Nh\u1eadt t\u1ed5ng h\u1ee3p c\u1ea7n thi\u1ebft <br \/>\n\u0111\u1ec3 s\u1ed1ng trong x\u00e3 h\u1ed9i<br \/>\n\u0110\u1ed3ng th\u1eddi l\u00e0 c\u00f4ng c\u1ee5 n\u1ec1n t\u1ea3ng cho vi\u1ec7c h\u1ecdc t\u1eadp, <br \/>\nnghi\u00ean c\u1ee9u \u1edf tr\u01b0\u1eddng \u0111\u1ea1i h\u1ecdc<\/td>\n<td>6 th\u00e1ng<br \/>\n(T\u1ed5ng c\u1ed9ng l\u00e0 1 n\u0103m 6 th\u00e1ng)<br \/>\n390 gi\u1edd<\/td>\n<td>Ho\u1ea1t \u0111\u1ed9ng gi\u1ea3ng d\u1ea1y tr\u00ean l\u1edbp<br \/>\nCh\u01b0\u01a1ng tr\u00ecnh<\/td>\n<\/tr>\n<\/tbody>\n<\/table>\n<table>\n<tbody>\n<tr>\n<th class=\"mds\">Y\u1ebfu t\u1ed1 ng\u00f4n ng\u1eef<\/th>\n<th class=\"mds\">K\u1ef9 n\u0103ng ng\u00f4n ng\u1eef<\/th>\n<\/tr>\n<tr>\n<td>Kh\u1ea3 n\u0103ng n\u00f3i trong m\u00f4i tr\u01b0\u1eddng \u0111\u1eb7c th\u00f9<br \/>\nKho\u1ea3ng 1.500 ch\u1eef H\u00e1n<br \/>\nKho\u1ea3ng 8.000 t\u1eeb v\u1ef1ng<br \/>\nS\u1eed d\u1ee5ng m\u1eabu c\u00e2u, ng\u1eef ph\u00e1p \u1edf c\u1ea5p \u0111\u1ed9cao<\/td>\n<td>\u2606Nghe b\u1ea3n tin tr\u00ean ti vi, \u0111\u00e0i, internet<br \/>\nv\u00e0 c\u00f3 th\u1ec3 n\u00f3i v\u1ec1 n\u1ed9i dung \u0111\u00f3<br \/>\n\u2606C\u00f3 th\u1ec3 tham gia tranh lu\u1eadn v\u1edbi nhi\u1ec1u ng\u01b0\u1eddi<br \/>\n\u2606Vi\u1ebft \u0111\u01b0\u1ee3c m\u1ed9t b\u1ee9c th\u01b0, email \u0111\u01a1n gi\u1ea3n<\/td>\n<\/tr>\n<\/tbody>\n<\/table>\n<h3 class=\"ttl_h3\"> Cao c\u1ea5p 2<\/h3>\n<table>\n<tbody>\n<tr>\n<th class=\"mds\">M\u1ee5c ti\u00eau \u0111\u1ea1t \u0111\u01b0\u1ee3c<\/th>\n<th class=\"mds\">Th\u1eddi gian h\u1ecdc<\/th>\n<th class=\"mds\">H\u00ecnh th\u1ee9c gi\u1ea3ng d\u1ea1y<\/th>\n<\/tr>\n<tr>\n<td>Kh\u1ea3 n\u0103ng v\u1eadn d\u1ee5ng ng\u00f4n ng\u1eef \u1edf c\u1ea5p \u0111\u1ed9 cao<br \/>\nc\u1ea7n thi\u1ebft cho vi\u1ec7c h\u1ecdc c\u00e1c l\u0129nh v\u1ef1c chuy\u00ean ng\u00e0nh<\/td>\n<td>6 th\u00e1ng<br \/>\n(T\u1ed5ng c\u1ed9ng l\u00e0 2 n\u0103m)<br \/>\n390 gi\u1edd<\/td>\n<td>T\u00f9y theo m\u1ee5c \u0111\u00edch h\u1ecdc t\u1eadp<br \/>\nT\u1eeb c\u1ea5p \u0111\u1ed9 trung c\u1ea5p<br \/>\ns\u1ebd c\u00f3 s\u1ef1 tham gia c\u1ee7a gi\u00e1o vi\u00ean chuy\u00ean m\u00f4n, <br \/>\ngia s\u01b0<\/td>\n<\/tr>\n<\/tbody>\n<\/table>\n<table>\n<tbody>\n<tr>\n<th class=\"mds\">Y\u1ebfu t\u1ed1 ng\u00f4n ng\u1eef<\/th>\n<th class=\"mds\">K\u1ef9 n\u0103ng ng\u00f4n ng\u1eef<\/th>\n<\/tr>\n<tr>\n<td>Kh\u1ea3 n\u0103ng n\u00f3i trong m\u00f4i tr\u01b0\u1eddng \u0111\u1eb7c th\u00f9<br \/>\nKho\u1ea3ng 2000 ch\u1eef H\u00e1n<br \/>\nKho\u1ea3ng 10.000 t\u1eeb v\u1ef1ng<br \/>\nS\u1eed d\u1ee5ng m\u1eabu c\u00e2u, ng\u1eef ph\u00e1p \u1edf c\u1ea5p \u0111\u1ed9 cao<\/td>\n<td>\u2606C\u00f3 th\u1ec3 th\u1ef1c hi\u1ec7n c\u00e1c ho\u1ea1t \u0111\u1ed9ng ng\u00f4n ng\u1eef c\u1ea7n thi\u1ebft li\u00ean quan \u0111\u1ebfn l\u0129nh v\u1ef1c chuy\u00ean ng\u00e0nh<\/td>\n<\/tr>\n<\/tbody>\n<\/table>\n<p><img loading=\"lazy\" decoding=\"async\" src=\"http:\/\/inter-edu.co.jp\/vn\/wp-content\/uploads\/sites\/4\/2022\/07\/curriculum_02.jpg\" alt=\"\" width=\"700\" height=\"70\" class=\"aligncenter size-full wp-image-147\" srcset=\"https:\/\/inter-edu.co.jp\/vn\/wp-content\/uploads\/sites\/4\/2022\/07\/curriculum_02.jpg 700w, https:\/\/inter-edu.co.jp\/vn\/wp-content\/uploads\/sites\/4\/2022\/07\/curriculum_02-300x30.jpg 300w\" sizes=\"(max-width: 700px) 100vw, 700px\" \/>\n<\/p>\n<p>L\u1edbp h\u1ecdc v\u1edbi s\u1ed1 l\u01b0\u1ee3ng h\u1ecdc vi\u00ean r\u1ea5t \u00edt s\u1ebd gi\u00fap b\u1ea1n t\u1eadp trung v\u00e0o ti\u1ebft h\u1ecdc v\u00e0 n\u00e2ng cao k\u1ebft qu\u1ea3 r\u00f5 r\u1ec7t. B\u1ea7u kh\u00f4ng kh\u00ed gia \u0111\u00ecnh gi\u1ed1ng nh\u01b0 \u1edf nh\u00e0.<br \/>\n\u0110i\u1ec1u n\u00e0y r\u1ea5t quan tr\u1ecdng \u0111\u1ed1i v\u1edbi vi\u1ec7c h\u1ecdc.<\/p>\n<p><img decoding=\"async\" loading=\"lazy\" src=\"http:\/\/inter-edu.co.jp\/wp-content\/uploads\/2019\/05\/schedule_05.jpg\" alt=\"\" width=\"700\" height=\"494\" class=\"aligncenter size-full wp-image-465\" srcset=\"http:\/\/inter-edu.co.jp\/wp-content\/uploads\/2019\/05\/schedule_05.jpg 700w, http:\/\/inter-edu.co.jp\/wp-content\/uploads\/2019\/05\/schedule_05-300x212.jpg 300w\" sizes=\"(max-width: 700px) 100vw, 700px\" \/><\/p>\n<p><img loading=\"lazy\" decoding=\"async\" src=\"http:\/\/inter-edu.co.jp\/vn\/wp-content\/uploads\/sites\/4\/2022\/07\/curriculum_01_2.jpg\" alt=\"\" width=\"700\" height=\"450\" class=\"aligncenter size-full wp-image-150\" srcset=\"https:\/\/inter-edu.co.jp\/vn\/wp-content\/uploads\/sites\/4\/2022\/07\/curriculum_01_2.jpg 700w, https:\/\/inter-edu.co.jp\/vn\/wp-content\/uploads\/sites\/4\/2022\/07\/curriculum_01_2-300x193.jpg 300w\" sizes=\"(max-width: 700px) 100vw, 700px\" \/><\/p>\n","protected":false},"excerpt":{"rendered":"<p>Tri\u1ec7t \u0111\u1ec3 h\u1ed9i tho\u1ea1i b\u1eb1ng ti\u1ebfng Nh\u1eadt khi \u1edf tr\u01b0\u1eddng. \u0110\u1ed9i ng\u0169 gi\u00e1o vi\u00ean gi\u00e0u kinh nghi\u1ec7m v\u00e0 k\u1ef9 n\u0103ng gi\u1ea3ng d\u1ea1y ti\u1ebfng Nh\u1eadt v\u1eeba nghi\u00eam kh\u1eafc v\u1eeba d\u1ecbu d\u00e0ng, hi\u1ec3u r\u00f5 m\u1ee5c ti\u00eau du h\u1ecdc c\u1ee7a h\u1ecdc vi\u00ean, nhi\u1ec7t t\u00ecnh h\u01b0\u1edbng d\u1eabn cho h\u1ecdc vi\u00ean v\u1edbi tr\u1ecdng t\u00e2m gi\u00fap h\u1ecdc vi\u00ean \u0111\u1ed7 k\u1ef3 thi&#8230;<\/p>\n","protected":false},"author":1,"featured_media":0,"parent":23,"menu_order":6,"comment_status":"closed","ping_status":"closed","template":"","meta":{"footnotes":""},"tags":[],"aioseo_notices":[],"_links":{"self":[{"href":"https:\/\/inter-edu.co.jp\/vn\/wp-json\/wp\/v2\/pages\/61"}],"collection":[{"href":"https:\/\/inter-edu.co.jp\/vn\/wp-json\/wp\/v2\/pages"}],"about":[{"href":"https:\/\/inter-edu.co.jp\/vn\/wp-json\/wp\/v2\/types\/page"}],"author":[{"embeddable":true,"href":"https:\/\/inter-edu.co.jp\/vn\/wp-json\/wp\/v2\/users\/1"}],"replies":[{"embeddable":true,"href":"https:\/\/inter-edu.co.jp\/vn\/wp-json\/wp\/v2\/comments?post=61"}],"version-history":[{"count":8,"href":"https:\/\/inter-edu.co.jp\/vn\/wp-json\/wp\/v2\/pages\/61\/revisions"}],"predecessor-version":[{"id":152,"href":"https:\/\/inter-edu.co.jp\/vn\/wp-json\/wp\/v2\/pages\/61\/revisions\/152"}],"up":[{"embeddable":true,"href":"https:\/\/inter-edu.co.jp\/vn\/wp-json\/wp\/v2\/pages\/23"}],"wp:attachment":[{"href":"https:\/\/inter-edu.co.jp\/vn\/wp-json\/wp\/v2\/media?parent=61"}],"wp:term":[{"taxonomy":"post_tag","embeddable":true,"href":"https:\/\/inter-edu.co.jp\/vn\/wp-json\/wp\/v2\/tags?post=61"}],"curies":[{"name":"wp","href":"https:\/\/api.w.org\/{rel}","templated":true}]}}