{"id":65,"date":"2022-05-19T22:30:20","date_gmt":"2022-05-19T13:30:20","guid":{"rendered":"http:\/\/inter-edu.co.jp\/vn\/?page_id=65"},"modified":"2025-05-15T16:46:18","modified_gmt":"2025-05-15T07:46:18","slug":"access","status":"publish","type":"page","link":"https:\/\/inter-edu.co.jp\/vn\/school\/access\/","title":{"rendered":"C\u00e1ch \u0111i \u0111\u1ebfn tr\u01b0\u1eddng"},"content":{"rendered":"<p><img loading=\"lazy\" decoding=\"async\" src=\"http:\/\/inter-edu.co.jp\/vn\/wp-content\/uploads\/sites\/4\/2022\/07\/railway-osaka-vn.jpg\" alt=\"\" width=\"758\" height=\"668\" class=\"aligncenter size-full wp-image-183\" srcset=\"https:\/\/inter-edu.co.jp\/vn\/wp-content\/uploads\/sites\/4\/2022\/07\/railway-osaka-vn.jpg 758w, https:\/\/inter-edu.co.jp\/vn\/wp-content\/uploads\/sites\/4\/2022\/07\/railway-osaka-vn-300x264.jpg 300w\" sizes=\"(max-width: 758px) 100vw, 758px\" \/><\/p>\n<p><img loading=\"lazy\" decoding=\"async\" src=\"http:\/\/inter-edu.co.jp\/vn\/wp-content\/uploads\/sites\/4\/2022\/07\/access_01.jpg\" alt=\"\" width=\"700\" height=\"150\" class=\"aligncenter size-full wp-image-154\" srcset=\"https:\/\/inter-edu.co.jp\/vn\/wp-content\/uploads\/sites\/4\/2022\/07\/access_01.jpg 700w, https:\/\/inter-edu.co.jp\/vn\/wp-content\/uploads\/sites\/4\/2022\/07\/access_01-300x64.jpg 300w\" sizes=\"(max-width: 700px) 100vw, 700px\" \/>\n<\/p>\n<table>\n<tbody>\n<tr>\n<th class=\"mds\">\u0110\u1ecba ch\u1ec9<\/th>\n<td>1-29-2 Nishikujo, Konohana-ku, Osaka-shi, Osaka<\/td>\n<\/tr>\n<tr>\n<th class=\"mds\">TEL<\/th>\n<td>06-6463-3956<\/td>\n<\/tr>\n<tr>\n<th class=\"mds\">FAX<\/th>\n<td>06-6463-3958<\/td>\n<\/tr>\n<tr>\n<th class=\"mds\">WeChat<\/th>\n<td>Chen_OILI<\/td>\n<\/tr>\n<tr>\n<th class=\"mds\">Teams<\/th>\n<td>osakakokusai<\/td>\n<\/tr>\n<tr>\n<th class=\"mds\">Facebook<\/th>\n<td><a href=\"https:\/\/www.facebook.com\/oiliinteredu\/\" rel=\"noopener noreferrer\" target=\"_blank\">https:\/\/www.facebook.com\/oiliinteredu\/<\/a><\/td>\n<\/tr>\n<\/tbody>\n<\/table>\n<p>\u25cfH\u1ecdc vi\u1ec7n gi\u00e1o d\u1ee5c qu\u1ed1c t\u1ebf Osaka l\u00e0 c\u01a1 s\u1edf \u0111\u00e0o t\u1ea1o ti\u1ebfng Nh\u1eadt \u0111\u00e3 \u0111\u01b0\u1ee3c C\u1ee5c Qu\u1ea3n l\u00fd l\u01b0u tr\u00fa v\u00e0 xu\u1ea5t nh\u1eadp c\u1ea3nh, B\u1ed9 T\u01b0 ph\u00e1p Nh\u1eadt B\u1ea3n ch\u1ee9ng nh\u1eadn v\u00e0 c\u00f4ng b\u1ed1, l\u00e0 tr\u01b0\u1eddng th\u00e0nh vi\u00ean c\u1ee7a Hi\u1ec7p h\u1ed9i X\u00fac ti\u1ebfn Gi\u00e1o d\u1ee5c Ng\u00f4n ng\u1eef Nh\u1eadt B\u1ea3n.                     <\/p>\n<h2 class=\"ttl_h2\">google map<\/h2>\n<p><iframe loading=\"lazy\" style=\"border: 0;\" src=\"https:\/\/www.google.com\/maps\/embed?pb=!1m18!1m12!1m3!1d3280.9479433395895!2d135.4658020152318!3d34.68126328043947!2m3!1f0!2f0!3f0!3m2!1i1024!2i768!4f13.1!3m3!1m2!1s0x6000e638bd214b53%3A0xab6a272fa1223ae1!2z44CSNTU0LTAwMTIg5aSn6Ziq5bqc5aSn6Ziq5biC5q2k6Iqx5Yy66KW_5Lmd5p2h77yR5LiB55uu77yS77yZ4oiS77yS!5e0!3m2!1sja!2sjp!4v1542959389899\" width=\"100%\" height=\"600\" frameborder=\"0\" allowfullscreen=\"allowfullscreen\"><\/iframe><\/p>\n","protected":false},"excerpt":{"rendered":"<p>\u0110\u1ecba ch\u1ec9 1-29-2 Nishikujo, Konohana-ku, Osaka-shi, Osaka TEL 06-6463-3956 FAX 06-6463-3958 WeChat Chen_OILI Teams osakakokusai Facebook https:\/\/www.facebook.com\/oiliinteredu\/ \u25cfH\u1ecdc vi\u1ec7n gi\u00e1o d\u1ee5c qu\u1ed1c t\u1ebf Osaka l\u00e0 c\u01a1 s\u1edf \u0111\u00e0o t\u1ea1o ti\u1ebfng Nh\u1eadt \u0111\u00e3 \u0111\u01b0\u1ee3c C\u1ee5c Qu\u1ea3n l\u00fd l\u01b0u tr\u00fa v\u00e0 xu\u1ea5t nh\u1eadp c\u1ea3nh, B\u1ed9 T\u01b0 ph\u00e1p Nh\u1eadt B\u1ea3n ch\u1ee9ng nh\u1eadn v\u00e0 c\u00f4ng b\u1ed1, l\u00e0 tr\u01b0\u1eddng th\u00e0nh&#8230;<\/p>\n","protected":false},"author":1,"featured_media":0,"parent":23,"menu_order":7,"comment_status":"closed","ping_status":"closed","template":"","meta":{"footnotes":""},"tags":[],"aioseo_notices":[],"_links":{"self":[{"href":"https:\/\/inter-edu.co.jp\/vn\/wp-json\/wp\/v2\/pages\/65"}],"collection":[{"href":"https:\/\/inter-edu.co.jp\/vn\/wp-json\/wp\/v2\/pages"}],"about":[{"href":"https:\/\/inter-edu.co.jp\/vn\/wp-json\/wp\/v2\/types\/page"}],"author":[{"embeddable":true,"href":"https:\/\/inter-edu.co.jp\/vn\/wp-json\/wp\/v2\/users\/1"}],"replies":[{"embeddable":true,"href":"https:\/\/inter-edu.co.jp\/vn\/wp-json\/wp\/v2\/comments?post=65"}],"version-history":[{"count":8,"href":"https:\/\/inter-edu.co.jp\/vn\/wp-json\/wp\/v2\/pages\/65\/revisions"}],"predecessor-version":[{"id":244,"href":"https:\/\/inter-edu.co.jp\/vn\/wp-json\/wp\/v2\/pages\/65\/revisions\/244"}],"up":[{"embeddable":true,"href":"https:\/\/inter-edu.co.jp\/vn\/wp-json\/wp\/v2\/pages\/23"}],"wp:attachment":[{"href":"https:\/\/inter-edu.co.jp\/vn\/wp-json\/wp\/v2\/media?parent=65"}],"wp:term":[{"taxonomy":"post_tag","embeddable":true,"href":"https:\/\/inter-edu.co.jp\/vn\/wp-json\/wp\/v2\/tags?post=65"}],"curies":[{"name":"wp","href":"https:\/\/api.w.org\/{rel}","templated":true}]}}