{"id":69,"date":"2022-05-19T22:38:43","date_gmt":"2022-05-19T13:38:43","guid":{"rendered":"http:\/\/inter-edu.co.jp\/vn\/?page_id=69"},"modified":"2025-05-27T18:09:01","modified_gmt":"2025-05-27T09:09:01","slug":"scholarship","status":"publish","type":"page","link":"https:\/\/inter-edu.co.jp\/vn\/school\/scholarship\/","title":{"rendered":"V\u1ec1 h\u1ecdc b\u1ed5ng"},"content":{"rendered":"<p><img loading=\"lazy\" decoding=\"async\" class=\"aligncenter size-full wp-image-655\" src=\"http:\/\/inter-edu.co.jp\/wp-content\/uploads\/2019\/07\/scholarship.jpg\" alt=\"\" width=\"800\" height=\"434\"><\/p>\n<h2 class=\"ttl_h2\"> H\u1ecdc b\u1ed5ng b\u00ean ngo\u00e0i tr\u01b0\u1eddng <\/h2>\n<table>\n<tbody>\n<tr>\n<td width=\"3%\">1.<\/td>\n<td>H\u1ecdc b\u1ed5ng c\u1ee7a B\u1ed9 Gi\u00e1o d\u1ee5c, V\u0103n h\u00f3a, Th\u1ec3 thao, Khoa h\u1ecdc v\u00e0 C\u00f4ng ngh\u1ec7 Nh\u1eadt B\u1ea3n: Nh\u00e0 tr\u01b0\u1eddng s\u1ebd ti\u1ebfn c\u1eed nh\u1eefng h\u1ecdc vi\u00ean c\u00f3 th\u00e0nh t\u00edch xu\u1ea5t s\u1eafc cho B\u1ed9. N\u1ebfu \u0111\u01b0\u1ee3c l\u1ef1a ch\u1ecdn, h\u1ecdc vi\u00ean c\u00f3 th\u00e0nh t\u00edch xu\u1ea5t s\u1eafc s\u1ebd \u0111\u01b0\u1ee3c nh\u1eadn h\u1ecdc b\u1ed5ng h\u00e0ng n\u0103m tr\u1ecb gi\u00e1 360.000 Y\u00ean c\u1ee7a B\u1ed9<\/td>\n<\/tr>\n<tr>\n<td>2.<\/td>\n<td>H\u1ecdc b\u1ed5ng Kyoritsu Foundation Scholarship c\u1ee7a Kyoritsu International Foundation: Nh\u00e0 tr\u01b0\u1eddng s\u1ebd ti\u1ebfn c\u1eed nh\u1eefng h\u1ecdc vi\u00ean c\u00f3 th\u00e0nh t\u00edch xu\u1ea5t s\u1eafc cho Qu\u1ef9 h\u1ecdc b\u1ed5ng n\u00e0y. N\u1ebfu \u0111\u01b0\u1ee3c l\u1ef1a ch\u1ecdn, h\u1ecdc vi\u00ean c\u00f3 th\u00e0nh t\u00edch xu\u1ea5t s\u1eafc s\u1ebd \u0111\u01b0\u1ee3c nh\u1eadn h\u1ecdc b\u1ed5ng h\u00e0ng th\u00e1ng tr\u1ecb gi\u00e1 60.000 Y\u00ean t\u1eeb Qu\u1ef9 n\u00e0y.<\/td>\n<\/tr>\n<tr>\n<td>3.<\/td>\n<td>(NPO) LSH Asia scholarship (Qu\u1ef9 khuy\u1ebfn h\u1ecdc Lee Soo Hyun): Nh\u00e0 tr\u01b0\u1eddng s\u1ebd ti\u1ebfn c\u1eed nh\u1eefng h\u1ecdc vi\u00ean c\u00f3 th\u00e0nh t\u00edch xu\u1ea5t s\u1eafc cho Qu\u1ef9 h\u1ecdc b\u1ed5ng n\u00e0y. N\u1ebfu \u0111\u01b0\u1ee3c l\u1ef1a ch\u1ecdn, h\u1ecdc vi\u00ean c\u00f3 th\u00e0nh t\u00edch xu\u1ea5t s\u1eafc s\u1ebd \u0111\u01b0\u1ee3c nh\u1eadn h\u1ecdc b\u1ed5ng 6 th\u00e1ng tr\u1ecb gi\u00e1 100.000 Y\u00ean t\u1eeb Qu\u1ef9 n\u00e0y.<\/td>\n<\/tr>\n<\/tbody>\n<\/table>\n<h2 class=\"ttl_h2\">H\u1ecdc b\u1ed5ng c\u1ee7a Nh\u00e0 tr\u01b0\u1eddng<\/h2>\n<h3 class=\"ttl_h3\">H\u1ecdc b\u1ed5ng \u0111\u1eb7c bi\u1ec7t lo\u1ea1i A<\/h3>\n<p>H\u1ecdc b\u1ed5ng d\u00e0nh cho h\u1ecdc vi\u00ean c\u00f3 t\u1ef7 l\u1ec7 chuy\u00ean c\u1ea7n cao v\u00e0 th\u00e0nh t\u00edch xu\u1ea5t s\u1eafc <\/p>\n<p>\u2605D\u00e0nh cho h\u1ecdc vi\u00ean \u0111\u00e1p \u1ee9ng c\u00e1c \u0111i\u1ec1u ki\u1ec7n sau v\u00e0 \u0111\u00e3 thanh to\u00e1n \u0111\u1ee7 s\u1ed1 ti\u1ec1n cho n\u0103m h\u1ecdc ti\u1ebfp theo tr\u01b0\u1edbc th\u1eddi h\u1ea1n thanh to\u00e1n<\/p>\n<table>\n<tbody>\n<tr>\n<th class=\"mds\"><center>N\u0103m th\u1ee9 2<br \/>\nTh\u1eddi gian h\u1ecdc<\/center><\/th>\n<th class=\"mds\"><center>H\u1ecdc ph\u00ed<\/center><\/th>\n<th class=\"mds\"><center>H\u1ecdc b\u1ed5ng<\/center><\/th>\n<th class=\"mds\"><center>S\u1ed1 ti\u1ec1n th\u1ef1c t\u1ebf ph\u1ea3i n\u1ed9p<\/center><\/th>\n<\/tr>\n<tr>\n<td><center><b>1 n\u0103m<\/b><\/center><\/td>\n<td><center>\u00a5680.000<\/center><\/td>\n<td><center>\u00a580.000<\/center><\/td>\n<td><center>\u00a5600.000<\/center><\/td>\n<\/tr>\n<tr>\n<td><center><b>9 th\u00e1ng<\/b><\/center><\/td>\n<td><center>\u00a5510.000<\/center><\/td>\n<td><center>\u00a560.000<\/center><\/td>\n<td><center>\u00a5450.000<\/center><\/td>\n<\/tr>\n<tr>\n<td><center><b>6 th\u00e1ng<\/b><\/center><\/td>\n<td><center>\u00a5340.000<\/center><\/td>\n<td><center>\u00a540.000<\/center><\/td>\n<td><center>\u00a5300.000<\/center><\/td>\n<\/tr>\n<tr>\n<td><center><b>3 th\u00e1ng<\/b><\/center><\/td>\n<td><center>\u00a5170.000<\/center><\/td>\n<td><center>\u00a520.000<\/center><\/td>\n<td><center>\u00a5150.000<\/center><\/td>\n<\/tr>\n<\/tbody>\n<\/table>\n<p>\u3010\u0110i\u1ec1u ki\u1ec7n\u3011Ph\u1ea3i \u0111\u00e1p \u1ee9ng t\u1ea5t c\u1ea3 c\u00e1c \u0111i\u1ec1u ki\u1ec7n sau \u0111\u00e2y.<br \/>\n1. T\u1ef7 l\u1ec7 chuy\u00ean c\u1ea7n c\u1ee7a n\u0103m 1 (12 th\u00e1ng) l\u00e0 100%<br \/>\n2. \u0110i\u1ec3m thi \u0111\u1ecbnh k\u1ef3, \u0111i\u1ec3m \u0111\u00e1nh gi\u00e1 t\u1ed5ng h\u1ee3p c\u1ee7a K\u1ef3 I, K\u1ef3 II \u0111\u1ec1u l\u00e0 lo\u1ea1i \u201cGi\u1ecfi\u201d<br \/>\n3. \u0110\u00e3 thanh to\u00e1n \u0111\u1ee7 s\u1ed1 ti\u1ec1n tr\u01b0\u1edbc th\u1eddi h\u1ea1n thanh to\u00e1n<\/p>\n<p>*H\u1ecdc b\u1ed5ng s\u1ebd \u0111\u01b0\u1ee3c c\u1ea5p v\u00e0o cu\u1ed1i th\u00e1ng sau c\u1ee7a k\u1ef3 thanh to\u00e1n<\/p>\n<h3 class=\"ttl_h3\">H\u1ecdc b\u1ed5ng chuy\u00ean c\u1ea7n lo\u1ea1i A<\/h3>\n<p>T\u1ea1i th\u1eddi \u0111i\u1ec3m t\u1ed1t nghi\u1ec7p\/ k\u1ebft th\u00fac kh\u00f3a h\u1ecdc v\u00e0o th\u00e1ng 3 c\u00f3 t\u1ef7 l\u1ec7 chuy\u00ean c\u1ea7n k\u1ec3 t\u1eeb khi nh\u1eadp h\u1ecdc \u0111\u1ebfn th\u00e1ng 2 (th\u00e1ng tr\u01b0\u1edbc \u0111\u00f3) l\u00e0 100%<\/p>\n<table style=\"border-collapse: collapse; width: 100%;\">\n<tbody>\n<tr>\n<td style=\"width: 33.3333%;\">2 n\u0103m<\/td>\n<td style=\"width: 33.3333%; text-align: center;\">\u2026<\/td>\n<td style=\"width: 33.3333%;\">\u00a520.000<\/td>\n<\/tr>\n<tr>\n<td style=\"width: 33.3333%;\">1 n\u0103m 9 th\u00e1ng<\/td>\n<td style=\"width: 33.3333%; text-align: center;\">\u2026<\/td>\n<td style=\"width: 33.3333%;\">\u00a516.000<\/td>\n<\/tr>\n<tr>\n<td style=\"width: 33.3333%;\">1 n\u0103m 6 th\u00e1ng<\/td>\n<td style=\"width: 33.3333%; text-align: center;\">\u2026<\/td>\n<td style=\"width: 33.3333%;\">\u00a513.000<\/td>\n<\/tr>\n<tr>\n<td style=\"width: 33.3333%;\">1 n\u0103m 3 th\u00e1ng<\/td>\n<td style=\"width: 33.3333%; text-align: center;\">\u2026<\/td>\n<td style=\"width: 33.3333%;\">\u00a510.000<\/td>\n<\/tr>\n<\/tbody>\n<\/table>\n<p>*\u0110\u01b0\u1ee3c trao t\u1ea1i L\u1ec5 t\u1ed1t nghi\u1ec7p th\u00e1ng 3<\/p>\n<h3 class=\"ttl_h3\">Ph\u1ea7n th\u01b0\u1edfng chuy\u00ean c\u1ea7n <\/h3>\n<p>T\u1ea1i th\u1eddi \u0111i\u1ec3m t\u1ed1t nghi\u1ec7p\/ k\u1ebft th\u00fac kh\u00f3a h\u1ecdc v\u00e0o th\u00e1ng 3 c\u00f3 t\u1ef7 l\u1ec7 chuy\u00ean c\u1ea7n k\u1ec3 t\u1eeb khi nh\u1eadp h\u1ecdc \u0111\u1ebfn th\u00e1ng 2 (th\u00e1ng tr\u01b0\u1edbc \u0111\u00f3) l\u00e0 100%<\/p>\n<table style=\"border-collapse: collapse; width: 100%;\">\n<tbody>\n<tr>\n<td style=\"width: 33.3333%;\">1 n\u0103m<\/td>\n<td style=\"width: 33.3333%; text-align: center;\">\u2026<\/td>\n<td style=\"width: 33.3333%;\">\u00a58.000<\/td>\n<\/tr>\n<tr>\n<td style=\"width: 33.3333%;\">9 th\u00e1ng<\/td>\n<td style=\"width: 33.3333%; text-align: center;\">\u2026<\/td>\n<td style=\"width: 33.3333%;\">\u00a56.000<\/td>\n<\/tr>\n<tr>\n<td style=\"width: 33.3333%;\">6 th\u00e1ng<\/td>\n<td style=\"width: 33.3333%; text-align: center;\">\u2026<\/td>\n<td style=\"width: 33.3333%;\">\u00a54.000<\/td>\n<\/tr>\n<tr>\n<td style=\"width: 33.3333%;\">3 th\u00e1ng<\/td>\n<td style=\"width: 33.3333%; text-align: center;\">\u2026<\/td>\n<td style=\"width: 33.3333%;\">\u00a52.000<\/td>\n<\/tr>\n<\/tbody>\n<\/table>\n<p>*\u0110\u01b0\u1ee3c trao t\u1ea1i L\u1ec5 t\u1ed1t nghi\u1ec7p th\u00e1ng 3<\/p>\n<h3 class=\"ttl_h3\"> H\u1ecdc b\u1ed5ng chuy\u00ean c\u1ea7n lo\u1ea1i B<\/h3>\n<p>T\u1ef7 l\u1ec7 chuy\u00ean c\u1ea7n c\u1ee7a n\u1eeda k\u1ef3 (6 th\u00e1ng) \u0111\u1ea1t 100\uff05: Phi\u1ebfu mua h\u00e0ng QUO CARD tr\u1ecb gi\u00e1 1000 y\u00ean<br \/>\n*\u0110\u01b0\u1ee3c t\u00ednh v\u00e0o cu\u1ed1i th\u00e1ng 9, cu\u1ed1i th\u00e1ng 3 cho n\u1eeda k\u1ef3 t\u00ednh t\u1eeb th\u00e1ng 4 \u0111\u1ebfn th\u00e1ng 9 c\u1ee7a K\u1ef3 1, t\u1eeb th\u00e1ng 10 \u0111\u1ebfn th\u00e1ng 3 c\u1ee7a k\u1ef3 II<br \/>\n*Kh\u00f4ng \u00e1p d\u1ee5ng cho n\u1eeda k\u1ef3 c\u00f3 bao g\u1ed3m th\u1eddi gian t\u1ed1t nghi\u1ec7p<br \/>\n* \u0110\u01b0\u1ee3c trao v\u00e0o cu\u1ed1i th\u00e1ng 10, cu\u1ed1i th\u00e1ng 4<br \/>\n<br clear=\"all\"><\/p>\n<p><strong><span style=\"font-size: x-large;\"><H\u1ecdc b\u1ed5ng d\u1ef1a theo k\u1ebft qu\u1ea3 thi trong n\u01b0\u1edbc Nh\u1eadt trong th\u1eddi gian \u0111ang h\u1ecdc t\u1ea1i tr\u01b0\u1eddng><\/span><\/strong><\/p>\n<h3 class=\"ttl_h3\">H\u1ecdc b\u1ed5ng lo\u1ea1i A<\/h3>\n<p>H\u1ecdc b\u1ed5ng d\u00e0nh cho h\u1ecdc vi\u00ean c\u00f3 \u0111i\u1ec3m thi JLPT v\u00e0 EJU cao: \u00a550.000<br \/>\n\u3010\u0110i\u1ec1u ki\u1ec7n\u3011Ph\u1ea3i \u0111\u00e1p \u1ee9ng t\u1ea5t c\u1ea3 c\u00e1c \u0111i\u1ec1u ki\u1ec7n sau \u0111\u00e2y.<br \/>\n1. \u0110\u1ed7 N1 k\u1ef3 thi JLPT t\u1eeb 170 \u0111i\u1ec3m tr\u1edf l\u00ean<br \/>\n2. C\u00f3 \u0111i\u1ec3m EJU\u3000M\u00f4n ti\u1ebfng Nh\u1eadt (tr\u1eeb ph\u1ea7n vi\u1ebft lu\u1eadn) 340 \u0111i\u1ec3m tr\u1edf l\u00ean<\/p>\n<h3 class=\"ttl_h3\">H\u1ecdc b\u1ed5ng lo\u1ea1i B<\/h3>\n<p>H\u1ecdc b\u1ed5ng d\u00e0nh cho h\u1ecdc vi\u00ean c\u00f3 \u0111i\u1ec3m thi JLPT v\u00e0 EJU cao: \u00a540.000<br \/>\n\u3010\u0110i\u1ec1u ki\u1ec7n\u3011Ph\u1ea3i \u0111\u00e1p \u1ee9ng t\u1ea5t c\u1ea3 c\u00e1c \u0111i\u1ec1u ki\u1ec7n sau \u0111\u00e2y.<br \/>\n1. \u0110\u1ed7 N1 k\u1ef3 thi JLPT t\u1eeb 160 \u0111i\u1ec3m tr\u1edf l\u00ean<br \/>\n2. C\u00f3 \u0111i\u1ec3m EJU\u3000M\u00f4n ti\u1ebfng Nh\u1eadt (tr\u1eeb ph\u1ea7n vi\u1ebft lu\u1eadn) 320 \u0111i\u1ec3m tr\u1edf l\u00ean<\/p>\n<h3 class=\"ttl_h3\">H\u1ecdc b\u1ed5ng lo\u1ea1i C<\/h3>\n<p> H\u1ecdc b\u1ed5ng d\u00e0nh cho h\u1ecdc vi\u00ean c\u00f3 \u0111i\u1ec3m thi JLPT v\u00e0 EJU cao: \u00a530.000<br \/>\n\u3010\u0110i\u1ec1u ki\u1ec7n\u3011Ph\u1ea3i \u0111\u00e1p \u1ee9ng t\u1ea5t c\u1ea3 c\u00e1c \u0111i\u1ec1u ki\u1ec7n sau \u0111\u00e2y.<br \/>\n1. \u0110\u1ed7 N1 k\u1ef3 thi JLPT t\u1eeb 150 \u0111i\u1ec3m tr\u1edf l\u00ean<br \/>\n2. C\u00f3 \u0111i\u1ec3m EJU\u3000M\u00f4n ti\u1ebfng Nh\u1eadt (tr\u1eeb ph\u1ea7n vi\u1ebft lu\u1eadn) 300 \u0111i\u1ec3m tr\u1edf l\u00ean<\/p>\n<h3 class=\"ttl_h3\">H\u1ecdc b\u1ed5ng lo\u1ea1i D<\/h3>\n<p>H\u1ecdc b\u1ed5ng d\u00e0nh cho h\u1ecdc vi\u00ean c\u00f3 \u0111i\u1ec3m thi JLPT v\u00e0 EJU cao: \u00a520.000<br \/>\n\u3010\u0110i\u1ec1u ki\u1ec7n\u3011\u0110\u00e1p \u1ee9ng 1 trong 2 \u0111i\u1ec1u ki\u1ec7n sau \u0111\u00e2y.<br \/>\n1. \u0110\u1ed7 N1 k\u1ef3 thi JLPT t\u1eeb 150 \u0111i\u1ec3m tr\u1edf l\u00ean<br \/>\n2. C\u00f3 \u0111i\u1ec3m EJU\u3000M\u00f4n ti\u1ebfng Nh\u1eadt (tr\u1eeb ph\u1ea7n vi\u1ebft lu\u1eadn) 300 \u0111i\u1ec3m tr\u1edf l\u00ean<\/p>\n<h3 class=\"ttl_h3\">H\u1ecdc b\u1ed5ng lo\u1ea1i E<\/h3>\n<p>H\u1ecdc b\u1ed5ng d\u00e0nh cho h\u1ecdc vi\u00ean c\u00f3 \u0111i\u1ec3m thi JLPT v\u00e0 EJU cao: \u00a518.000<br \/>\n\u3010\u0110i\u1ec1u ki\u1ec7n\u3011\u0110\u00e1p \u1ee9ng 1 trong 3 \u0111i\u1ec1u ki\u1ec7n sau \u0111\u00e2y.<br \/>\n1. \u0110\u1ed7 N1 k\u1ef3 thi JLPT t\u1eeb 130 \u0111i\u1ec3m tr\u1edf l\u00ean<br \/>\n2. \u0110\u1ed7 N2 k\u1ef3 thi JLPT t\u1eeb 160 \u0111i\u1ec3m tr\u1edf l\u00ean<br \/>\n3. C\u00f3 \u0111i\u1ec3m EJU\u3000M\u00f4n ti\u1ebfng Nh\u1eadt (tr\u1eeb ph\u1ea7n vi\u1ebft lu\u1eadn) 260 \u0111i\u1ec3m tr\u1edf l\u00ean<\/p>\n<h3 class=\"ttl_h3\">H\u1ecdc b\u1ed5ng lo\u1ea1i F<\/h3>\n<p>H\u1ecdc b\u1ed5ng d\u00e0nh cho h\u1ecdc vi\u00ean c\u00f3 \u0111i\u1ec3m thi JLPT cao: \u00a515.000<br \/>\n\u3010\u0110i\u1ec1u ki\u1ec7n\u3011<br \/>\n1. \u0110\u1ed7 N1 k\u1ef3 thi JLPT<\/p>\n<h3 class=\"ttl_h3\"> H\u1ecdc b\u1ed5ng lo\u1ea1i G<\/h3>\n<p> H\u1ecdc b\u1ed5ng d\u00e0nh cho h\u1ecdc vi\u00ean c\u00f3 \u0111i\u1ec3m thi JLPT cao: \u00a58.000<br \/>\n\u3010\u0110i\u1ec1u ki\u1ec7n\u3011<br \/>\n1. \u0110\u1ed7 N2 k\u1ef3 thi JLPT<\/p>\n<p>*Ch\u1ec9 c\u1ea5p 1 lo\u1ea1i h\u1ecdc b\u1ed5ng cho 1 ng\u01b0\u1eddi<br \/>\n*\u0110\u01b0\u1ee3c trao t\u1ea1i l\u1ec5 t\u1ed1t nghi\u1ec7p th\u00e1ng 3<\/p>\n","protected":false},"excerpt":{"rendered":"<p>H\u1ecdc b\u1ed5ng b\u00ean ngo\u00e0i tr\u01b0\u1eddng 1. H\u1ecdc b\u1ed5ng c\u1ee7a B\u1ed9 Gi\u00e1o d\u1ee5c, V\u0103n h\u00f3a, Th\u1ec3 thao, Khoa h\u1ecdc v\u00e0 C\u00f4ng ngh\u1ec7 Nh\u1eadt B\u1ea3n: Nh\u00e0 tr\u01b0\u1eddng s\u1ebd ti\u1ebfn c\u1eed nh\u1eefng h\u1ecdc vi\u00ean c\u00f3 th\u00e0nh t\u00edch xu\u1ea5t s\u1eafc cho B\u1ed9. N\u1ebfu \u0111\u01b0\u1ee3c l\u1ef1a ch\u1ecdn, h\u1ecdc vi\u00ean c\u00f3 th\u00e0nh t\u00edch xu\u1ea5t s\u1eafc s\u1ebd \u0111\u01b0\u1ee3c nh\u1eadn h\u1ecdc b\u1ed5ng h\u00e0ng&#8230;<\/p>\n","protected":false},"author":1,"featured_media":0,"parent":23,"menu_order":8,"comment_status":"closed","ping_status":"closed","template":"","meta":{"footnotes":""},"tags":[],"aioseo_notices":[],"_links":{"self":[{"href":"https:\/\/inter-edu.co.jp\/vn\/wp-json\/wp\/v2\/pages\/69"}],"collection":[{"href":"https:\/\/inter-edu.co.jp\/vn\/wp-json\/wp\/v2\/pages"}],"about":[{"href":"https:\/\/inter-edu.co.jp\/vn\/wp-json\/wp\/v2\/types\/page"}],"author":[{"embeddable":true,"href":"https:\/\/inter-edu.co.jp\/vn\/wp-json\/wp\/v2\/users\/1"}],"replies":[{"embeddable":true,"href":"https:\/\/inter-edu.co.jp\/vn\/wp-json\/wp\/v2\/comments?post=69"}],"version-history":[{"count":3,"href":"https:\/\/inter-edu.co.jp\/vn\/wp-json\/wp\/v2\/pages\/69\/revisions"}],"predecessor-version":[{"id":247,"href":"https:\/\/inter-edu.co.jp\/vn\/wp-json\/wp\/v2\/pages\/69\/revisions\/247"}],"up":[{"embeddable":true,"href":"https:\/\/inter-edu.co.jp\/vn\/wp-json\/wp\/v2\/pages\/23"}],"wp:attachment":[{"href":"https:\/\/inter-edu.co.jp\/vn\/wp-json\/wp\/v2\/media?parent=69"}],"wp:term":[{"taxonomy":"post_tag","embeddable":true,"href":"https:\/\/inter-edu.co.jp\/vn\/wp-json\/wp\/v2\/tags?post=69"}],"curies":[{"name":"wp","href":"https:\/\/api.w.org\/{rel}","templated":true}]}}