{"id":73,"date":"2022-05-19T22:45:59","date_gmt":"2022-05-19T13:45:59","guid":{"rendered":"http:\/\/inter-edu.co.jp\/vn\/?page_id=73"},"modified":"2022-05-19T22:45:59","modified_gmt":"2022-05-19T13:45:59","slug":"voice","status":"publish","type":"page","link":"https:\/\/inter-edu.co.jp\/vn\/school\/voice\/","title":{"rendered":"\u00dd ki\u1ebfn c\u1ee7a h\u1ecdc vi\u00ean"},"content":{"rendered":"<h2 class=\"ttl_h2\">Ng\u00e0y ngh\u1ec9 t\u00f4i \u0111i ch\u01a1i r\u1ea5t nhi\u1ec1u!<\/h2>\n<p><img decoding=\"async\" loading=\"lazy\" src=\"http:\/\/inter-edu.co.jp\/wp-content\/uploads\/2019\/05\/voice_01-150x150.jpg\" alt=\"\" width=\"150\" height=\"150\" class=\"alignleft size-thumbnail wp-image-478\" srcset=\"http:\/\/inter-edu.co.jp\/wp-content\/uploads\/2019\/05\/voice_01-150x150.jpg 150w, http:\/\/inter-edu.co.jp\/wp-content\/uploads\/2019\/05\/voice_01.jpg 200w\" sizes=\"(max-width: 150px) 100vw, 150px\" \/><span style=\"font-size: 13pt;\"> V\u00e0o nh\u1eefng ng\u00e0y ngh\u1ec9, t\u00f4i \u0111i \u0111\u1ebfn Nara, Kyoto, Kobe v\u00e0 Wakayama, nh\u1eefng n\u01a1i g\u1ea7n Osaka.<br \/>\nT\u00f4i c\u0169ng \u0111\u00e3 t\u1eebng \u0111i du l\u1ecbch H\u00e0n Qu\u1ed1c m\u1ed9t l\u1ea7n.<\/span><br clear=\"all\"><\/p>\n<h2 class=\"ttl_h2\"> USJ r\u1ea5t g\u1ea7n!<\/h2>\n<p><img decoding=\"async\" loading=\"lazy\" src=\"http:\/\/inter-edu.co.jp\/wp-content\/uploads\/2019\/05\/voice_02-150x150.jpg\" alt=\"\" width=\"150\" height=\"150\" class=\"alignleft size-thumbnail wp-image-482\" srcset=\"http:\/\/inter-edu.co.jp\/wp-content\/uploads\/2019\/05\/voice_02-150x150.jpg 150w, http:\/\/inter-edu.co.jp\/wp-content\/uploads\/2019\/05\/voice_02.jpg 200w\" sizes=\"(max-width: 150px) 100vw, 150px\" \/><span style=\"font-size: 13pt;\"> USJ m\u00e0 t\u00f4i v\u00f4 c\u00f9ng y\u00eau th\u00edch ch\u1ec9 c\u00e1ch tr\u01b0\u1eddng ch\u1ec9 2 ga t\u00e0u!<br \/>\nTr\u01b0\u1eddng ti\u1ebfng Nh\u1eadt r\u1ea5t g\u1ea7n USJ &#8211; S\u1ed1 1 Nh\u1eadt B\u1ea3n!<br \/>\nT\u00f4i \u0111\u00e3 \u0111i \u0111\u1ebfn \u0111\u00f3 kh\u00f4ng bi\u1ebft bao nhi\u00eau l\u1ea7n.<\/span><br clear=\"all\"><\/p>\n<h2 class=\"ttl_h2\">B\u1ed1n m\u00f9a \u1edf Nh\u1eadt B\u1ea3n th\u1eadt \u0111\u1eb9p!<\/h2>\n<p><img decoding=\"async\" loading=\"lazy\" src=\"http:\/\/inter-edu.co.jp\/wp-content\/uploads\/2019\/05\/voice_03-150x150.jpg\" alt=\"\" width=\"150\" height=\"150\" class=\"alignleft size-thumbnail wp-image-485\" srcset=\"http:\/\/inter-edu.co.jp\/wp-content\/uploads\/2019\/05\/voice_03-150x150.jpg 150w, http:\/\/inter-edu.co.jp\/wp-content\/uploads\/2019\/05\/voice_03.jpg 200w\" sizes=\"(max-width: 150px) 100vw, 150px\" \/><span style=\"font-size: 13pt;\">Nh\u1eadt B\u1ea3n l\u00e0 m\u1ed9t \u0111\u1ea5t n\u01b0\u1edbc c\u00f3 phong c\u1ea3nh 4 m\u00f9a xinh \u0111\u1eb9p v\u00e0 thi\u00ean nhi\u00ean tr\u00f9 ph\u00fa.<br \/>\nOsaka, Kyoto v\u00e0 Nara c\u00f3 r\u1ea5t nhi\u1ec1u th\u1eafng c\u1ea3nh mang t\u00ednh l\u1ecbch s\u1eed.<\/span><br clear=\"all\"><\/p>\n<h2 class=\"ttl_h2\">T\u00f4i r\u1ea5t \u1ea5n t\u01b0\u1ee3ng v\u1edbi phong c\u00e1ch c\u1ee7a ng\u01b0\u1eddi Nh\u1eadt.<\/h2>\n<p><img decoding=\"async\" loading=\"lazy\" src=\"http:\/\/inter-edu.co.jp\/wp-content\/uploads\/2019\/05\/voice_04-150x150.jpg\" alt=\"\" width=\"150\" height=\"150\" class=\"alignleft size-thumbnail wp-image-486\" srcset=\"http:\/\/inter-edu.co.jp\/wp-content\/uploads\/2019\/05\/voice_04-150x150.jpg 150w, http:\/\/inter-edu.co.jp\/wp-content\/uploads\/2019\/05\/voice_04.jpg 200w\" sizes=\"(max-width: 150px) 100vw, 150px\" \/><span style=\"font-size: 13pt;\">\u1ea4n t\u01b0\u1ee3ng \u0111\u1ea7u ti\u00ean c\u1ee7a t\u00f4i khi \u0111\u1ebfn Nh\u1eadt \u0111\u00f3 l\u00e0 m\u1ed9t \u0111\u1ea5t n\u01b0\u1edbc xinh \u0111\u1eb9p.<br \/>\nT\u00f4i c\u0169ng r\u1ea5t c\u1ea3m k\u00edch tr\u01b0\u1edbc c\u00e1ch c\u01b0 x\u1eed tuy\u1ec7t v\u1eddi c\u1ee7a ng\u01b0\u1eddi d\u00e2n n\u01a1i \u0111\u00e2y.<\/span><br clear=\"all\"><\/p>\n","protected":false},"excerpt":{"rendered":"<p>Ng\u00e0y ngh\u1ec9 t\u00f4i \u0111i ch\u01a1i r\u1ea5t nhi\u1ec1u! V\u00e0o nh\u1eefng ng\u00e0y ngh\u1ec9, t\u00f4i \u0111i \u0111\u1ebfn Nara, Kyoto, Kobe v\u00e0 Wakayama, nh\u1eefng n\u01a1i g\u1ea7n Osaka. T\u00f4i c\u0169ng \u0111\u00e3 t\u1eebng \u0111i du l\u1ecbch H\u00e0n Qu\u1ed1c m\u1ed9t l\u1ea7n. USJ r\u1ea5t g\u1ea7n! USJ m\u00e0 t\u00f4i v\u00f4 c\u00f9ng y\u00eau th\u00edch ch\u1ec9 c\u00e1ch tr\u01b0\u1eddng ch\u1ec9 2 ga t\u00e0u! Tr\u01b0\u1eddng ti\u1ebfng Nh\u1eadt r\u1ea5t&#8230;<\/p>\n","protected":false},"author":1,"featured_media":0,"parent":23,"menu_order":9,"comment_status":"closed","ping_status":"closed","template":"","meta":{"footnotes":""},"tags":[],"aioseo_notices":[],"_links":{"self":[{"href":"https:\/\/inter-edu.co.jp\/vn\/wp-json\/wp\/v2\/pages\/73"}],"collection":[{"href":"https:\/\/inter-edu.co.jp\/vn\/wp-json\/wp\/v2\/pages"}],"about":[{"href":"https:\/\/inter-edu.co.jp\/vn\/wp-json\/wp\/v2\/types\/page"}],"author":[{"embeddable":true,"href":"https:\/\/inter-edu.co.jp\/vn\/wp-json\/wp\/v2\/users\/1"}],"replies":[{"embeddable":true,"href":"https:\/\/inter-edu.co.jp\/vn\/wp-json\/wp\/v2\/comments?post=73"}],"version-history":[{"count":1,"href":"https:\/\/inter-edu.co.jp\/vn\/wp-json\/wp\/v2\/pages\/73\/revisions"}],"predecessor-version":[{"id":74,"href":"https:\/\/inter-edu.co.jp\/vn\/wp-json\/wp\/v2\/pages\/73\/revisions\/74"}],"up":[{"embeddable":true,"href":"https:\/\/inter-edu.co.jp\/vn\/wp-json\/wp\/v2\/pages\/23"}],"wp:attachment":[{"href":"https:\/\/inter-edu.co.jp\/vn\/wp-json\/wp\/v2\/media?parent=73"}],"wp:term":[{"taxonomy":"post_tag","embeddable":true,"href":"https:\/\/inter-edu.co.jp\/vn\/wp-json\/wp\/v2\/tags?post=73"}],"curies":[{"name":"wp","href":"https:\/\/api.w.org\/{rel}","templated":true}]}}