{"id":82,"date":"2022-05-20T20:24:46","date_gmt":"2022-05-20T11:24:46","guid":{"rendered":"http:\/\/inter-edu.co.jp\/vn\/?page_id=82"},"modified":"2022-07-20T22:43:02","modified_gmt":"2022-07-20T13:43:02","slug":"recruit","status":"publish","type":"page","link":"https:\/\/inter-edu.co.jp\/vn\/course\/recruit\/","title":{"rendered":"\u0110i l\u00e0m"},"content":{"rendered":"<h2 class=\"ttl_h2\">\u0110i l\u00e0m<\/h2>\n<p><img loading=\"lazy\" decoding=\"async\" src=\"http:\/\/inter-edu.co.jp\/vn\/wp-content\/uploads\/sites\/4\/2022\/07\/syusyoku_01.jpg\" alt=\"\" width=\"700\" height=\"100\" class=\"aligncenter size-full wp-image-160\" srcset=\"https:\/\/inter-edu.co.jp\/vn\/wp-content\/uploads\/sites\/4\/2022\/07\/syusyoku_01.jpg 700w, https:\/\/inter-edu.co.jp\/vn\/wp-content\/uploads\/sites\/4\/2022\/07\/syusyoku_01-300x43.jpg 300w\" sizes=\"(max-width: 700px) 100vw, 700px\" \/><\/p>\n<p><img loading=\"lazy\" decoding=\"async\" class=\"aligncenter wp-image-378 size-full\" src=\"http:\/\/inter-edu.co.jp\/wp-content\/uploads\/2019\/02\/5512642.jpg\" sizes=\"(max-width: 640px) 100vw, 640px\" srcset=\"http:\/\/inter-edu.co.jp\/wp-content\/uploads\/2019\/02\/5512642.jpg 640w, http:\/\/inter-edu.co.jp\/wp-content\/uploads\/2019\/02\/5512642-300x199.jpg 300w\" alt=\"\" width=\"640\" height=\"425\" \/><\/p>\n<p>C\u00e1c k\u1ef9 n\u0103ng m\u00e0 doanh nghi\u1ec7p tuy\u1ec3n d\u1ee5ng y\u00eau c\u1ea7u l\u00e0 kh\u1ea3 n\u0103ng giao ti\u1ebfp v\u00e0 n\u0103ng l\u1ef1c ti\u1ebfng Nh\u1eadt. Nh\u00e0 tr\u01b0\u1eddng \u0111\u00e0o t\u1ea1o ti\u1ebfng Nh\u1eadt ph\u00f9 h\u1ee3p v\u1edbi du h\u1ecdc sinh n\u01b0\u1edbc ngo\u00e0i, h\u01b0\u1edbng t\u1edbi m\u1ee5c ti\u00eau gi\u00fap t\u1ea5t c\u1ea3 c\u00e1c h\u1ecdc vi\u00ean c\u00f3 nguy\u1ec7n v\u1ecdng \u0111i l\u00e0m s\u1ebd \u0111\u01b0\u1ee3c tuy\u1ec3n d\u1ee5ng v\u00e0 v\u00e0o l\u00e0m t\u1ea1i c\u00f4ng ty. Ch\u00fang t\u00f4i h\u1ed7 tr\u1ee3 v\u00e0 t\u01b0 v\u1ea5n cho h\u1ecdc vi\u00ean v\u1ec1 vi\u1ec7c t\u1ef1 ph\u00e2n t\u00edch, v\u1ec1 c\u00e1c l\u0129nh v\u1ef1c ng\u00e0nh ngh\u1ec1, v\u1ec1 c\u00f4ng ty, nghi\u00ean c\u1ee9u c\u00e1c b\u01b0\u1edbc li\u00ean quan \u0111\u1ebfn ho\u1ea1t \u0111\u1ed9ng t\u00ecm vi\u1ec7c, k\u1ef9 n\u0103ng khi tham gia ph\u1ecfng v\u1ea5n v\u00e0 l\u00e0m b\u00e0i ki\u1ec3m tra \u1edf c\u00f4ng ty, c\u00e1ch n\u1ed9p \u0111\u01a1n xin thay \u0111\u1ed5i tt\u01b0 c\u00e1ch l\u01b0u tr\u00fa, v.v<\/p>\n<h3 class=\"ttl_h3\">H\u01b0\u1edbng d\u1eabn, t\u01b0 v\u1ea5n v\u1ec1 vi\u1ec7c l\u00e0m<\/h3>\n<p>Ch\u00fang t\u00f4i h\u1ed7 tr\u1ee3 m\u1ecdi m\u1eb7t cho h\u1ecdc vi\u00ean trong ho\u1ea1t \u0111\u1ed9ng t\u00ecm ki\u1ebfm vi\u1ec7c l\u00e0m sao cho c\u00f3 th\u1ec3 v\u1eadn d\u1ee5ng t\u1ed1i \u0111a kh\u1ea3 n\u0103ng ti\u1ebfng Nh\u1eadt \u0111\u00e3 h\u1ecdc c\u0169ng nh\u01b0 ph\u00f9 h\u1ee3p v\u1edbi c\u00e1 nh\u00e2n v\u00e0 ti\u1ec1m n\u0103ng c\u1ee7a m\u1ed7i ng\u01b0\u1eddi.<\/p>\n","protected":false},"excerpt":{"rendered":"<p>\u0110i l\u00e0m C\u00e1c k\u1ef9 n\u0103ng m\u00e0 doanh nghi\u1ec7p tuy\u1ec3n d\u1ee5ng y\u00eau c\u1ea7u l\u00e0 kh\u1ea3 n\u0103ng giao ti\u1ebfp v\u00e0 n\u0103ng l\u1ef1c ti\u1ebfng Nh\u1eadt. Nh\u00e0 tr\u01b0\u1eddng \u0111\u00e0o t\u1ea1o ti\u1ebfng Nh\u1eadt ph\u00f9 h\u1ee3p v\u1edbi du h\u1ecdc sinh n\u01b0\u1edbc ngo\u00e0i, h\u01b0\u1edbng t\u1edbi m\u1ee5c ti\u00eau gi\u00fap t\u1ea5t c\u1ea3 c\u00e1c h\u1ecdc vi\u00ean c\u00f3 nguy\u1ec7n v\u1ecdng \u0111i l\u00e0m s\u1ebd \u0111\u01b0\u1ee3c tuy\u1ec3n d\u1ee5ng&#8230;<\/p>\n","protected":false},"author":1,"featured_media":0,"parent":76,"menu_order":1,"comment_status":"closed","ping_status":"closed","template":"","meta":{"footnotes":""},"tags":[],"aioseo_notices":[],"_links":{"self":[{"href":"https:\/\/inter-edu.co.jp\/vn\/wp-json\/wp\/v2\/pages\/82"}],"collection":[{"href":"https:\/\/inter-edu.co.jp\/vn\/wp-json\/wp\/v2\/pages"}],"about":[{"href":"https:\/\/inter-edu.co.jp\/vn\/wp-json\/wp\/v2\/types\/page"}],"author":[{"embeddable":true,"href":"https:\/\/inter-edu.co.jp\/vn\/wp-json\/wp\/v2\/users\/1"}],"replies":[{"embeddable":true,"href":"https:\/\/inter-edu.co.jp\/vn\/wp-json\/wp\/v2\/comments?post=82"}],"version-history":[{"count":3,"href":"https:\/\/inter-edu.co.jp\/vn\/wp-json\/wp\/v2\/pages\/82\/revisions"}],"predecessor-version":[{"id":161,"href":"https:\/\/inter-edu.co.jp\/vn\/wp-json\/wp\/v2\/pages\/82\/revisions\/161"}],"up":[{"embeddable":true,"href":"https:\/\/inter-edu.co.jp\/vn\/wp-json\/wp\/v2\/pages\/76"}],"wp:attachment":[{"href":"https:\/\/inter-edu.co.jp\/vn\/wp-json\/wp\/v2\/media?parent=82"}],"wp:term":[{"taxonomy":"post_tag","embeddable":true,"href":"https:\/\/inter-edu.co.jp\/vn\/wp-json\/wp\/v2\/tags?post=82"}],"curies":[{"name":"wp","href":"https:\/\/api.w.org\/{rel}","templated":true}]}}