{"id":85,"date":"2022-05-20T20:29:08","date_gmt":"2022-05-20T11:29:08","guid":{"rendered":"http:\/\/inter-edu.co.jp\/vn\/?page_id=85"},"modified":"2025-10-10T17:25:15","modified_gmt":"2025-10-10T08:25:15","slug":"study","status":"publish","type":"page","link":"https:\/\/inter-edu.co.jp\/vn\/course\/study\/","title":{"rendered":"H\u1ecdc l\u00ean cao"},"content":{"rendered":"<h2 class=\"ttl_h2\">H\u1ecdc l\u00ean cao<\/h2>\n<p><img loading=\"lazy\" decoding=\"async\" src=\"http:\/\/inter-edu.co.jp\/vn\/wp-content\/uploads\/sites\/4\/2022\/07\/shingaku_01.jpg\" alt=\"\" width=\"700\" height=\"110\" class=\"aligncenter size-full wp-image-162\" srcset=\"https:\/\/inter-edu.co.jp\/vn\/wp-content\/uploads\/sites\/4\/2022\/07\/shingaku_01.jpg 700w, https:\/\/inter-edu.co.jp\/vn\/wp-content\/uploads\/sites\/4\/2022\/07\/shingaku_01-300x47.jpg 300w\" sizes=\"(max-width: 700px) 100vw, 700px\" \/><\/p>\n<p><img loading=\"lazy\" decoding=\"async\" class=\"aligncenter size-full wp-image-528\" src=\"http:\/\/inter-edu.co.jp\/wp-content\/uploads\/2019\/06\/tokyo_univ.jpg\" alt=\"\" width=\"640\" height=\"426\" \/><\/p>\n<p>Ch\u00fang t\u00f4i cung c\u1ea5p cho h\u1ecdc vi\u00ean th\u00f4ng tin v\u1ec1 tr\u01b0\u1eddng \u0111\u1ea1i h\u1ecdc v\u00e0 th\u00f4ng tin v\u1ec1 k\u1ef3 thi m\u1ed9t c\u00e1ch k\u1ecbp th\u1eddi. Trong k\u1ef3 thi tuy\u1ec3n ch\u1ecdn \u0111\u1eb7c bi\u1ec7t d\u00e0nh cho du h\u1ecdc sinh n\u01b0\u1edbc ngo\u00e0i, c\u00e1c \u1ee9ng vi\u00ean c\u1ea7n \u0111\u1eadu K\u1ef3 thi Du h\u1ecdc Nh\u1eadt B\u1ea3n, K\u1ef3 thi N\u0103ng l\u1ef1c ti\u1ebfng Nh\u1eadt, ph\u1ea3i tham gia thi ph\u1ecfng v\u1ea5n, thi vi\u1ebft v\u00e0 thi vi\u1ebft ti\u1ec3u lu\u1eadn. Ch\u00fang t\u00f4i s\u1ebd cung c\u1ea5p c\u00e1c gi\u1edd h\u1ecdc gi\u00fap h\u1ecdc vi\u00ean s\u1eed d\u1ee5ng th\u00e0nh th\u1ea1o ti\u1ebfng Nh\u1eadt \u0111\u1ec3 c\u00f3 \u0111\u01b0\u1ee3c t\u1ef7 l\u1ec7 \u0111\u1eadu cao.<\/p>\n<h3 class=\"ttl_h3\">H\u01b0\u1edbng d\u1eabn, t\u01b0 v\u1ea5n vi\u1ec7c h\u1ecdc l\u00ean cao<\/h3>\n<p>Ch\u00fang t\u00f4i t\u01b0 v\u1ea5n tr\u1ef1c ti\u1ebfp cho t\u1eebng h\u1ecdc vi\u00ean v\u1ec1 vi\u1ec7c d\u1ef1 thi \u0111\u1ec3 c\u00f3 th\u1ec3 nh\u1eadp h\u1ecdc v\u00e0 h\u1ecdc l\u00ean cao t\u1ea1i c\u00e1c tr\u01b0\u1eddng \u0111\u1ea1i h\u1ecdc danh ti\u1ebfng, tr\u01b0\u1eddng \u0111\u1ea1i h\u1ecdc h\u00e0ng \u0111\u1ea7u, tr\u01b0\u1eddng m\u00e0 t\u1eebng h\u1ecdc vi\u00ean mong mu\u1ed1n.<\/p>\n<h3 class=\"ttl_h3\">K\u1ef3 thi nh\u1eadp h\u1ecdc theo h\u00ecnh th\u1ee9c ti\u1ebfn c\u1eed \u0111\u01b0\u1ee3c tr\u01b0\u1eddng \u0111\u1ea1i h\u1ecdc ch\u1ec9 \u0111\u1ecbnh<\/h3>\n<p>L\u00e0 ch\u1ebf \u0111\u1ed9 nh\u1eadp h\u1ecdc d\u1ef1a theo ti\u1ebfn c\u1eed c\u1ee7a Nh\u00e0 tr\u01b0\u1eddng do tr\u01b0\u1eddng \u0111\u1ea1i h\u1ecdc ch\u1ec9 \u0111\u1ecbnh.<\/p>\n<h3 class=\"ttl_h3\">D\u1eef li\u1ec7u h\u1ecdc l\u00ean cao c\u1ee7a h\u1ecdc vi\u00ean<\/h3>\n<p>Nh\u00e0 tr\u01b0\u1eddng \u0111\u00e3 c\u00f3 nhi\u1ec1u h\u1ecdc vi\u00ean h\u1ecdc l\u00ean cao t\u1ea1i c\u00e1c tr\u01b0\u1eddng qu\u1ed1c l\u1eadp danh ti\u1ebfng,<br \/>\n\u0111\u1ea1i h\u1ecdc t\u01b0 th\u1ee5c v\u00e0 tr\u01b0\u1eddng sau \u0111\u1ea1i h\u1ecdc ch\u1eb3ng h\u1ea1n nh\u01b0 \u0110\u1ea1i h\u1ecdc v\u00e0 Cao h\u1ecdc qu\u1ed1c l\u1eadp Osaka, \u0110\u1ea1i h\u1ecdc v\u00e0 Cao h\u1ecdc qu\u1ed1c l\u1eadp Kobe,<br \/>\n\u0110\u1ea1i h\u1ecdc v\u00e0 Cao h\u1ecdc c\u00f4ng l\u1eadp Th\u00e0nh ph\u1ed1 Osaka, \u0110\u1ea1i h\u1ecdc Keio, \u0110\u1ea1i h\u1ecdc Ritsumeikan v\u00e0 \u0110\u1ea1i h\u1ecdc Kansai.<\/p>\n<h3 class=\"ttl_h3\">B\u1ea3ng th\u1ed1ng k\u00ea c\u00e1c tr\u01b0\u1eddng \u0111\u01b0\u1ee3c ch\u1ecdn \u0111\u1ec3 h\u1ecdc l\u00ean cao c\u1ee7a h\u1ecdc vi\u00ean sau t\u1ed1t nghi\u1ec7p<\/h3>\n<p>\u0110\u00e2y l\u00e0 nh\u1eefng th\u00e0nh t\u00edch h\u1ecdc l\u00ean c\u1ee7a h\u1ecdc sinh tr\u01b0\u1eddng ch\u00fang t\u00f4i t\u00ednh \u0111\u1ebfn th\u1eddi \u0111i\u1ec3m hi\u1ec7n t\u1ea1i n\u0103m 2025.<br \/>\n<img loading=\"lazy\" decoding=\"async\" src=\"http:\/\/inter-edu.co.jp\/wp-content\/uploads\/2025\/10\/shingaku_2025-scaled.jpg\" alt=\"\" width=\"1808\" height=\"2560\" class=\"aligncenter size-full wp-image-1687\" \/><\/p>\n","protected":false},"excerpt":{"rendered":"<p>H\u1ecdc l\u00ean cao Ch\u00fang t\u00f4i cung c\u1ea5p cho h\u1ecdc vi\u00ean th\u00f4ng tin v\u1ec1 tr\u01b0\u1eddng \u0111\u1ea1i h\u1ecdc v\u00e0 th\u00f4ng tin v\u1ec1 k\u1ef3 thi m\u1ed9t c\u00e1ch k\u1ecbp th\u1eddi. Trong k\u1ef3 thi tuy\u1ec3n ch\u1ecdn \u0111\u1eb7c bi\u1ec7t d\u00e0nh cho du h\u1ecdc sinh n\u01b0\u1edbc ngo\u00e0i, c\u00e1c \u1ee9ng vi\u00ean c\u1ea7n \u0111\u1eadu K\u1ef3 thi Du h\u1ecdc Nh\u1eadt B\u1ea3n, K\u1ef3 thi N\u0103ng l\u1ef1c&#8230;<\/p>\n","protected":false},"author":1,"featured_media":0,"parent":76,"menu_order":2,"comment_status":"closed","ping_status":"closed","template":"","meta":{"footnotes":""},"tags":[],"aioseo_notices":[],"_links":{"self":[{"href":"https:\/\/inter-edu.co.jp\/vn\/wp-json\/wp\/v2\/pages\/85"}],"collection":[{"href":"https:\/\/inter-edu.co.jp\/vn\/wp-json\/wp\/v2\/pages"}],"about":[{"href":"https:\/\/inter-edu.co.jp\/vn\/wp-json\/wp\/v2\/types\/page"}],"author":[{"embeddable":true,"href":"https:\/\/inter-edu.co.jp\/vn\/wp-json\/wp\/v2\/users\/1"}],"replies":[{"embeddable":true,"href":"https:\/\/inter-edu.co.jp\/vn\/wp-json\/wp\/v2\/comments?post=85"}],"version-history":[{"count":13,"href":"https:\/\/inter-edu.co.jp\/vn\/wp-json\/wp\/v2\/pages\/85\/revisions"}],"predecessor-version":[{"id":284,"href":"https:\/\/inter-edu.co.jp\/vn\/wp-json\/wp\/v2\/pages\/85\/revisions\/284"}],"up":[{"embeddable":true,"href":"https:\/\/inter-edu.co.jp\/vn\/wp-json\/wp\/v2\/pages\/76"}],"wp:attachment":[{"href":"https:\/\/inter-edu.co.jp\/vn\/wp-json\/wp\/v2\/media?parent=85"}],"wp:term":[{"taxonomy":"post_tag","embeddable":true,"href":"https:\/\/inter-edu.co.jp\/vn\/wp-json\/wp\/v2\/tags?post=85"}],"curies":[{"name":"wp","href":"https:\/\/api.w.org\/{rel}","templated":true}]}}