{"id":91,"date":"2022-05-20T20:46:36","date_gmt":"2022-05-20T11:46:36","guid":{"rendered":"http:\/\/inter-edu.co.jp\/vn\/?page_id=91"},"modified":"2022-07-20T23:01:57","modified_gmt":"2022-07-20T14:01:57","slug":"student","status":"publish","type":"page","link":"https:\/\/inter-edu.co.jp\/vn\/student\/","title":{"rendered":"Cu\u1ed9c s\u1ed1ng du h\u1ecdc sinh"},"content":{"rendered":"<p><img loading=\"lazy\" decoding=\"async\" src=\"http:\/\/inter-edu.co.jp\/vn\/wp-content\/uploads\/sites\/4\/2022\/07\/student_01.jpg\" alt=\"\" width=\"700\" height=\"160\" class=\"aligncenter size-full wp-image-164\" srcset=\"https:\/\/inter-edu.co.jp\/vn\/wp-content\/uploads\/sites\/4\/2022\/07\/student_01.jpg 700w, https:\/\/inter-edu.co.jp\/vn\/wp-content\/uploads\/sites\/4\/2022\/07\/student_01-300x69.jpg 300w\" sizes=\"(max-width: 700px) 100vw, 700px\" \/>\n<\/p>\n<p> Nishikujo l\u00e0 m\u1ed9t th\u00e0nh ph\u1ed1 r\u1ea5t s\u1ef1 ti\u1ec7n l\u1ee3i, b\u1ea1n c\u00f3 th\u1ec3 \u0111\u1ebfn c\u00e1c ga cu\u1ed1i c\u1ee7a Umeda, Namba v\u00e0 Tennoji ch\u1ec9 v\u1edbi m\u1ed9t chuy\u1ebfn t\u00e0u. Ng\u01b0\u1eddi d\u00e2n \u1edf khu ph\u1ed1 r\u1ea5t \u0111\u1ed7i b\u00ecnh d\u1ecb v\u00e0 \u1ea5m \u00e1p, mang t\u00ednh \u0111\u1eb7c tr\u01b0ng c\u1ee7a Osaka. <br \/>\nC\u00e0ng h\u1ecdc nhi\u1ec1u, c\u00e0ng s\u1ed1ng l\u00e2u \u1edf \u0111\u00e2y, b\u1ea1n s\u1ebd c\u00e0ng nh\u1eadn \u0111\u01b0\u1ee3c nh\u1eefng \u0111i\u1ec1u t\u1ed1t \u0111\u1eb9p \u1edf \u0111\u00e2y. Nishikujo c\u00f3 c\u00f4ng vi\u00ean gi\u1ea3i tr\u00ed qu\u1ed1c t\u1ebf USJ (Universal Studio Japan), \u0111ang l\u00e0 t\u00e2m \u0111i\u1ec3m ch\u00fa \u00fd c\u1ee7a c\u00f4ng ch\u00fang v\u1edbi t\u01b0 c\u00e1ch l\u00e0 th\u1ecb tr\u1ea5n c\u1eeda ng\u00f5 c\u1ee7a Yumeshima &#8211; \u0111\u1ecba \u0111i\u1ec3m t\u1ed5 ch\u1ee9c h\u1ed9i ch\u1ee3 tri\u1ec3n l\u00e3m Osaka, n\u1eb1m trong m\u1ed9t khu v\u1ef1c \u0111ang c\u00f3 nh\u1eefng ph\u00e1t tri\u1ec3n \u0111\u1ed9t ph\u00e1.<\/p>\n<p><img loading=\"lazy\" decoding=\"async\" src=\"http:\/\/inter-edu.co.jp\/vn\/wp-content\/uploads\/sites\/4\/2022\/07\/nisikujo_01.jpg\" alt=\"\" width=\"640\" height=\"426\" class=\"aligncenter size-full wp-image-170\" srcset=\"https:\/\/inter-edu.co.jp\/vn\/wp-content\/uploads\/sites\/4\/2022\/07\/nisikujo_01.jpg 640w, https:\/\/inter-edu.co.jp\/vn\/wp-content\/uploads\/sites\/4\/2022\/07\/nisikujo_01-300x200.jpg 300w\" sizes=\"(max-width: 640px) 100vw, 640px\" \/><br \/>\n<br \/>\n<img loading=\"lazy\" decoding=\"async\" src=\"http:\/\/inter-edu.co.jp\/vn\/wp-content\/uploads\/sites\/4\/2022\/07\/student_02.jpg\" alt=\"\" width=\"700\" height=\"120\" class=\"aligncenter size-full wp-image-172\" srcset=\"https:\/\/inter-edu.co.jp\/vn\/wp-content\/uploads\/sites\/4\/2022\/07\/student_02.jpg 700w, https:\/\/inter-edu.co.jp\/vn\/wp-content\/uploads\/sites\/4\/2022\/07\/student_02-300x51.jpg 300w\" sizes=\"(max-width: 700px) 100vw, 700px\" \/>\n<\/p>\n<p><img decoding=\"async\" loading=\"lazy\" src=\"http:\/\/inter-edu.co.jp\/wp-content\/uploads\/2019\/06\/nishikujo.jpg\" alt=\"\" width=\"639\" height=\"426\" class=\"aligncenter size-full wp-image-537\" srcset=\"http:\/\/inter-edu.co.jp\/wp-content\/uploads\/2019\/06\/nishikujo.jpg 639w, http:\/\/inter-edu.co.jp\/wp-content\/uploads\/2019\/06\/nishikujo-300x200.jpg 300w\" sizes=\"(max-width: 639px) 100vw, 639px\" \/><\/p>\n<p><img loading=\"lazy\" decoding=\"async\" src=\"http:\/\/inter-edu.co.jp\/vn\/wp-content\/uploads\/sites\/4\/2022\/07\/student_03.jpg\" alt=\"\" width=\"700\" height=\"80\" class=\"aligncenter size-full wp-image-174\" srcset=\"https:\/\/inter-edu.co.jp\/vn\/wp-content\/uploads\/sites\/4\/2022\/07\/student_03.jpg 700w, https:\/\/inter-edu.co.jp\/vn\/wp-content\/uploads\/sites\/4\/2022\/07\/student_03-300x34.jpg 300w\" sizes=\"(max-width: 700px) 100vw, 700px\" \/>\n<\/p>\n<div id=\"attachment_522\" style=\"width: 650px\" class=\"wp-caption aligncenter\"><img decoding=\"async\" aria-describedby=\"caption-attachment-522\" loading=\"lazy\" src=\"http:\/\/inter-edu.co.jp\/wp-content\/uploads\/2019\/06\/18887870.jpg\" alt=\"C\u1ea3nh \u0111\u00eam c\u1ee7a Kobe nh\u00ecn t\u1eeb Rokko\" width=\"640\" height=\"426\" class=\"size-full wp-image-522\" srcset=\"http:\/\/inter-edu.co.jp\/wp-content\/uploads\/2019\/06\/18887870.jpg 640w, http:\/\/inter-edu.co.jp\/wp-content\/uploads\/2019\/06\/18887870-300x200.jpg 300w\" sizes=\"(max-width: 640px) 100vw, 640px\" \/><\/p>\n<p id=\"caption-attachment-522\" class=\"wp-caption-text\">C\u1ea3nh \u0111\u00eam c\u1ee7a Kobe nh\u00ecn t\u1eeb Rokko<\/p>\n<\/div>\n<div id=\"attachment_532\" style=\"width: 650px\" class=\"wp-caption aligncenter\"><img decoding=\"async\" aria-describedby=\"caption-attachment-532\" loading=\"lazy\" src=\"http:\/\/inter-edu.co.jp\/wp-content\/uploads\/2019\/06\/kinkakuji.jpg\" alt=\"Ch\u00f9a Kinkakuji, Kyoto\" width=\"640\" height=\"427\" class=\"size-full wp-image-532\" srcset=\"http:\/\/inter-edu.co.jp\/wp-content\/uploads\/2019\/06\/kinkakuji.jpg 640w, http:\/\/inter-edu.co.jp\/wp-content\/uploads\/2019\/06\/kinkakuji-300x200.jpg 300w\" sizes=\"(max-width: 640px) 100vw, 640px\" \/><\/p>\n<p id=\"caption-attachment-532\" class=\"wp-caption-text\">Ch\u00f9a Kinkakuji, Kyoto<\/p>\n<\/div>\n<div id=\"attachment_535\" style=\"width: 650px\" class=\"wp-caption aligncenter\"><img decoding=\"async\" aria-describedby=\"caption-attachment-535\" loading=\"lazy\" src=\"http:\/\/inter-edu.co.jp\/wp-content\/uploads\/2019\/06\/nara_shika.jpg\" alt=\"\u0110\u1ec1n Todaiji v\u00e0 h\u01b0\u01a1u \u1edf Nara\" width=\"640\" height=\"426\" class=\"size-full wp-image-535\" srcset=\"http:\/\/inter-edu.co.jp\/wp-content\/uploads\/2019\/06\/nara_shika.jpg 640w, http:\/\/inter-edu.co.jp\/wp-content\/uploads\/2019\/06\/nara_shika-300x200.jpg 300w\" sizes=\"(max-width: 640px) 100vw, 640px\" \/><\/p>\n<p id=\"caption-attachment-535\" class=\"wp-caption-text\">\u0110\u1ec1n Todaiji v\u00e0 h\u01b0\u01a1u \u1edf Nara<\/p>\n<\/div>\n","protected":false},"excerpt":{"rendered":"<p>Nishikujo l\u00e0 m\u1ed9t th\u00e0nh ph\u1ed1 r\u1ea5t s\u1ef1 ti\u1ec7n l\u1ee3i, b\u1ea1n c\u00f3 th\u1ec3 \u0111\u1ebfn c\u00e1c ga cu\u1ed1i c\u1ee7a Umeda, Namba v\u00e0 Tennoji ch\u1ec9 v\u1edbi m\u1ed9t chuy\u1ebfn t\u00e0u. Ng\u01b0\u1eddi d\u00e2n \u1edf khu ph\u1ed1 r\u1ea5t \u0111\u1ed7i b\u00ecnh d\u1ecb v\u00e0 \u1ea5m \u00e1p, mang t\u00ednh \u0111\u1eb7c tr\u01b0ng c\u1ee7a Osaka. C\u00e0ng h\u1ecdc nhi\u1ec1u, c\u00e0ng s\u1ed1ng l\u00e2u \u1edf \u0111\u00e2y, b\u1ea1n s\u1ebd c\u00e0ng&#8230;<\/p>\n","protected":false},"author":1,"featured_media":0,"parent":0,"menu_order":0,"comment_status":"closed","ping_status":"closed","template":"","meta":{"footnotes":""},"tags":[],"aioseo_notices":[],"_links":{"self":[{"href":"https:\/\/inter-edu.co.jp\/vn\/wp-json\/wp\/v2\/pages\/91"}],"collection":[{"href":"https:\/\/inter-edu.co.jp\/vn\/wp-json\/wp\/v2\/pages"}],"about":[{"href":"https:\/\/inter-edu.co.jp\/vn\/wp-json\/wp\/v2\/types\/page"}],"author":[{"embeddable":true,"href":"https:\/\/inter-edu.co.jp\/vn\/wp-json\/wp\/v2\/users\/1"}],"replies":[{"embeddable":true,"href":"https:\/\/inter-edu.co.jp\/vn\/wp-json\/wp\/v2\/comments?post=91"}],"version-history":[{"count":7,"href":"https:\/\/inter-edu.co.jp\/vn\/wp-json\/wp\/v2\/pages\/91\/revisions"}],"predecessor-version":[{"id":175,"href":"https:\/\/inter-edu.co.jp\/vn\/wp-json\/wp\/v2\/pages\/91\/revisions\/175"}],"wp:attachment":[{"href":"https:\/\/inter-edu.co.jp\/vn\/wp-json\/wp\/v2\/media?parent=91"}],"wp:term":[{"taxonomy":"post_tag","embeddable":true,"href":"https:\/\/inter-edu.co.jp\/vn\/wp-json\/wp\/v2\/tags?post=91"}],"curies":[{"name":"wp","href":"https:\/\/api.w.org\/{rel}","templated":true}]}}