{"id":94,"date":"2022-05-20T20:50:29","date_gmt":"2022-05-20T11:50:29","guid":{"rendered":"http:\/\/inter-edu.co.jp\/vn\/?page_id=94"},"modified":"2022-05-20T21:35:14","modified_gmt":"2022-05-20T12:35:14","slug":"support","status":"publish","type":"page","link":"https:\/\/inter-edu.co.jp\/vn\/student\/support\/","title":{"rendered":"H\u1ed7 tr\u1ee3 sau khi sang Nh\u1eadt"},"content":{"rendered":"<h2 class=\"ttl_h2\">Y\u00ean t\u00e2m cho d\u00f9 l\u00e0 l\u1ea7n \u0111\u1ea7u s\u1ed1ng m\u1ed9t m\u00ecnh \u1edf Nh\u1eadt B\u1ea3n!<\/h2>\n<p>Ch\u00fang t\u00f4i s\u1ebd t\u01b0 v\u1ea5n cho B\u1ea1n v\u1ec1 \u0111\u1eddi s\u1ed1ng<br \/>\nCh\u00fang t\u00f4i s\u1ebd t\u01b0 v\u1ea5n t\u1eadn t\u00ecnh v\u1ec1 cu\u1ed9c s\u1ed1ng \u1edf Nh\u1eadt B\u1ea3n, bao g\u1ed3m v\u1ec1 ch\u1ed7 \u1edf nh\u01b0 k\u00fd t\u00fac x\u00e1, c\u0103n h\u1ed9 \u0111i thu\u00ea, v\u1ec1 vi\u1ec7c l\u00e0m b\u00e1n th\u1eddi gian, v.v.<\/p>\n<h2 class=\"ttl_h2\">G\u1eedi b\u00e1o c\u00e1o h\u1ecdc t\u1eadp\u201d cho gia \u0111\u00ecnh<\/h2>\n<p>M\u1ed9t n\u0103m 2 l\u1ea7n g\u1eedi b\u00e1o c\u00e1o v\u1ec1 cu\u1ed9c s\u1ed1ng h\u1ecdc t\u1eadp t\u1ea1i Nh\u1eadt cho gia \u0111\u00ecnh \u1edf qu\u00ea h\u01b0\u01a1ng cho n\u00ean gia \u0111\u00ecnh c\u0169ng y\u00ean t\u00e2m.<\/p>\n<h2 class=\"ttl_h2\">S\u1ef1 ki\u1ec7n giao l\u01b0u<\/h2>\n<p>T\u1ea5t c\u1ea3 \u0111o\u00e0n k\u1ebft m\u1ed9t l\u00f2ng<br \/>\nCh\u1eafc ch\u1eafn m\u1ecdi ng\u01b0\u1eddi s\u1ebd truy\u1ec1n \u0111\u1ea1t \u0111\u01b0\u1ee3c suy ngh\u0129, t\u00ecnh c\u1ea3m cho nhau. Ch\u1eafc ch\u1eafn s\u1ebd hi\u1ec3u nhau.<br \/>\n\u25cfH\u1ea7u h\u1ebft sinh vi\u00ean \u0111\u1ebfn t\u1eeb c\u00e1c n\u01b0\u1edbc Ch\u00e2u \u00c1. B\u1ea1n c\u00f3 th\u1ec3 n\u00f3i chuy\u1ec7n v\u1edbi nh\u1eefng ng\u01b0\u1eddi b\u1ea1n c\u00f9ng ch\u00ed h\u01b0\u1edbng, n\u00f3i chuy\u1ec7n b\u1eb1ng ng\u00f4n ng\u1eef m\u1eb9 \u0111\u1ebb c\u1ee7a m\u00ecnh ngo\u00e0i gi\u1edd h\u1ecdc v\u1edbi c\u00e1c h\u1ecdc vi\u00ean kh\u00e1c.<br \/>\n\u25cfB\u1ea1n s\u1ebd c\u00f3 c\u01a1 h\u1ed9i giao l\u01b0u, giao ti\u1ebfp v\u1edbi c\u00e1c gi\u00e1o vi\u00ean n\u00f3i ti\u1ebfng Trung Qu\u1ed1c \u0111ang d\u1eady t\u1ea1i H\u1ecdc vi\u1ec7n Ng\u00f4n ng\u1eef Ph\u01b0\u01a1ng \u0110\u00f4ng Osaka &#8211; l\u00e0 tr\u01b0\u1eddng ch\u1ecb em v\u1edbi Nh\u00e0 tr\u01b0\u1eddng n\u00e0y, v\u1edbi c\u00e1c sinh vi\u00ean Nh\u1eadt B\u1ea3n c\u00f9ng \u0111\u1ed9 tu\u1ed5i.<br \/>\n\u25cfCh\u00fang t\u00f4i c\u0169ng \u0111ang t\u1ed5 ch\u1ee9c c\u00e1c s\u1ef1 ki\u1ec7n giao l\u01b0u qu\u1ed1c t\u1ebf gi\u1eefa Nh\u1eadt B\u1ea3n v\u00e0 Trung Qu\u1ed1c. Nhi\u1ec1u s\u1ef1 ki\u1ec7n v\u00e0 ho\u1ea1t \u0111\u1ed9ng kh\u00e1c c\u0169ng \u0111ang \u0111\u01b0\u1ee3c th\u1ef1c hi\u1ec7n r\u1ea5t t\u00edch c\u1ef1c.<\/p>\n","protected":false},"excerpt":{"rendered":"<p>Y\u00ean t\u00e2m cho d\u00f9 l\u00e0 l\u1ea7n \u0111\u1ea7u s\u1ed1ng m\u1ed9t m\u00ecnh \u1edf Nh\u1eadt B\u1ea3n! Ch\u00fang t\u00f4i s\u1ebd t\u01b0 v\u1ea5n cho B\u1ea1n v\u1ec1 \u0111\u1eddi s\u1ed1ng Ch\u00fang t\u00f4i s\u1ebd t\u01b0 v\u1ea5n t\u1eadn t\u00ecnh v\u1ec1 cu\u1ed9c s\u1ed1ng \u1edf Nh\u1eadt B\u1ea3n, bao g\u1ed3m v\u1ec1 ch\u1ed7 \u1edf nh\u01b0 k\u00fd t\u00fac x\u00e1, c\u0103n h\u1ed9 \u0111i thu\u00ea, v\u1ec1 vi\u1ec7c l\u00e0m b\u00e1n th\u1eddi gian,&#8230;<\/p>\n","protected":false},"author":1,"featured_media":0,"parent":91,"menu_order":1,"comment_status":"closed","ping_status":"closed","template":"","meta":{"footnotes":""},"tags":[],"aioseo_notices":[],"_links":{"self":[{"href":"https:\/\/inter-edu.co.jp\/vn\/wp-json\/wp\/v2\/pages\/94"}],"collection":[{"href":"https:\/\/inter-edu.co.jp\/vn\/wp-json\/wp\/v2\/pages"}],"about":[{"href":"https:\/\/inter-edu.co.jp\/vn\/wp-json\/wp\/v2\/types\/page"}],"author":[{"embeddable":true,"href":"https:\/\/inter-edu.co.jp\/vn\/wp-json\/wp\/v2\/users\/1"}],"replies":[{"embeddable":true,"href":"https:\/\/inter-edu.co.jp\/vn\/wp-json\/wp\/v2\/comments?post=94"}],"version-history":[{"count":2,"href":"https:\/\/inter-edu.co.jp\/vn\/wp-json\/wp\/v2\/pages\/94\/revisions"}],"predecessor-version":[{"id":107,"href":"https:\/\/inter-edu.co.jp\/vn\/wp-json\/wp\/v2\/pages\/94\/revisions\/107"}],"up":[{"embeddable":true,"href":"https:\/\/inter-edu.co.jp\/vn\/wp-json\/wp\/v2\/pages\/91"}],"wp:attachment":[{"href":"https:\/\/inter-edu.co.jp\/vn\/wp-json\/wp\/v2\/media?parent=94"}],"wp:term":[{"taxonomy":"post_tag","embeddable":true,"href":"https:\/\/inter-edu.co.jp\/vn\/wp-json\/wp\/v2\/tags?post=94"}],"curies":[{"name":"wp","href":"https:\/\/api.w.org\/{rel}","templated":true}]}}