{"id":98,"date":"2022-05-20T20:55:30","date_gmt":"2022-05-20T11:55:30","guid":{"rendered":"http:\/\/inter-edu.co.jp\/vn\/?page_id=98"},"modified":"2022-07-20T23:05:59","modified_gmt":"2022-07-20T14:05:59","slug":"osakalife","status":"publish","type":"page","link":"https:\/\/inter-edu.co.jp\/vn\/student\/osakalife\/","title":{"rendered":"Gi\u1edbi thi\u1ec7u v\u1ec1 cu\u1ed9c s\u1ed1ng \u1edf Osaka"},"content":{"rendered":"<p><img loading=\"lazy\" decoding=\"async\" src=\"http:\/\/inter-edu.co.jp\/vn\/wp-content\/uploads\/sites\/4\/2022\/07\/osaka_01.jpg\" alt=\"\" width=\"700\" height=\"60\" class=\"aligncenter size-full wp-image-176\" srcset=\"https:\/\/inter-edu.co.jp\/vn\/wp-content\/uploads\/sites\/4\/2022\/07\/osaka_01.jpg 700w, https:\/\/inter-edu.co.jp\/vn\/wp-content\/uploads\/sites\/4\/2022\/07\/osaka_01-300x26.jpg 300w\" sizes=\"(max-width: 700px) 100vw, 700px\" \/><\/p>\n<h2 class=\"ttl_h2\">K\u00fd t\u00fac x\u00e1 sinh vi\u00ean<\/h2>\n<p><img decoding=\"async\" loading=\"lazy\" src=\"http:\/\/inter-edu.co.jp\/wp-content\/uploads\/2019\/05\/room_01.jpg\" alt=\"\" width=\"615\" height=\"225\" class=\"aligncenter size-full wp-image-494\" srcset=\"http:\/\/inter-edu.co.jp\/wp-content\/uploads\/2019\/05\/room_01.jpg 615w, http:\/\/inter-edu.co.jp\/wp-content\/uploads\/2019\/05\/room_01-300x110.jpg 300w\" sizes=\"(max-width: 615px) 100vw, 615px\" \/><br \/>\nTr\u01b0\u1eddng c\u00f3 k\u00fd t\u00fac x\u00e1 sinh vi\u00ean \u1edf ngay g\u1ea7n tr\u01b0\u1eddng, r\u1ea5t thu\u1eadn ti\u1ec7n cho vi\u1ec7c \u0111i h\u1ecdc. K\u00fd t\u00fac x\u00e1 n\u1eb1m ngay c\u1ea1nh ga Nishikujo c\u1ee7a tuy\u1ebfn JR v\u00e0 tuy\u1ebfn Hanshin. Xung quanh k\u00fd t\u00fac x\u00e1 v\u00e0 nh\u00e0 ga c\u00f3 c\u00f4ng vi\u00ean, hi\u1ec7u s\u00e1ch, c\u1eeda h\u00e0ng ti\u1ec7n l\u1ee3i v\u00e0 nh\u00e0 h\u00e0ng. M\u00f4i tr\u01b0\u1eddng s\u1ed1ng \u1edf \u0111\u00e2y y\u00ean t\u0129nh v\u00e0 d\u1ec5 ch\u1ecbu. Tr\u1ea1m c\u1ea3nh s\u00e1t, b\u1ec7nh vi\u1ec7n v\u00e0 ph\u00f2ng kh\u00e1m c\u1ea5p c\u1ee9u l\u00e0m vi\u1ec7c v\u00e0o ng\u00e0y ngh\u1ec9 c\u0169ng \u1edf r\u1ea5t g\u1ea7n \u0111\u00f3 n\u00ean c\u00f3 th\u1ec3 y\u00ean t\u00e2m sinh s\u1ed1ng, kh\u00f4ng ph\u1ea3i lo l\u1eafng g\u00ec. Ch\u00fang t\u00f4i b\u1ed1 tr\u00ed c\u00e1c ph\u00f2ng \u1edf s\u00e1ng s\u1ee7a v\u00e0 s\u1ea1ch s\u1ebd.<\/p>\n<h2 class=\"ttl_h2\">L\u00e0m th\u00eam<\/h2>\n<p><img decoding=\"async\" loading=\"lazy\" src=\"http:\/\/inter-edu.co.jp\/wp-content\/uploads\/2019\/07\/baito-1.jpg\" alt=\"\" width=\"615\" height=\"225\" class=\"aligncenter size-full wp-image-833\" srcset=\"http:\/\/inter-edu.co.jp\/wp-content\/uploads\/2019\/07\/baito-1.jpg 615w, http:\/\/inter-edu.co.jp\/wp-content\/uploads\/2019\/07\/baito-1-300x110.jpg 300w\" sizes=\"(max-width: 615px) 100vw, 615px\" \/><br \/>\n<img decoding=\"async\" loading=\"lazy\" src=\"http:\/\/inter-edu.co.jp\/wp-content\/uploads\/2019\/07\/S__1646595-1.jpg\" alt=\"\" width=\"400\" height=\"233\" class=\"aligncenter size-full wp-image-819\" srcset=\"http:\/\/inter-edu.co.jp\/wp-content\/uploads\/2019\/07\/S__1646595-1.jpg 400w, http:\/\/inter-edu.co.jp\/wp-content\/uploads\/2019\/07\/S__1646595-1-300x175.jpg 300w\" sizes=\"(max-width: 400px) 100vw, 400px\" \/><br \/>\nGi\u1edd h\u1ecdc tr\u00ean l\u1edbp \u0111\u01b0\u1ee3c \u01b0u ti\u00ean h\u00e0ng \u0111\u1ea7u, tuy nhi\u00ean B\u1ea1n v\u1eabn c\u00f3 th\u1ec3 s\u1eed d\u1ee5ng hi\u1ec7u qu\u1ea3 kho\u1ea3ng th\u1eddi gian r\u1ea3nh r\u1ed7i \u0111\u1ec3 l\u00e0m c\u00f4ng vi\u1ec7c b\u00e1n th\u1eddi gian. Ch\u00ednh ph\u1ee7 c\u00f3 quy \u0111\u1ecbnh nh\u1eefng c\u00f4ng vi\u1ec7c m\u00e0 du h\u1ecdc sinh \u0111\u01b0\u1ee3c ph\u00e9p l\u00e0m v\u00e0 th\u1eddi gian l\u00e0m vi\u1ec7c t\u1ed1i \u0111a 28 gi\u1edd m\u1ed7i tu\u1ea7n. V\u00e0o k\u1ef3 ngh\u1ec9 d\u00e0i nh\u01b0 ngh\u1ec9 h\u00e8, B\u1ea1n \u0111\u01b0\u1ee3c ph\u00e9p l\u00e0m vi\u1ec7c t\u1ed1i \u0111a 40 gi\u1edd m\u1ed7i tu\u1ea7n. Xung quanh tr\u01b0\u1eddng c\u0169ng c\u00f3 r\u1ea5t nhi\u1ec1u c\u1eeda h\u00e0ng ti\u1ec7n l\u1ee3i v\u00e0 nh\u00e0 h\u00e0ng. Giao th\u00f4ng r\u1ea5t thu\u1eadn ti\u1ec7n n\u00ean b\u1ea1n c\u00f3 th\u1ec3 \u0111\u1ebfn Umeda v\u00e0 Namba, kh\u00f4ng kh\u00f3 \u0111\u1ec3 t\u00ecm ch\u1ed7 \u0111i l\u00e0m th\u00eam. Vi\u1ec7c \u0111i l\u00e0m th\u00eam s\u1ebd gi\u00fap b\u1ea1n tho\u1ea3i m\u00e1i h\u01a1n trong cu\u1ed9c s\u1ed1ng v\u00e0 chi ti\u00eau.<\/p>\n<h2 class=\"ttl_h2\">Nh\u00e0 tr\u01b0\u1eddng n\u1eb1m \u1edf &#8220;Nishi Kujo&#8221; &#8211; m\u1ed9t khu ph\u1ed1 r\u1ea5t thu\u1eadn ti\u1ec7n v\u1ec1 giao th\u00f4ng!<\/h2>\n<p> B\u1ea1n c\u00f3 th\u1ec3 d\u1ec5 d\u00e0ng \u0111i \u0111\u1ebfn Umeda v\u00e0 Tennoji g\u1ea7n \u0111\u00f3 tr\u00ean tuy\u1ebfn JR! B\u1ea1n c\u0169ng c\u00f3 th\u1ec3 \u0111i \u0111\u1ebfn Kobe, Nara b\u1eb1ng t\u00e0u \u0111i\u1ec7n c\u1ee7a tuy\u1ebfn Hanshin, USJ c\u0169ng ch\u1ec9 m\u1ea5t m\u1ed9t chuy\u1ebfn t\u00e0u l\u00e0 \u0111\u1ebfn n\u01a1i.<\/p>\n<p><img decoding=\"async\" loading=\"lazy\" src=\"http:\/\/inter-edu.co.jp\/wp-content\/uploads\/2019\/06\/nishikujo.jpg\" alt=\"\" width=\"639\" height=\"426\" class=\"aligncenter size-full wp-image-537\" srcset=\"http:\/\/inter-edu.co.jp\/wp-content\/uploads\/2019\/06\/nishikujo.jpg 639w, http:\/\/inter-edu.co.jp\/wp-content\/uploads\/2019\/06\/nishikujo-300x200.jpg 300w\" sizes=\"(max-width: 639px) 100vw, 639px\" \/><\/p>\n<h2 class=\"ttl_h2\"> &#8220;Osaka&#8221; &#8211; th\u00e0nh ph\u1ed1 r\u1ea5t d\u1ec5 s\u1ed1ng v\u00e0 c\u00f2n l\u01b0u gi\u1eef nhi\u1ec1u n\u00e9t v\u0103n h\u00f3a truy\u1ec1n th\u1ed1ng<\/h2>\n<p> Osaka c\u00f3 r\u1ea5t nhi\u1ec1u h\u1ea5p d\u1eabn, v\u1eeba c\u00f3 s\u1ef1 h\u1ea5p d\u1eabn c\u1ee7a m\u1ed9t th\u00e0nh ph\u1ed1 l\u1edbn v\u1edbi nhi\u1ec1u c\u01a1 h\u1ed9i vi\u1ec7c l\u00e0m, ch\u1ed7 l\u00e0m th\u01b0\u1eddng g\u1ea7n n\u01a1i \u1edf, giao th\u00f4ng ti\u1ec7n l\u1ee3i, sinh ho\u1ea1t thu\u1eadn ti\u1ec7n, v\u1eeba c\u00f3 s\u1ef1 h\u1ea5p d\u1eabn v\u00ec v\u1eabn gi\u1eef \u0111\u01b0\u1ee3c n\u00e9t \u0111\u1eb7c tr\u01b0ng r\u1ea5t ri\u00eang c\u1ee7a ng\u01b0\u1eddi d\u00e2n Osaka gi\u00e0u t\u00ecnh c\u1ea3m, thi\u00ean nhi\u00ean phong ph\u00fa, nhi\u1ec1u v\u0103n h\u00f3a truy\u1ec1n th\u1ed1ng v\u00e0 l\u1ecbch s\u1eed, v\u00e0 l\u00e0 m\u1ed9t n\u01a1i r\u1ea5t d\u1ec5 s\u1ed1ng.<br \/>\nTrong khi v\u1eabn tr\u00e2n tr\u1ecdng v\u00e0 gi\u1eef g\u00ecn truy\u1ec1n th\u1ed1ng v\u00e0 v\u0103n h\u00f3a, Osaka \u0111ang ti\u1ebfp t\u1ee5c ph\u00e1t tri\u1ec3n th\u00e0nh m\u1ed9t th\u00e0nh ph\u1ed1 \u0111\u1ea7y s\u1ee9c h\u1ea5p d\u1eabn khi\u1ebfn nh\u1eefng ng\u01b0\u1eddi s\u1ed1ng \u1edf \u0111\u00e2y lu\u00f4n c\u1ea3m th\u1ea5y ph\u1ea5n th\u00edch.<\/p>\n<div id=\"attachment_838\" style=\"width: 650px\" class=\"wp-caption aligncenter\"><img decoding=\"async\" aria-describedby=\"caption-attachment-838\" loading=\"lazy\" src=\"http:\/\/inter-edu.co.jp\/wp-content\/uploads\/2019\/07\/kitsuke.jpg\" alt=\"\" width=\"640\" height=\"480\" class=\"size-full wp-image-838\" srcset=\"http:\/\/inter-edu.co.jp\/wp-content\/uploads\/2019\/07\/kitsuke.jpg 640w, http:\/\/inter-edu.co.jp\/wp-content\/uploads\/2019\/07\/kitsuke-300x225.jpg 300w\" sizes=\"(max-width: 640px) 100vw, 640px\" \/><\/p>\n<p id=\"caption-attachment-838\" class=\"wp-caption-text\"> Tr\u1ea3i nghi\u1ec7m v\u0103n h\u00f3a Nh\u1eadt B\u1ea3n v\u1edbi trang ph\u1ee5c truy\u1ec1n th\u1ed1ng!<\/p>\n<\/div>\n<p>Nhi\u1ec1u n\u01b0\u1edbc tr\u00ean th\u1ebf gi\u1edbi c\u00f3 kh\u00ed h\u1eadu b\u1ed1n m\u00f9a, nh\u01b0ng \u1edf Nh\u1eadt B\u1ea3n, B\u1ea1n s\u1ebd c\u1ea3m nh\u1eadn \u0111\u01b0\u1ee3c s\u1ef1 thay \u0111\u1ed5i c\u1ee7a c\u00e1c m\u00f9a m\u1ed9t c\u00e1ch g\u1ea7n g\u0169i v\u00e0 r\u00f5 r\u00e0ng h\u01a1n.<\/p>\n<div id=\"attachment_842\" style=\"width: 650px\" class=\"wp-caption aligncenter\"><img decoding=\"async\" aria-describedby=\"caption-attachment-842\" loading=\"lazy\" src=\"http:\/\/inter-edu.co.jp\/wp-content\/uploads\/2019\/07\/S__1687558.jpg\" alt=\"\" width=\"640\" height=\"231\" class=\"size-full wp-image-842\" srcset=\"http:\/\/inter-edu.co.jp\/wp-content\/uploads\/2019\/07\/S__1687558.jpg 640w, http:\/\/inter-edu.co.jp\/wp-content\/uploads\/2019\/07\/S__1687558-300x108.jpg 300w\" sizes=\"(max-width: 640px) 100vw, 640px\" \/><\/p>\n<p id=\"caption-attachment-842\" class=\"wp-caption-text\"> V\u00e0o m\u00f9a xu\u00e2n, hoa anh \u0111\u00e0o n\u1edf v\u00f4 c\u00f9ng \u0111\u1eb9p, B\u1ea1n c\u0169ng c\u00f3 th\u1ec3 \u0111i ng\u1eafm hoa anh \u0111\u00e0o.<\/p>\n<\/div>\n<p>H\u01a1n n\u1eefa, \u0111\u00e2y c\u00f2n l\u00e0 &#8220;Th\u00e0nh ph\u1ed1 \u1ea9m th\u1ef1c&#8221; n\u01a1i b\u1ea1n \u0111\u01b0\u1ee3c th\u01b0\u1edfng th\u1ee9c r\u1ea5t nhi\u1ec1u m\u00f3n \u0103n ngon h\u01a1n!<br \/>\nM\u1ed9t n\u01a1i \u0111\u1ea7y h\u1ea5p d\u1eabn v\u1edbi nh\u1eefng \u0111i\u1ec3m du l\u1ecbch truy\u1ec1n th\u1ed1ng cho b\u1ea1n c\u1ea3m nh\u1eadn \u0111\u01b0\u1ee3c nh\u1eefng \u0111i\u1ec1u t\u1ed1t \u0111\u1eb9p c\u1ee7a ng\u00e0y x\u01b0a v\u00e0 nh\u1eefng \u0111i\u1ec3m du du l\u1ecbch m\u1edbi v\u1edbi nhi\u1ec1u c\u1ea3m gi\u00e1c m\u1edbi m\u1ebb.<\/p>\n<p><img decoding=\"async\" loading=\"lazy\" src=\"http:\/\/inter-edu.co.jp\/wp-content\/uploads\/2019\/07\/6893861.jpg\" alt=\"\" width=\"640\" height=\"480\" class=\"aligncenter size-full wp-image-808\" srcset=\"http:\/\/inter-edu.co.jp\/wp-content\/uploads\/2019\/07\/6893861.jpg 640w, http:\/\/inter-edu.co.jp\/wp-content\/uploads\/2019\/07\/6893861-300x225.jpg 300w\" sizes=\"(max-width: 640px) 100vw, 640px\" \/><\/p>\n<p>Nh\u00e0 tr\u01b0\u1eddng n\u1eb1m \u1edf v\u1ecb tr\u00ed thu\u1eadn ti\u1ec7n, d\u1ec5 d\u00e0ng \u0111i \u0111\u1ebfn c\u00e1c khu v\u1ef1c n\u1ed5i ti\u1ebfng v\u1edbi kh\u00e1ch th\u0103m quan du l\u1ecbch nh\u01b0 Namba, Shinsaibashi v\u00e0 Dotonbori.<br \/>\nR\u1ea5t d\u1ec5 ki\u1ebfm vi\u1ec7c l\u00e0m ho\u1eb7c \u0111i l\u00e0m th\u00eam.<\/p>\n<p><img decoding=\"async\" loading=\"lazy\" src=\"http:\/\/inter-edu.co.jp\/wp-content\/uploads\/2019\/07\/14279667.jpg\" alt=\"\" width=\"640\" height=\"426\" class=\"aligncenter size-full wp-image-809\" srcset=\"http:\/\/inter-edu.co.jp\/wp-content\/uploads\/2019\/07\/14279667.jpg 640w, http:\/\/inter-edu.co.jp\/wp-content\/uploads\/2019\/07\/14279667-300x200.jpg 300w\" sizes=\"(max-width: 640px) 100vw, 640px\" \/><\/p>\n","protected":false},"excerpt":{"rendered":"<p>K\u00fd t\u00fac x\u00e1 sinh vi\u00ean Tr\u01b0\u1eddng c\u00f3 k\u00fd t\u00fac x\u00e1 sinh vi\u00ean \u1edf ngay g\u1ea7n tr\u01b0\u1eddng, r\u1ea5t thu\u1eadn ti\u1ec7n cho vi\u1ec7c \u0111i h\u1ecdc. K\u00fd t\u00fac x\u00e1 n\u1eb1m ngay c\u1ea1nh ga Nishikujo c\u1ee7a tuy\u1ebfn JR v\u00e0 tuy\u1ebfn Hanshin. Xung quanh k\u00fd t\u00fac x\u00e1 v\u00e0 nh\u00e0 ga c\u00f3 c\u00f4ng vi\u00ean, hi\u1ec7u s\u00e1ch, c\u1eeda h\u00e0ng ti\u1ec7n l\u1ee3i v\u00e0&#8230;<\/p>\n","protected":false},"author":1,"featured_media":116,"parent":91,"menu_order":2,"comment_status":"closed","ping_status":"closed","template":"","meta":{"footnotes":""},"tags":[5],"aioseo_notices":[],"_links":{"self":[{"href":"https:\/\/inter-edu.co.jp\/vn\/wp-json\/wp\/v2\/pages\/98"}],"collection":[{"href":"https:\/\/inter-edu.co.jp\/vn\/wp-json\/wp\/v2\/pages"}],"about":[{"href":"https:\/\/inter-edu.co.jp\/vn\/wp-json\/wp\/v2\/types\/page"}],"author":[{"embeddable":true,"href":"https:\/\/inter-edu.co.jp\/vn\/wp-json\/wp\/v2\/users\/1"}],"replies":[{"embeddable":true,"href":"https:\/\/inter-edu.co.jp\/vn\/wp-json\/wp\/v2\/comments?post=98"}],"version-history":[{"count":3,"href":"https:\/\/inter-edu.co.jp\/vn\/wp-json\/wp\/v2\/pages\/98\/revisions"}],"predecessor-version":[{"id":178,"href":"https:\/\/inter-edu.co.jp\/vn\/wp-json\/wp\/v2\/pages\/98\/revisions\/178"}],"up":[{"embeddable":true,"href":"https:\/\/inter-edu.co.jp\/vn\/wp-json\/wp\/v2\/pages\/91"}],"wp:featuredmedia":[{"embeddable":true,"href":"https:\/\/inter-edu.co.jp\/vn\/wp-json\/wp\/v2\/media\/116"}],"wp:attachment":[{"href":"https:\/\/inter-edu.co.jp\/vn\/wp-json\/wp\/v2\/media?parent=98"}],"wp:term":[{"taxonomy":"post_tag","embeddable":true,"href":"https:\/\/inter-edu.co.jp\/vn\/wp-json\/wp\/v2\/tags?post=98"}],"curies":[{"name":"wp","href":"https:\/\/api.w.org\/{rel}","templated":true}]}}